{"id":8111,"date":"2021-05-13T16:54:32","date_gmt":"2021-05-13T16:54:32","guid":{"rendered":"http:\/\/139.59.140.230\/index.php\/services\/"},"modified":"2022-10-26T09:28:45","modified_gmt":"2022-10-26T09:28:45","slug":"services","status":"publish","type":"page","link":"https:\/\/papslogistics.com\/en\/services\/","title":{"rendered":"Services"},"content":{"rendered":"<div data-elementor-type=\"wp-page\" data-elementor-id=\"8111\" class=\"elementor elementor-8111\">\n\t\t\t\t\t\t<section class=\"elementor-section elementor-top-section elementor-element elementor-element-278c25c elementor-section-boxed elementor-section-height-default elementor-section-height-default\" data-id=\"278c25c\" data-element_type=\"section\" data-settings=\"{&quot;background_background&quot;:&quot;gradient&quot;}\">\n\t\t\t\t\t\t<div class=\"elementor-container elementor-column-gap-default\">\n\t\t\t\t\t<div class=\"elementor-column elementor-col-33 elementor-top-column elementor-element elementor-element-ce6e7aa\" data-id=\"ce6e7aa\" data-element_type=\"column\">\n\t\t\t<div class=\"elementor-widget-wrap\">\n\t\t\t\t\t\t\t<\/div>\n\t\t<\/div>\n\t\t\t\t<div class=\"elementor-column elementor-col-33 elementor-top-column elementor-element elementor-element-89b98db\" data-id=\"89b98db\" data-element_type=\"column\">\n\t\t\t<div class=\"elementor-widget-wrap\">\n\t\t\t\t\t\t\t<\/div>\n\t\t<\/div>\n\t\t\t\t<div class=\"elementor-column elementor-col-33 elementor-top-column elementor-element elementor-element-47ee892\" data-id=\"47ee892\" data-element_type=\"column\">\n\t\t\t<div class=\"elementor-widget-wrap\">\n\t\t\t\t\t\t\t<\/div>\n\t\t<\/div>\n\t\t\t\t\t<\/div>\n\t\t<\/section>\n\t\t\t\t<section class=\"elementor-section elementor-top-section elementor-element elementor-element-3baf006 elementor-section-boxed elementor-section-height-default elementor-section-height-default\" data-id=\"3baf006\" data-element_type=\"section\" data-settings=\"{&quot;background_background&quot;:&quot;classic&quot;}\">\n\t\t\t\t\t\t<div class=\"elementor-container elementor-column-gap-default\">\n\t\t\t\t\t<div class=\"elementor-column elementor-col-100 elementor-top-column elementor-element elementor-element-a41e476\" data-id=\"a41e476\" data-element_type=\"column\">\n\t\t\t<div class=\"elementor-widget-wrap elementor-element-populated\">\n\t\t\t\t\t\t<section class=\"elementor-section elementor-inner-section elementor-element elementor-element-6b35292 elementor-section-boxed elementor-section-height-default elementor-section-height-default\" data-id=\"6b35292\" data-element_type=\"section\">\n\t\t\t\t\t\t<div class=\"elementor-container elementor-column-gap-default\">\n\t\t\t\t\t<div class=\"elementor-column elementor-col-33 elementor-inner-column elementor-element elementor-element-2305f69\" data-id=\"2305f69\" data-element_type=\"column\">\n\t\t\t<div class=\"elementor-widget-wrap\">\n\t\t\t\t\t\t\t<\/div>\n\t\t<\/div>\n\t\t\t\t<div class=\"elementor-column elementor-col-33 elementor-inner-column elementor-element elementor-element-13719c0\" data-id=\"13719c0\" data-element_type=\"column\">\n\t\t\t<div class=\"elementor-widget-wrap\">\n\t\t\t\t\t\t\t<\/div>\n\t\t<\/div>\n\t\t\t\t<div class=\"elementor-column elementor-col-33 elementor-inner-column elementor-element elementor-element-4ae032e\" data-id=\"4ae032e\" data-element_type=\"column\">\n\t\t\t<div class=\"elementor-widget-wrap\">\n\t\t\t\t\t\t\t<\/div>\n\t\t<\/div>\n\t\t\t\t\t<\/div>\n\t\t<\/section>\n\t\t\t\t<section class=\"elementor-section elementor-inner-section elementor-element elementor-element-d142974 elementor-section-boxed elementor-section-height-default elementor-section-height-default\" data-id=\"d142974\" data-element_type=\"section\">\n\t\t\t\t\t\t<div class=\"elementor-container elementor-column-gap-default\">\n\t\t\t\t\t<div class=\"elementor-column elementor-col-33 elementor-inner-column elementor-element elementor-element-8fc7f78\" data-id=\"8fc7f78\" data-element_type=\"column\">\n\t\t\t<div class=\"elementor-widget-wrap\">\n\t\t\t\t\t\t\t<\/div>\n\t\t<\/div>\n\t\t\t\t<div class=\"elementor-column elementor-col-33 elementor-inner-column elementor-element elementor-element-8fe9be7\" data-id=\"8fe9be7\" data-element_type=\"column\">\n\t\t\t<div class=\"elementor-widget-wrap\">\n\t\t\t\t\t\t\t<\/div>\n\t\t<\/div>\n\t\t\t\t<div class=\"elementor-column elementor-col-33 elementor-inner-column elementor-element elementor-element-fe428e1\" data-id=\"fe428e1\" data-element_type=\"column\">\n\t\t\t<div class=\"elementor-widget-wrap\">\n\t\t\t\t\t\t\t<\/div>\n\t\t<\/div>\n\t\t\t\t\t<\/div>\n\t\t<\/section>\n\t\t\t\t\t<\/div>\n\t\t<\/div>\n\t\t\t\t\t<\/div>\n\t\t<\/section>\n\t\t\t\t<\/div>","protected":false},"excerpt":{"rendered":"<p>Une exp\u00e9rience de logistique unique Avec Paps, concentrez vous sur votre coeur de m\u00e9tier et optimisez vos co\u00fbts de livraison. Une solution de bout en bout Gr\u00e2ce \u00e0 nos services, concentrez-vous sur le d\u00e9veloppement de votre activit\u00e9 et confiez-nous toute votre cha\u00eene logistique. Messagerie Un service id\u00e9alement con\u00e7u pour chaque entreprise, pour leur permettre d\u2019acheminer [&hellip;]<\/p>","protected":false},"author":1,"featured_media":8082,"parent":0,"menu_order":0,"comment_status":"closed","ping_status":"closed","template":"","meta":{"footnotes":""},"class_list":["post-8111","page","type-page","status-publish","has-post-thumbnail","hentry","grve-entry-item"],"yoast_head":"<!-- This site is optimized with the Yoast SEO plugin v25.6 - https:\/\/yoast.com\/wordpress\/plugins\/seo\/ -->\n<title>Services - Paps Logistique<\/title>\n<meta name=\"robots\" content=\"index, follow, max-snippet:-1, max-image-preview:large, max-video-preview:-1\" \/>\n<link rel=\"canonical\" href=\"https:\/\/papslogistics.com\/en\/services\/\" \/>\n<meta property=\"og:locale\" content=\"en_GB\" \/>\n<meta property=\"og:type\" content=\"article\" \/>\n<meta property=\"og:title\" content=\"Services - Paps Logistique\" \/>\n<meta property=\"og:description\" content=\"Une exp\u00e9rience de logistique unique Avec Paps, concentrez vous sur votre coeur de m\u00e9tier et optimisez vos co\u00fbts de livraison. Une solution de bout en bout Gr\u00e2ce \u00e0 nos services, concentrez-vous sur le d\u00e9veloppement de votre activit\u00e9 et confiez-nous toute votre cha\u00eene logistique. Messagerie Un service id\u00e9alement con\u00e7u pour chaque entreprise, pour leur permettre d\u2019acheminer [&hellip;]\" \/>\n<meta property=\"og:url\" content=\"https:\/\/papslogistics.com\/en\/services\/\" \/>\n<meta property=\"og:site_name\" content=\"Paps Logistique\" \/>\n<meta property=\"article:modified_time\" content=\"2022-10-26T09:28:45+00:00\" \/>\n<meta property=\"og:image\" content=\"https:\/\/papslogistics.com\/wp-content\/uploads\/impeka-featured-img-5.jpg\" \/>\n\t<meta property=\"og:image:width\" content=\"2560\" \/>\n\t<meta property=\"og:image:height\" content=\"1743\" \/>\n\t<meta property=\"og:image:type\" content=\"image\/jpeg\" \/>\n<meta name=\"twitter:card\" content=\"summary_large_image\" \/>\n<meta name=\"twitter:label1\" content=\"Est. reading time\" \/>\n\t<meta name=\"twitter:data1\" content=\"4 minutes\" \/>\n<script type=\"application\/ld+json\" class=\"yoast-schema-graph\">{\"@context\":\"https:\/\/schema.org\",\"@graph\":[{\"@type\":\"WebPage\",\"@id\":\"https:\/\/papslogistics.com\/services\/\",\"url\":\"https:\/\/papslogistics.com\/services\/\",\"name\":\"Services - Paps Logistique\",\"isPartOf\":{\"@id\":\"https:\/\/papslogistics.com\/#website\"},\"primaryImageOfPage\":{\"@id\":\"https:\/\/papslogistics.com\/services\/#primaryimage\"},\"image\":{\"@id\":\"https:\/\/papslogistics.com\/services\/#primaryimage\"},\"thumbnailUrl\":\"https:\/\/papslogistics.com\/wp-content\/uploads\/impeka-featured-img-5.jpg\",\"datePublished\":\"2021-05-13T16:54:32+00:00\",\"dateModified\":\"2022-10-26T09:28:45+00:00\",\"breadcrumb\":{\"@id\":\"https:\/\/papslogistics.com\/services\/#breadcrumb\"},\"inLanguage\":\"en-GB\",\"potentialAction\":[{\"@type\":\"ReadAction\",\"target\":[\"https:\/\/papslogistics.com\/services\/\"]}]},{\"@type\":\"ImageObject\",\"inLanguage\":\"en-GB\",\"@id\":\"https:\/\/papslogistics.com\/services\/#primaryimage\",\"url\":\"https:\/\/papslogistics.com\/wp-content\/uploads\/impeka-featured-img-5.jpg\",\"contentUrl\":\"https:\/\/papslogistics.com\/wp-content\/uploads\/impeka-featured-img-5.jpg\",\"width\":2560,\"height\":1743,\"caption\":\"Impeka - Premium WordPress Multipurpose theme by Greatives\"},{\"@type\":\"BreadcrumbList\",\"@id\":\"https:\/\/papslogistics.com\/services\/#breadcrumb\",\"itemListElement\":[{\"@type\":\"ListItem\",\"position\":1,\"name\":\"Home\",\"item\":\"https:\/\/papslogistics.com\/\"},{\"@type\":\"ListItem\",\"position\":2,\"name\":\"Services\"}]},{\"@type\":\"WebSite\",\"@id\":\"https:\/\/papslogistics.com\/#website\",\"url\":\"https:\/\/papslogistics.com\/\",\"name\":\"Paps Logistique\",\"description\":\"Une exp\u00e9rience de logistique unique\",\"potentialAction\":[{\"@type\":\"SearchAction\",\"target\":{\"@type\":\"EntryPoint\",\"urlTemplate\":\"https:\/\/papslogistics.com\/?s={search_term_string}\"},\"query-input\":{\"@type\":\"PropertyValueSpecification\",\"valueRequired\":true,\"valueName\":\"search_term_string\"}}],\"inLanguage\":\"en-GB\"}]}<\/script>\n<!-- \/ Yoast SEO plugin. -->","yoast_head_json":{"title":"Services - Paps Logistique","robots":{"index":"index","follow":"follow","max-snippet":"max-snippet:-1","max-image-preview":"max-image-preview:large","max-video-preview":"max-video-preview:-1"},"canonical":"https:\/\/papslogistics.com\/en\/services\/","og_locale":"en_GB","og_type":"article","og_title":"Services - Paps Logistique","og_description":"Une exp\u00e9rience de logistique unique Avec Paps, concentrez vous sur votre coeur de m\u00e9tier et optimisez vos co\u00fbts de livraison. Une solution de bout en bout Gr\u00e2ce \u00e0 nos services, concentrez-vous sur le d\u00e9veloppement de votre activit\u00e9 et confiez-nous toute votre cha\u00eene logistique. Messagerie Un service id\u00e9alement con\u00e7u pour chaque entreprise, pour leur permettre d\u2019acheminer [&hellip;]","og_url":"https:\/\/papslogistics.com\/en\/services\/","og_site_name":"Paps Logistique","article_modified_time":"2022-10-26T09:28:45+00:00","og_image":[{"width":2560,"height":1743,"url":"https:\/\/papslogistics.com\/wp-content\/uploads\/impeka-featured-img-5.jpg","type":"image\/jpeg"}],"twitter_card":"summary_large_image","twitter_misc":{"Est. reading time":"4 minutes"},"schema":{"@context":"https:\/\/schema.org","@graph":[{"@type":"WebPage","@id":"https:\/\/papslogistics.com\/services\/","url":"https:\/\/papslogistics.com\/services\/","name":"Services - Paps Logistique","isPartOf":{"@id":"https:\/\/papslogistics.com\/#website"},"primaryImageOfPage":{"@id":"https:\/\/papslogistics.com\/services\/#primaryimage"},"image":{"@id":"https:\/\/papslogistics.com\/services\/#primaryimage"},"thumbnailUrl":"https:\/\/papslogistics.com\/wp-content\/uploads\/impeka-featured-img-5.jpg","datePublished":"2021-05-13T16:54:32+00:00","dateModified":"2022-10-26T09:28:45+00:00","breadcrumb":{"@id":"https:\/\/papslogistics.com\/services\/#breadcrumb"},"inLanguage":"en-GB","potentialAction":[{"@type":"ReadAction","target":["https:\/\/papslogistics.com\/services\/"]}]},{"@type":"ImageObject","inLanguage":"en-GB","@id":"https:\/\/papslogistics.com\/services\/#primaryimage","url":"https:\/\/papslogistics.com\/wp-content\/uploads\/impeka-featured-img-5.jpg","contentUrl":"https:\/\/papslogistics.com\/wp-content\/uploads\/impeka-featured-img-5.jpg","width":2560,"height":1743,"caption":"Impeka - Premium WordPress Multipurpose theme by Greatives"},{"@type":"BreadcrumbList","@id":"https:\/\/papslogistics.com\/services\/#breadcrumb","itemListElement":[{"@type":"ListItem","position":1,"name":"Home","item":"https:\/\/papslogistics.com\/"},{"@type":"ListItem","position":2,"name":"Services"}]},{"@type":"WebSite","@id":"https:\/\/papslogistics.com\/#website","url":"https:\/\/papslogistics.com\/","name":"Paps Logistique","description":"An unparalleled logistic experience","potentialAction":[{"@type":"SearchAction","target":{"@type":"EntryPoint","urlTemplate":"https:\/\/papslogistics.com\/?s={search_term_string}"},"query-input":{"@type":"PropertyValueSpecification","valueRequired":true,"valueName":"search_term_string"}}],"inLanguage":"en-GB"}]}},"_links":{"self":[{"href":"https:\/\/papslogistics.com\/en\/wp-json\/wp\/v2\/pages\/8111","targetHints":{"allow":["GET"]}}],"collection":[{"href":"https:\/\/papslogistics.com\/en\/wp-json\/wp\/v2\/pages"}],"about":[{"href":"https:\/\/papslogistics.com\/en\/wp-json\/wp\/v2\/types\/page"}],"author":[{"embeddable":true,"href":"https:\/\/papslogistics.com\/en\/wp-json\/wp\/v2\/users\/1"}],"replies":[{"embeddable":true,"href":"https:\/\/papslogistics.com\/en\/wp-json\/wp\/v2\/comments?post=8111"}],"version-history":[{"count":0,"href":"https:\/\/papslogistics.com\/en\/wp-json\/wp\/v2\/pages\/8111\/revisions"}],"wp:featuredmedia":[{"embeddable":true,"href":"https:\/\/papslogistics.com\/en\/wp-json\/wp\/v2\/media\/8082"}],"wp:attachment":[{"href":"https:\/\/papslogistics.com\/en\/wp-json\/wp\/v2\/media?parent=8111"}],"curies":[{"name":"wp","href":"https:\/\/api.w.org\/{rel}","templated":true}]}}