{"id":4941,"date":"2020-08-28T10:11:29","date_gmt":"2020-08-28T10:11:29","guid":{"rendered":"http:\/\/139.59.140.230\/index.php\/contact-i\/"},"modified":"2026-02-18T17:00:42","modified_gmt":"2026-02-18T17:00:42","slug":"contact","status":"publish","type":"page","link":"https:\/\/papslogistics.com\/en\/contact\/","title":{"rendered":"Contact"},"content":{"rendered":"<div class=\"grve-section grve-row-section grve-fullwidth-background grve-percentage-height grve-padding-top-4x grve-padding-bottom-1x grve-headings-white grve-with-bg-color\" data-header-color=\"default\" data-height-ratio=\"100\" data-tablet-sm-height-ratio=\"70\" data-mobile-height-ratio=\"50\"  style=\"background-color:#399ebf;color:#ffffff;\"><div class=\"grve-container\"><div class=\"grve-row grve-bookmark grve-columns-gap-default grve-mobile-vertical-gap-30 grve-percentage-content\"><div class=\"grve-column wpb_column grve-bookmark grve-column-1-6  grve-tablet-sm-column-hide grve-mobile-column-hide grve-with-bg-transparent grve-empty-column\"><div class=\"grve-column-wrapper\"><div class=\"grve-column-content\" ><\/div><\/div><\/div><div class=\"grve-column wpb_column grve-bookmark grve-column-5-6  grve-tablet-column-5-6 grve-tablet-sm-column-1 grve-vertical-position-middle grve-with-bg-transparent\"  style=\"color:#ffffff;\"><div class=\"grve-column-wrapper\"><div class=\"grve-column-content\" ><h3 class=\"grve-element grve-animated-text grve-animated-item grve-align-inherit grve-page-title grve-style-1\" data-style=\"style-1\" data-delay=\"0\" data-duration=\"fast\"><span class=\"grve-animated-entry\"><span class=\"grve-line\">Contact Us<\/span><\/span><\/h3><div class=\"grve-element grve-text grve-page-description\">\r\n\t\t\t<p>Need some help? Leave us a message!<\/p>\n\r\n\t\t<\/div>\r\n\t<div class=\"grve-inner-section grve-with-bg-transparent\"><div class=\"grve-row-inner grve-bookmark grve-columns-gap-default grve-mobile-vertical-gap-30\"><div class=\"grve-column-inner wpb_column grve-column-7-12  grve-tablet-column-2-3 grve-tablet-sm-column-2-3 grve-with-bg-transparent\"  style=\"color:#ffffff;\"><div class=\"grve-column-wrapper-inner\"><div class=\"grve-column-inner-content\" ><div class=\"grve-empty-space grve-height-1x\"><\/div><div data-animation=\"fade-in-up\" data-delay=\"500\" data-duration=\"normal\" class=\"grve-element grve-align-inherit grve-animated-item\"><a href=\"#form\" class=\"grve-btn-text grve-btn-only-text grve-text-white grve-text-hover-white grve-btn-medium grve-with-svg-icon-arrow-2\">\r\n\t\t<div class=\"grve-btn-inner\">\r\n\t\t<span>Fill out the form below<\/span>\r\n\t\t\t\t\t\t\t<div class=\"grve-btn-svg-icon\">\r\n\t\t\t\t\t\t\t<svg width=\"40px\" height=\"16px\" viewbox=\"0 0 40 16\">\r\n\t\t\t\t\t<polygon class=\"grve-arrow-line\" points=\"0 7 38 7 38 9 0 9\"><\/polygon>\r\n\t\t\t\t\t<polygon class=\"grve-arrow-point\" points=\"31.3481912 0 40 8 31.3481912 16 30 14.5816219 37.1 8 30 1.41837809\"><\/polygon>\r\n\t\t\t\t<\/svg>\r\n\t\t\t\t\t\t\t\t<\/div>\r\n\t\t\t\t\t<\/div>\r\n\t<\/a><\/div><div class=\"grve-empty-space grve-height-2x\"><\/div><\/div><\/div><\/div><div class=\"grve-column-inner wpb_column grve-column-5-12  grve-tablet-column-1-3 grve-tablet-sm-column-1-3 grve-with-bg-transparent grve-empty-column\"><div class=\"grve-column-wrapper-inner\"><div class=\"grve-column-inner-content\" ><\/div><\/div><\/div><\/div><\/div><\/div><\/div><\/div><\/div><\/div><\/div><div class=\"grve-section grve-row-section grve-fullwidth grve-with-bg-transparent\" data-header-color=\"default\"><div class=\"grve-container\"><div class=\"grve-row grve-bookmark grve-columns-gap-default grve-mobile-vertical-gap-30\"><div class=\"grve-column wpb_column grve-bookmark grve-column-1 grve-wpb-1661897471796 grve-horizontal-position-center grve-with-bg-transparent\"><div class=\"grve-column-wrapper\"><div class=\"grve-column-content\"  style=\"max-width: 1920px;\"><div class=\"grve-inner-section grve-with-bg-transparent\"><div class=\"grve-row-inner grve-bookmark grve-columns-gap-default grve-mobile-vertical-gap-30\"><div class=\"grve-column-inner wpb_column grve-column-1-12  grve-tablet-sm-column-1-12 grve-with-bg-transparent grve-empty-column\"><div class=\"grve-column-wrapper-inner\"><div class=\"grve-column-inner-content\" ><\/div><\/div><\/div><div class=\"grve-column-inner wpb_column grve-column-5-6 grve-wpb-1666295190889 grve-tablet-sm-column-11-12 grve-with-bg-transparent\"><div class=\"grve-column-wrapper-inner\"><div class=\"grve-column-inner-content\" ><div class=\"grve-map-wrapper\"><div class=\"grve-element grve-map\" style=\"height: 600px;\" data-lat=\"14.499454\" data-lng=\"-14.445561499999997\" data-zoom=\"10\" data-disable-style=\"no\"><\/div><div style=\"display:none\" class=\"grve-map-point\" data-point-marker=\"\/\/papslogistics.com\/wp-content\/themes\/impeka\/images\/markers\/transparent.png\" data-point-lat=\"14.499454\" data-point-lng=\"-14.445561499999997\" data-point-title=\"S\u00e9n\u00e9gal\" data-point-type=\"pulse-dot\" data-point-open=\"no\" data-point-bg-color=\"primary-5\"><div class=\"grve-map-infotext\"><h6 class=\"grve-infotext-title\">Senegal<\/h6><p class=\"grve-infotext-description\">Cit\u00e9 Keur Gorgui<br>\nDakar<\/p><\/div><\/div><div style=\"display:none\" class=\"grve-map-point\" data-point-marker=\"\/\/papslogistics.com\/wp-content\/themes\/impeka\/images\/markers\/transparent.png\" data-point-lat=\"7.5468545\" data-point-lng=\"-5.547099500000002\" data-point-title=\"C\u00f4te d&#039;Ivoire\" data-point-type=\"pulse-dot\" data-point-open=\"no\" data-point-bg-color=\"primary-5\"><div class=\"grve-map-infotext\"><h6 class=\"grve-infotext-title\">C\u00f4te d&#039;Ivoire<\/h6><p class=\"grve-infotext-description\">Cocody 2 Plateaux Vallon<br>\nAbidjan<\/p><\/div><\/div><div style=\"display:none\" class=\"grve-map-point\" data-point-marker=\"\/\/papslogistics.com\/wp-content\/themes\/impeka\/images\/markers\/transparent.png\" data-point-lat=\"9.3220475\" data-point-lng=\"2.313137999999981\" data-point-title=\"B\u00e9nin\" data-point-type=\"pulse-dot\" data-point-open=\"no\" data-point-bg-color=\"primary-5\"><div class=\"grve-map-infotext\"><h6 class=\"grve-infotext-title\">Benin Republic<\/h6><p class=\"grve-infotext-description\"><br><\/p><\/div><\/div><div style=\"display:none\" class=\"grve-map-point\" data-point-marker=\"\/\/papslogistics.com\/wp-content\/themes\/impeka\/images\/markers\/transparent.png\" data-point-lat=\"48.878197\" data-point-lng=\"2.2988804\" data-point-title=\"France\" data-point-type=\"pulse-dot\" data-point-open=\"no\" data-point-bg-color=\"primary-5\"><div class=\"grve-map-infotext\"><h6 class=\"grve-infotext-title\">France<\/h6><p class=\"grve-infotext-description\">47 Boulevard de Courcelles, 75008 Paris<\/p><\/div><\/div><\/div><\/div><\/div><\/div><div class=\"grve-column-inner wpb_column grve-column-1-12  grve-with-bg-transparent grve-empty-column\"><div class=\"grve-column-wrapper-inner\"><div class=\"grve-column-inner-content\" ><\/div><\/div><\/div><\/div><\/div><\/div><\/div><\/div><\/div><\/div><\/div><div class=\"grve-section grve-row-section grve-fullwidth-background grve-padding-bottom-4x grve-with-bg-transparent\" data-header-color=\"light\"  style=\"padding-top: 25%;\"><div class=\"grve-container\"><div class=\"grve-row grve-bookmark grve-columns-gap-default grve-mobile-vertical-gap-30\"><div class=\"grve-column wpb_column grve-bookmark grve-column-1  grve-tablet-column-5-6 grve-tablet-sm-column-1 grve-with-bg-transparent\"><div class=\"grve-column-wrapper\"><div class=\"grve-column-content\" ><div class=\"grve-inner-section grve-with-bg-transparent grve-equal-columns\"><div class=\"grve-row-inner grve-bookmark grve-columns-gap-default grve-mobile-vertical-gap-30\"><div class=\"grve-column-inner wpb_column grve-column-1-4 grve-wpb-1666559336728 grve-with-bg-color grve-animated-item grve-clipping-animation\" data-delay=\"200\" data-duration=\"fast\" data-animation=\"clipping-up\"><div class=\"grve-column-wrapper-inner grve-small-shadow\"  style=\"background-color:#ffffff;\"><div class=\"grve-column-inner-content\" ><h3 class=\"grve-element grve-title grve-align-inherit grve-h5 grve-text-primary-2\" style=\"margin-bottom: 18px;\"><span>Senegal<\/span><\/h3><div class=\"grve-element grve-text vc_custom_1744841995710\">\r\n\t\t\t<div>Sodida Lot N\u00b015, Hlm, Dakar<\/div>\n<div><strong>+221 33 923 23 23<\/strong><\/div>\n\r\n\t\t<\/div>\r\n\t<div class=\"grve-element grve-single-icon grve-align-inherit grve-extra-small\"><div class=\"grve-wrapper-icon grve-circle grve-simple grve-with-shape grve-bg-primary-4 grve-text-white\"><a href=\"#google-map\" title=\"About I\">\t\t\t\t<svg width=\"24px\" height=\"24px\" viewbox=\"0 0 24 24\" stroke-width=\"0\">\r\n\t\t\t\t\t<path d=\"M12,5 C12.5128358,5 12.9355072,5.38604019 12.9932723,5.88337887 L13,6 L13,11 L18,11 C18.5522847,11 19,11.4477153 19,12 C19,12.5128358 18.6139598,12.9355072 18.1166211,12.9932723 L18,13 L13,13 L13,18 C13,18.5522847 12.5522847,19 12,19 C11.4871642,19 11.0644928,18.6139598 11.0067277,18.1166211 L11,18 L11,13 L6,13 C5.44771525,13 5,12.5522847 5,12 C5,11.4871642 5.38604019,11.0644928 5.88337887,11.0067277 L6,11 L11,11 L11,6 C11,5.44771525 11.4477153,5 12,5 Z\"><\/path>\r\n\t\t\t\t<\/svg>\r\n\t\t\t<\/a><\/div><\/div><div class=\"grve-empty-space grve-height-1x\"><\/div><\/div><\/div><\/div><div class=\"grve-column-inner wpb_column grve-column-1-4 grve-wpb-1666559330118 grve-with-bg-color grve-animated-item grve-clipping-animation\" data-delay=\"400\" data-duration=\"fast\" data-animation=\"clipping-up\"><div class=\"grve-column-wrapper-inner grve-small-shadow\"  style=\"background-color:#ffffff;\"><div class=\"grve-column-inner-content\" ><h3 class=\"grve-element grve-title grve-align-inherit grve-h5 grve-text-primary-2\" style=\"margin-bottom: 18px;\"><span>Ivory Coast<\/span><\/h3><div class=\"grve-element grve-text vc_custom_1744842049018\">\r\n\t\t\t<p>Angr\u00e9 9e tranche derri\u00e8re la Cnps, Villa 377, \u00e0 c\u00f4t\u00e9 de la Clinique Am\u00e9ricaine d\u2019Abidjan CAA Cocody, Abidjan<br \/>\n<strong>+225 07 99 50 35 80<\/strong><\/p>\n\r\n\t\t<\/div>\r\n\t<div class=\"grve-element grve-single-icon grve-align-inherit grve-extra-small\"><div class=\"grve-wrapper-icon grve-circle grve-simple grve-with-shape grve-bg-primary-4 grve-text-white\"><a href=\"#google-map\" title=\"About I\">\t\t\t\t<svg width=\"24px\" height=\"24px\" viewbox=\"0 0 24 24\" stroke-width=\"0\">\r\n\t\t\t\t\t<path d=\"M12,5 C12.5128358,5 12.9355072,5.38604019 12.9932723,5.88337887 L13,6 L13,11 L18,11 C18.5522847,11 19,11.4477153 19,12 C19,12.5128358 18.6139598,12.9355072 18.1166211,12.9932723 L18,13 L13,13 L13,18 C13,18.5522847 12.5522847,19 12,19 C11.4871642,19 11.0644928,18.6139598 11.0067277,18.1166211 L11,18 L11,13 L6,13 C5.44771525,13 5,12.5522847 5,12 C5,11.4871642 5.38604019,11.0644928 5.88337887,11.0067277 L6,11 L11,11 L11,6 C11,5.44771525 11.4477153,5 12,5 Z\"><\/path>\r\n\t\t\t\t<\/svg>\r\n\t\t\t<\/a><\/div><\/div><\/div><\/div><\/div><div class=\"grve-column-inner wpb_column grve-column-1-4 grve-wpb-1666559295318 grve-with-bg-color grve-animated-item grve-clipping-animation\" data-delay=\"400\" data-duration=\"fast\" data-animation=\"clipping-up\"><div class=\"grve-column-wrapper-inner grve-small-shadow\"  style=\"background-color:#ffffff;\"><div class=\"grve-column-inner-content\" ><h3 class=\"grve-element grve-title grve-align-inherit grve-h5 grve-text-primary-2\" style=\"margin-bottom: 18px;\"><span>France<\/span><\/h3><div class=\"grve-element grve-text vc_custom_1659613797892\">\r\n\t\t\t<p>47 Boulevard de Courcelles, 75008 Paris<br \/>\n<strong>+33 1 76 46 17 65<\/strong><\/p>\n\r\n\t\t<\/div>\r\n\t<div class=\"grve-element grve-single-icon grve-align-inherit grve-extra-small\"><div class=\"grve-wrapper-icon grve-circle grve-simple grve-with-shape grve-bg-primary-4 grve-text-white\"><a href=\"#google-map\" title=\"About I\">\t\t\t\t<svg width=\"24px\" height=\"24px\" viewbox=\"0 0 24 24\" stroke-width=\"0\">\r\n\t\t\t\t\t<path d=\"M12,5 C12.5128358,5 12.9355072,5.38604019 12.9932723,5.88337887 L13,6 L13,11 L18,11 C18.5522847,11 19,11.4477153 19,12 C19,12.5128358 18.6139598,12.9355072 18.1166211,12.9932723 L18,13 L13,13 L13,18 C13,18.5522847 12.5522847,19 12,19 C11.4871642,19 11.0644928,18.6139598 11.0067277,18.1166211 L11,18 L11,13 L6,13 C5.44771525,13 5,12.5522847 5,12 C5,11.4871642 5.38604019,11.0644928 5.88337887,11.0067277 L6,11 L11,11 L11,6 C11,5.44771525 11.4477153,5 12,5 Z\"><\/path>\r\n\t\t\t\t<\/svg>\r\n\t\t\t<\/a><\/div><\/div><div class=\"grve-empty-space grve-height-1x\"><\/div><\/div><\/div><\/div><div class=\"grve-column-inner wpb_column grve-column-1-4 grve-wpb-1666559380629 grve-with-bg-color grve-animated-item grve-clipping-animation\" data-delay=\"400\" data-duration=\"fast\" data-animation=\"clipping-up\"><div class=\"grve-column-wrapper-inner grve-small-shadow\"  style=\"background-color:#ffffff;\"><div class=\"grve-column-inner-content\" ><h3 class=\"grve-element grve-title grve-align-inherit grve-h5 grve-text-primary-2\" style=\"margin-bottom: 18px;\"><span>Benin Republic<\/span><\/h3><div class=\"grve-element grve-text vc_custom_1744842076940\">\r\n\t\t\t<p>Cotonou, avenue la Marina, ilot 6270, Quatier Ahwanl\u00e8ho, Parcelle A<br \/>\n<strong>+229 01 97 03 49 69<\/strong><\/p>\n\r\n\t\t<\/div>\r\n\t<div class=\"grve-element grve-single-icon grve-align-inherit grve-extra-small\"><div class=\"grve-wrapper-icon grve-circle grve-simple grve-with-shape grve-bg-primary-4 grve-text-white\"><a href=\"#google-map\" title=\"About I\">\t\t\t\t<svg width=\"24px\" height=\"24px\" viewbox=\"0 0 24 24\" stroke-width=\"0\">\r\n\t\t\t\t\t<path d=\"M12,5 C12.5128358,5 12.9355072,5.38604019 12.9932723,5.88337887 L13,6 L13,11 L18,11 C18.5522847,11 19,11.4477153 19,12 C19,12.5128358 18.6139598,12.9355072 18.1166211,12.9932723 L18,13 L13,13 L13,18 C13,18.5522847 12.5522847,19 12,19 C11.4871642,19 11.0644928,18.6139598 11.0067277,18.1166211 L11,18 L11,13 L6,13 C5.44771525,13 5,12.5522847 5,12 C5,11.4871642 5.38604019,11.0644928 5.88337887,11.0067277 L6,11 L11,11 L11,6 C11,5.44771525 11.4477153,5 12,5 Z\"><\/path>\r\n\t\t\t\t<\/svg>\r\n\t\t\t<\/a><\/div><\/div><\/div><\/div><\/div><\/div><\/div><\/div><\/div><\/div><\/div><\/div><\/div><div class=\"grve-section grve-row-section grve-fullwidth-background grve-padding-top-4x grve-padding-bottom-4x grve-with-bg-transparent\" data-header-color=\"default\"><div class=\"grve-container\"><div class=\"grve-row grve-bookmark grve-columns-gap-default grve-mobile-vertical-gap-60\"><div class=\"grve-column wpb_column grve-bookmark grve-column-1  grve-mobile-column-hide grve-with-bg-transparent\"><div class=\"grve-column-wrapper\"><div class=\"grve-column-content\" ><h3 data-animation=\"fade-in-up\" data-delay=\"0\" data-duration=\"normal\" class=\"grve-element grve-title grve-align-center grve-animated-item grve-h2\"><span>Fill out the form<br \/>\nbelow<\/span><\/h3><div class=\"grve-empty-space grve-height-1x\"><\/div><\/div><\/div><\/div><\/div><\/div><\/div><div class=\"grve-section grve-row-section grve-fullwidth-background grve-with-bg-transparent\" data-header-color=\"default\"><div class=\"grve-container\"><div class=\"grve-row grve-bookmark grve-columns-gap-default grve-mobile-vertical-gap-30\"><div class=\"grve-column wpb_column grve-bookmark grve-column-1 grve-wpb-1599555514822 grve-with-bg-transparent\"><div class=\"grve-column-wrapper\"><div class=\"grve-column-content\" ><div class=\"grve-element grve-divider\"><div class=\"grve-vertical-divider grve-align-center grve-height-3x grve-line-anim-top-bottom\" style=\"width: 2px;\"><span class=\"grve-bg-primary-4\"><\/span><\/div><\/div><\/div><\/div><\/div><\/div><\/div><\/div><div class=\"grve-section grve-row-section grve-fullwidth-background grve-padding-top-4x grve-padding-bottom-4x grve-with-bg-color\" id=\"form\" data-header-color=\"default\"  style=\"background-color:#f7f7f7;\"><div class=\"grve-container\"><div class=\"grve-row grve-bookmark grve-columns-gap-default grve-mobile-vertical-gap-30\"><div class=\"grve-column wpb_column grve-bookmark grve-column-1-6  grve-with-bg-transparent grve-empty-column\"><div class=\"grve-column-wrapper\"><div class=\"grve-column-content\" ><\/div><\/div><\/div><div class=\"grve-column wpb_column grve-bookmark grve-column-2-3  grve-with-bg-transparent\"><div class=\"grve-column-wrapper\"><div class=\"grve-column-content\" ><div class=\"grve-empty-space grve-height-2x\"><\/div>\r\n\t<div class=\"wpb_raw_code wpb_content_element wpb_raw_html vc_custom_1771433976181\" >\r\n\t\t<div class=\"wpb_wrapper\">\r\n\t\t\t<!--script charset=\"utf-8\" type=\"text\/javascript\" src=\"\/\/js-eu1.hsforms.net\/forms\/embed\/v2.js\"><\/script>\n<script>\n  hbspt.forms.create({\n    region: \"eu1\",\n    portalId: \"26523294\",\n    formId: \"fdf16066-9283-49c0-9f50-8b217ef3a482\"\n  });\n<\/script-->\n<iframe src=\"https:\/\/docs.google.com\/forms\/d\/e\/1FAIpQLSfEZy1VxTmu7rBodeRE5oS0Kxf7oBdLxRdclNgQjY0Clijh3A\/viewform?embedded=true\" width=\"640\" height=\"1282\" frameborder=\"0\" marginheight=\"0\" marginwidth=\"0\">Chargement\u2026<\/iframe>\r\n\t\t<\/div>\r\n\t<\/div>\r\n<\/div><\/div><\/div><div class=\"grve-column wpb_column grve-bookmark grve-column-1-6  grve-with-bg-transparent grve-empty-column\"><div class=\"grve-column-wrapper\"><div class=\"grve-column-content\" ><\/div><\/div><\/div><\/div><\/div><\/div>","protected":false},"excerpt":{"rendered":"<p>We don\u2019t believe in compromise. You, your brand and your users deserve the very best, and that\u2019s why we pour our love, dedication and expertise into<br \/>\nevery one of our prized WordPress themes. <\/p>","protected":false},"author":1,"featured_media":6435,"parent":0,"menu_order":0,"comment_status":"closed","ping_status":"closed","template":"","meta":{"footnotes":""},"class_list":["post-4941","page","type-page","status-publish","has-post-thumbnail","hentry","grve-entry-item"],"yoast_head":"<!-- This site is optimized with the Yoast SEO plugin v25.6 - https:\/\/yoast.com\/wordpress\/plugins\/seo\/ -->\n<title>Contact - Paps Logistique<\/title>\n<meta name=\"robots\" content=\"index, follow, max-snippet:-1, max-image-preview:large, max-video-preview:-1\" \/>\n<link rel=\"canonical\" href=\"https:\/\/papslogistics.com\/en\/contact\/\" \/>\n<meta property=\"og:locale\" content=\"en_GB\" \/>\n<meta property=\"og:type\" content=\"article\" \/>\n<meta property=\"og:title\" content=\"Contact - Paps Logistique\" \/>\n<meta property=\"og:description\" content=\"We don\u2019t believe in compromise. You, your brand and your users deserve the very best, and that\u2019s why we pour our love, dedication and expertise into every one of our prized WordPress themes.\" \/>\n<meta property=\"og:url\" content=\"https:\/\/papslogistics.com\/en\/contact\/\" \/>\n<meta property=\"og:site_name\" content=\"Paps Logistique\" \/>\n<meta property=\"article:modified_time\" content=\"2026-02-18T17:00:42+00:00\" \/>\n<meta property=\"og:image\" content=\"https:\/\/papslogistics.com\/wp-content\/uploads\/impeka-featured-img-3.jpg\" \/>\n\t<meta property=\"og:image:width\" content=\"2560\" \/>\n\t<meta property=\"og:image:height\" content=\"1743\" \/>\n\t<meta property=\"og:image:type\" content=\"image\/jpeg\" \/>\n<meta name=\"twitter:card\" content=\"summary_large_image\" \/>\n<meta name=\"twitter:label1\" content=\"Est. reading time\" \/>\n\t<meta name=\"twitter:data1\" content=\"2 minutes\" \/>\n<script type=\"application\/ld+json\" class=\"yoast-schema-graph\">{\"@context\":\"https:\/\/schema.org\",\"@graph\":[{\"@type\":\"WebPage\",\"@id\":\"https:\/\/papslogistics.com\/contact\/\",\"url\":\"https:\/\/papslogistics.com\/contact\/\",\"name\":\"Contact - Paps Logistique\",\"isPartOf\":{\"@id\":\"https:\/\/papslogistics.com\/#website\"},\"primaryImageOfPage\":{\"@id\":\"https:\/\/papslogistics.com\/contact\/#primaryimage\"},\"image\":{\"@id\":\"https:\/\/papslogistics.com\/contact\/#primaryimage\"},\"thumbnailUrl\":\"https:\/\/papslogistics.com\/wp-content\/uploads\/impeka-featured-img-3.jpg\",\"datePublished\":\"2020-08-28T10:11:29+00:00\",\"dateModified\":\"2026-02-18T17:00:42+00:00\",\"breadcrumb\":{\"@id\":\"https:\/\/papslogistics.com\/contact\/#breadcrumb\"},\"inLanguage\":\"en-GB\",\"potentialAction\":[{\"@type\":\"ReadAction\",\"target\":[\"https:\/\/papslogistics.com\/contact\/\"]}]},{\"@type\":\"ImageObject\",\"inLanguage\":\"en-GB\",\"@id\":\"https:\/\/papslogistics.com\/contact\/#primaryimage\",\"url\":\"https:\/\/papslogistics.com\/wp-content\/uploads\/impeka-featured-img-3.jpg\",\"contentUrl\":\"https:\/\/papslogistics.com\/wp-content\/uploads\/impeka-featured-img-3.jpg\",\"width\":2560,\"height\":1743,\"caption\":\"Impeka - Premium WordPress Multipurpose theme by Greatives\"},{\"@type\":\"BreadcrumbList\",\"@id\":\"https:\/\/papslogistics.com\/contact\/#breadcrumb\",\"itemListElement\":[{\"@type\":\"ListItem\",\"position\":1,\"name\":\"Home\",\"item\":\"https:\/\/papslogistics.com\/\"},{\"@type\":\"ListItem\",\"position\":2,\"name\":\"Contact\"}]},{\"@type\":\"WebSite\",\"@id\":\"https:\/\/papslogistics.com\/#website\",\"url\":\"https:\/\/papslogistics.com\/\",\"name\":\"Paps Logistique\",\"description\":\"Une exp\u00e9rience de logistique unique\",\"potentialAction\":[{\"@type\":\"SearchAction\",\"target\":{\"@type\":\"EntryPoint\",\"urlTemplate\":\"https:\/\/papslogistics.com\/?s={search_term_string}\"},\"query-input\":{\"@type\":\"PropertyValueSpecification\",\"valueRequired\":true,\"valueName\":\"search_term_string\"}}],\"inLanguage\":\"en-GB\"}]}<\/script>\n<!-- \/ Yoast SEO plugin. -->","yoast_head_json":{"title":"Contact - Paps Logistique","robots":{"index":"index","follow":"follow","max-snippet":"max-snippet:-1","max-image-preview":"max-image-preview:large","max-video-preview":"max-video-preview:-1"},"canonical":"https:\/\/papslogistics.com\/en\/contact\/","og_locale":"en_GB","og_type":"article","og_title":"Contact - Paps Logistique","og_description":"We don\u2019t believe in compromise. You, your brand and your users deserve the very best, and that\u2019s why we pour our love, dedication and expertise into every one of our prized WordPress themes.","og_url":"https:\/\/papslogistics.com\/en\/contact\/","og_site_name":"Paps Logistique","article_modified_time":"2026-02-18T17:00:42+00:00","og_image":[{"width":2560,"height":1743,"url":"https:\/\/papslogistics.com\/wp-content\/uploads\/impeka-featured-img-3.jpg","type":"image\/jpeg"}],"twitter_card":"summary_large_image","twitter_misc":{"Est. reading time":"2 minutes"},"schema":{"@context":"https:\/\/schema.org","@graph":[{"@type":"WebPage","@id":"https:\/\/papslogistics.com\/contact\/","url":"https:\/\/papslogistics.com\/contact\/","name":"Contact - Paps Logistique","isPartOf":{"@id":"https:\/\/papslogistics.com\/#website"},"primaryImageOfPage":{"@id":"https:\/\/papslogistics.com\/contact\/#primaryimage"},"image":{"@id":"https:\/\/papslogistics.com\/contact\/#primaryimage"},"thumbnailUrl":"https:\/\/papslogistics.com\/wp-content\/uploads\/impeka-featured-img-3.jpg","datePublished":"2020-08-28T10:11:29+00:00","dateModified":"2026-02-18T17:00:42+00:00","breadcrumb":{"@id":"https:\/\/papslogistics.com\/contact\/#breadcrumb"},"inLanguage":"en-GB","potentialAction":[{"@type":"ReadAction","target":["https:\/\/papslogistics.com\/contact\/"]}]},{"@type":"ImageObject","inLanguage":"en-GB","@id":"https:\/\/papslogistics.com\/contact\/#primaryimage","url":"https:\/\/papslogistics.com\/wp-content\/uploads\/impeka-featured-img-3.jpg","contentUrl":"https:\/\/papslogistics.com\/wp-content\/uploads\/impeka-featured-img-3.jpg","width":2560,"height":1743,"caption":"Impeka - Premium WordPress Multipurpose theme by Greatives"},{"@type":"BreadcrumbList","@id":"https:\/\/papslogistics.com\/contact\/#breadcrumb","itemListElement":[{"@type":"ListItem","position":1,"name":"Home","item":"https:\/\/papslogistics.com\/"},{"@type":"ListItem","position":2,"name":"Contact"}]},{"@type":"WebSite","@id":"https:\/\/papslogistics.com\/#website","url":"https:\/\/papslogistics.com\/","name":"Paps Logistique","description":"An unparalleled logistic experience","potentialAction":[{"@type":"SearchAction","target":{"@type":"EntryPoint","urlTemplate":"https:\/\/papslogistics.com\/?s={search_term_string}"},"query-input":{"@type":"PropertyValueSpecification","valueRequired":true,"valueName":"search_term_string"}}],"inLanguage":"en-GB"}]}},"_links":{"self":[{"href":"https:\/\/papslogistics.com\/en\/wp-json\/wp\/v2\/pages\/4941","targetHints":{"allow":["GET"]}}],"collection":[{"href":"https:\/\/papslogistics.com\/en\/wp-json\/wp\/v2\/pages"}],"about":[{"href":"https:\/\/papslogistics.com\/en\/wp-json\/wp\/v2\/types\/page"}],"author":[{"embeddable":true,"href":"https:\/\/papslogistics.com\/en\/wp-json\/wp\/v2\/users\/1"}],"replies":[{"embeddable":true,"href":"https:\/\/papslogistics.com\/en\/wp-json\/wp\/v2\/comments?post=4941"}],"version-history":[{"count":0,"href":"https:\/\/papslogistics.com\/en\/wp-json\/wp\/v2\/pages\/4941\/revisions"}],"wp:featuredmedia":[{"embeddable":true,"href":"https:\/\/papslogistics.com\/en\/wp-json\/wp\/v2\/media\/6435"}],"wp:attachment":[{"href":"https:\/\/papslogistics.com\/en\/wp-json\/wp\/v2\/media?parent=4941"}],"curies":[{"name":"wp","href":"https:\/\/api.w.org\/{rel}","templated":true}]}}