{"id":17540,"date":"2025-02-27T01:00:00","date_gmt":"2025-02-27T01:00:00","guid":{"rendered":"https:\/\/papslogistics.com\/?page_id=17540"},"modified":"2025-12-04T11:52:45","modified_gmt":"2025-12-04T11:52:45","slug":"client-review","status":"publish","type":"page","link":"https:\/\/papslogistics.com\/en\/client-review\/","title":{"rendered":"Client Review"},"content":{"rendered":"<div class=\"grve-section grve-row-section grve-fullwidth grve-padding-top-1x grve-with-bg-transparent grve-mobile-row-hide\" data-header-color=\"default\"><div class=\"grve-container\"><div class=\"grve-row grve-bookmark grve-columns-gap-default grve-mobile-vertical-gap-30\"><div class=\"grve-column wpb_column grve-bookmark grve-column-1-2  grve-vertical-position-middle grve-with-bg-transparent\"><div class=\"grve-column-wrapper\"><div class=\"grve-column-content\" ><div class=\"grve-element grve-slider grve-layout-1 grve-image-auto-width\">\r\n\t<div class=\"grve-carousel-wrapper\">\r\n\t\t\t<div class=\"grve-carousel-navigation grve-navigation-arrow-1\">\r\n\t\t<div class=\"grve-carousel-buttons\">\r\n\t\t\t<div class=\"grve-carousel-prev\"><div class=\"grve-svg-icon grve-direction-left grve-arrow-1 grve-svg-black grve-with-shape grve-circle grve-bg-white\">\t\t\t<svg width=\"12px\" height=\"12px\" viewbox=\"0 0 12 12\">\r\n\t\t\t\t<polygon points=\"3.6 0 10 6 3.6 12 2 10.5 6.8 6 2 1.5\"><\/polygon>\r\n\t\t\t<\/svg>\r\n\t\t\t<\/div><\/div>\r\n\t\t\t<div class=\"grve-carousel-next\"><div class=\"grve-svg-icon grve-direction-right grve-arrow-1 grve-svg-black grve-with-shape grve-circle grve-bg-white\">\t\t\t<svg width=\"12px\" height=\"12px\" viewbox=\"0 0 12 12\">\r\n\t\t\t\t<polygon points=\"3.6 0 10 6 3.6 12 2 10.5 6.8 6 2 1.5\"><\/polygon>\r\n\t\t\t<\/svg>\r\n\t\t\t<\/div><\/div>\r\n\t\t<\/div>\r\n\t<\/div>\r\n\t\t<div data-slider-autoplay=\"yes\" data-slider-loop=\"yes\" data-slider-speed=\"6000\" data-slider-pause=\"no\" data-slider-transition=\"slide\" data-slider-autoheight=\"\" data-pagination=\"no\" data-pagination-speed=\"400\" class=\"grve-slider-element\">\r\n\t\t\t<div class=\"grve-slider-item\">\r\n\t\t\t\t\r\n\r\n<div class=\"grve-image-wrapper grve-radius-5 grve-shadow- grve-no-effect\">\r\n\t\t<div class=\"grve-thumbnail-wrapper\"  style=\"width: 1010px;\"><div class=\"grve-thumbnail\"  style=\"padding-top: 106.931%;\"><img fetchpriority=\"high\" decoding=\"async\" width=\"1010\" height=\"1080\" src=\"https:\/\/papslogistics.com\/wp-content\/uploads\/Review-1.png\" class=\"attachment-impeka-grve-fullscreen size-impeka-grve-fullscreen grve-lazy-load lazyload\" alt=\"\" data-lazyload=\"\" data-grve-filter=\"yes\" srcset=\"https:\/\/papslogistics.com\/wp-content\/themes\/impeka\/images\/empty\/empty.png\" data-src=\"https:\/\/papslogistics.com\/wp-content\/uploads\/Review-1.png\" data-sizes=\"auto\" data-srcset=\"https:\/\/papslogistics.com\/wp-content\/uploads\/Review-1.png 1010w, https:\/\/papslogistics.com\/wp-content\/uploads\/Review-1-281x300.png 281w, https:\/\/papslogistics.com\/wp-content\/uploads\/Review-1-958x1024.png 958w, https:\/\/papslogistics.com\/wp-content\/uploads\/Review-1-768x821.png 768w, https:\/\/papslogistics.com\/wp-content\/uploads\/Review-1-11x12.png 11w\" data-expand=\"1\" \/><\/div><\/div>\t<\/div>\r\n\t\t\t<\/div>\r\n\t\t\t<div class=\"grve-slider-item\">\r\n\t\t\t\t\r\n\r\n<div class=\"grve-image-wrapper grve-radius-5 grve-shadow- grve-no-effect\">\r\n\t\t<div class=\"grve-thumbnail-wrapper\"  style=\"width: 1010px;\"><div class=\"grve-thumbnail\"  style=\"padding-top: 106.931%;\"><img decoding=\"async\" width=\"1010\" height=\"1080\" src=\"https:\/\/papslogistics.com\/wp-content\/uploads\/Review-2.png\" class=\"attachment-impeka-grve-fullscreen size-impeka-grve-fullscreen grve-lazy-load lazyload\" alt=\"\" data-lazyload=\"\" data-grve-filter=\"yes\" srcset=\"https:\/\/papslogistics.com\/wp-content\/themes\/impeka\/images\/empty\/empty.png\" data-src=\"https:\/\/papslogistics.com\/wp-content\/uploads\/Review-2.png\" data-sizes=\"auto\" data-srcset=\"https:\/\/papslogistics.com\/wp-content\/uploads\/Review-2.png 1010w, https:\/\/papslogistics.com\/wp-content\/uploads\/Review-2-281x300.png 281w, https:\/\/papslogistics.com\/wp-content\/uploads\/Review-2-958x1024.png 958w, https:\/\/papslogistics.com\/wp-content\/uploads\/Review-2-768x821.png 768w, https:\/\/papslogistics.com\/wp-content\/uploads\/Review-2-11x12.png 11w\" data-expand=\"1\" \/><\/div><\/div>\t<\/div>\r\n\t\t\t<\/div>\r\n\t\t<\/div>\r\n\t<\/div>\r\n<\/div>\r\n<\/div><\/div><\/div><div class=\"grve-column wpb_column grve-bookmark grve-column-1-2 grve-wpb-1740622495842 grve-with-bg-transparent\"><div class=\"grve-column-wrapper\"><div class=\"grve-column-content\" ><div class=\"grve-empty-space grve-height-2x\"><\/div><h3 class=\"grve-element grve-title grve-align-center grve-h2 grve-text-black\"><span><span style=\"font-size: 40px; line-height: 55px;\">\u00c9valuez votre <span style=\"color: #399ebf;\">Livraison<\/span><\/span><\/span><\/h3><div class=\"grve-inner-section grve-with-bg-transparent\"><div class=\"grve-row-inner grve-bookmark grve-columns-gap-default grve-mobile-vertical-gap-30\"><div class=\"grve-column-inner wpb_column grve-column-1  grve-with-bg-transparent\"><div class=\"grve-column-wrapper-inner\"><div class=\"grve-column-inner-content\" >\r\n\t<div class=\"wpb_raw_code wpb_raw_js\" >\r\n\t\t<div class=\"wpb_wrapper\">\r\n\t\t\t<!DOCTYPE html>\n<html lang=\"fr\">\n\n<head>\n    <meta charset=\"UTF-8\">\n    <meta name=\"viewport\" content=\"width=device-width, initial-scale=1.0\">\n    <title>Avis sur la Livraison<\/title>\n    <link href=\"https:\/\/cdn.jsdelivr.net\/npm\/bootstrap@5.3.0\/dist\/css\/bootstrap.min.css\" rel=\"stylesheet\">\n    <style>\n        @import url('https:\/\/fonts.googleapis.com\/css2?family=Jost:wght@400;500;600;700&family=Open+Sans:ital,wght@0,300..800;1,300..800&family=Ubuntu:ital,wght@0,300;0,400;0,500;0,700;1,300;1,400;1,500;1,700&display=swap');\n\n        body {\n            font-family: \"Ubuntu\", serif;\n        }\na{\n            text-decoration: none;\n        }\n\n        .rating-section,\n        .feedback-section {\n            margin: 20px 0;\n            padding: 0 60px;\n        }\n\n        .rating-section h3 {\n            font-size: 18px;\n            color: #252E59;\n            text-align: left;\n        }\n\n        .btn {\n            padding: 10px 30px;\n            margin: 5px;\n            border: none;\n            cursor: pointer;\n            font-size: 16px;\n            border-radius: 50px;\n        }\n\n        .btn:hover {\n            border: 1px solid #399EBF;\n        }\n\n        .btn-bad {\n            border: 1px solid #757A93;\n            color: #252E59;\n        }\n\n        .btn-selected {\n            border: 1px solid #399EBF;\n            background-color: rgba(57, 158, 191, 0.2);\n            color: #399EBF;\n            font-weight: 400;\n        }\n\n        textarea {\n            width: 100%;\n            height: 250px;\n            margin-top: 10px;\n            padding: 10px;\n            font-size: 16px;\n            background-color: rgba(117, 122, 147, 0.01);\n            border: 1px solid rgba(117, 122, 147, 0.8);\n            border-radius: 15px;\n        }\n\n        textarea::placeholder {\n            font-size: 14px;\n            font-weight: 300;\n            color: #757A93;\n            padding: 10px;\n        }\n\n        .submit-btn {\n            background: #399EBF;\n            color: white;\n            padding: 10px 20px;\n            font-size: 18px;\n            border: none;\n            cursor: pointer;\n            border-radius: 5px;\n            margin-top: 15px;\n            width: 100%;\n        }\n\n        .head-review {\n            display: inline-flex;\n            align-items: center;\n        }\n\n        .head-review h3 {\n            padding: 10px;\n            font-size: 20px;\n            color: #252E59;\n        }\n\n        .user-info-section input {\n            margin: 0;\n            padding: 10px;\n            font-size: 16px;\n            border: 1px solid #ccc;\n            border-radius: 10px;\n            width: 100%;\n        }\n\n        .quality-options {\n            margin-top: 20px;\n        }\n\n        .quality-btn {\n            background-color: transparent;\n            border: 1px solid #757A93;\n            color: #252E59;\n            border-radius: 50px;\n            padding: 8px 12px;\n            cursor: pointer;\n            margin-right: 5px;\n            margin-bottom: 5px;\n        }\n\n        .quality-btn:hover {\n            background-color: rgba(57, 158, 191, 0.3);\n            border-color: #2ac3f6;\n        }\n\n        .quality-btn.btn-selected {\n            background-color: #399EBF;\n            color: #fff;\n            border-color: #2ac3f6;\n        }\n\n        .feedback-section textarea {\n            width: 100%;\n            height: 150px;\n            padding: 20px;\n            font-size: 16px;\n        }\n\n        .quality-options {\n            margin-top: 20px;\n        }\n\n        .driver-rating {\n            margin-bottom: 20px;\n        }\n\n        .rating-buttons {\n            margin-top: 20px;\n        }\n\n        .rating-btn {\n            background-color: transparent;\n            border: 1px solid #ccc;\n            border-radius: 50%;\n            color: #1A224B;\n            width: 40px;\n            height: 40px;\n            margin-right: 5px;\n            cursor: pointer;\n            padding: 0;\n        }\n\n        .rating-btn.btn-selected {\n            background-color: rgba(255, 153, 0, 0.3);\n            color: #ff9900;\n            border-color: #f7a62c;\n\n        }\n\n        .rating-btn:hover {\n            background-color: rgba(255, 153, 0, 0.3);\n            color: #ff9900;\n            border-color: #f7a62c;\n        }\n\n        .user-info-section {\n            display: flex;\n            padding: 0 60px 0px 60px;\n        }\n\n        #papser-rating-buttons,\n        #quality-rating-buttons {\n            display: flex;\n        }\n\n        label {\n            display: inline-block;\n            margin: 5px;\n        }\n        .email{\n            margin-left: 20px;\n        }\n    <\/style>\n<\/head>\n\n<body>\n    <div id=\"review-container\">\n        <div id=\"review-form\">\n            <div class=\"row\">\n                <div class=\"col-lg-12\">\n                    <!-- Informations personnelles -->\n                    <div class=\"rating-section user-info-section\">\n                        <div class=\"nom\">\n                            <label>Name<\/label>\n                            <input type=\"text\" id=\"name\" placeholder=\"Votre nom\">\n                        <\/div>\n                        <div class=\"email\">\n                            <label>Email<\/label>\n                            <input type=\"email\" id=\"userEmail\" placeholder=\"Votre adresse email\">\n                        <\/div>\n                    <\/div>\n\n                    <!-- Comportement du livreur (Papser) -->\n                    <div class=\"rating-section papser\">\n                        <h3>Comment \u00e9valuez-vous le comportement du livreur ?<\/h3>\n                        <div id=\"papser-rating-buttons\">\n                            <button class=\"btn rating-btn\" onclick=\"selectPapserRating(0, this)\">0<\/button>\n                            <button class=\"btn rating-btn\" onclick=\"selectPapserRating(1, this)\">1<\/button>\n                            <button class=\"btn rating-btn\" onclick=\"selectPapserRating(2, this)\">2<\/button>\n                            <button class=\"btn rating-btn\" onclick=\"selectPapserRating(3, this)\">3<\/button>\n                            <button class=\"btn rating-btn\" onclick=\"selectPapserRating(4, this)\">4<\/button>\n                            <button class=\"btn rating-btn\" onclick=\"selectPapserRating(5, this)\">5<\/button>\n                        <\/div>\n                        <!-- Suggestions dynamiques en fonction de la note -->\n                        <div id=\"papserSuggestions\" style=\"margin-top:10px;\"><\/div>\n                    <\/div>\n\n                    <!-- Qualit\u00e9 de livraison -->\n                    <div class=\"rating-section quality\">\n                        <h3>Comment \u00e9valuez-vous la qualit\u00e9 de livraison ?<\/h3>\n                        <div id=\"quality-rating-buttons\">\n                            <button class=\"btn quality-btn\"\n                                onclick=\"selectQualityRating('mauvaise', this)\">Mauvaise<\/button>\n                            <button class=\"btn quality-btn\" onclick=\"selectQualityRating('assez bien', this)\">Assez\n                                bien<\/button>\n                            <button class=\"btn quality-btn\" onclick=\"selectQualityRating('bien', this)\">Bien<\/button>\n                            <button class=\"btn quality-btn\" onclick=\"selectQualityRating('tr\u00e8s bien', this)\">Tr\u00e8s\n                                bien<\/button>\n                        <\/div>\n                        <!-- Suggestions dynamiques en fonction de la qualit\u00e9 -->\n                        <div id=\"qualitySuggestions\" style=\"margin-top:10px;\"><\/div>\n                    <\/div>\n\n\n\n                    <div class=\"feedback-section\">\n                        <textarea id=\"comment\" placeholder=\"Partagez votre exp\u00e9rience...\"><\/textarea>\n                    <\/div>\n                    <div class=\"rating-section\">\n                        <button class=\"submit-btn\" onclick=\"submitFeedback()\">Subscribe<\/button>\n                    <\/div>\n                <\/div>\n            <\/div>\n        <\/div>\n\n        <div id=\"thankYouMessage\" style=\"display: none; text-align: center;\">\n            <h3>Merci pour votre avis ! \ud83c\udf89<\/h3>\n            <p>Votre retour nous aide \u00e0 am\u00e9liorer notre service.<\/p>\n            <button class=\"submit-btn\" onclick=\"resetReviewForm()\">OK<\/button>\n        <\/div>\n    <\/div>\n\n    <script>\n        let selectedPapserRating = null;\n        let selectedQualityRating = null;\n        const googleSheetUrl = \"https:\/\/script.google.com\/macros\/s\/AKfycbxbuuCtwEkelltmgW9fGgegdskR5-RMqqHjKCPnF-x4UeVLqg-9jkn_VBXCUIR8t2ou\/exec\";\n\n        function selectPapserRating(rating, element) {\n            selectedPapserRating = rating;\n            document.querySelectorAll('#papser-rating-buttons .btn').forEach(btn => btn.classList.remove('btn-selected'));\n            element.classList.add('btn-selected');\n            const suggestionsContainer = document.getElementById('papserSuggestions');\n            suggestionsContainer.innerHTML = \"\";\n            let suggestions = [];\n            if (rating <= 2) {\n                suggestions = [\"Livreur impoli\", \"Colis non conforme\"];\n            } else if (rating === 3) {\n                suggestions = [\"Livreur en retard\", \"Pas satisfait\"];\n            } else if (rating >= 4) {\n                suggestions = [\"Bonne communication\", \"Livraison dans les temps\", \"Commande re\u00e7ue en bon \u00e9tat\"];\n            }\n            suggestions.forEach((text, index) => {\n                const checkbox = document.createElement('input');\n                checkbox.type = 'checkbox';\n                checkbox.id = `papserSuggestion${index}`;\n                checkbox.value = text;\n                checkbox.classList.add('papser-suggestion');\n                const label = document.createElement('label');\n                label.htmlFor = checkbox.id;\n                label.textContent = text;\n\n                \/\/ Cr\u00e9ation d'un conteneur pour grouper checkbox et label\n                const suggestionDiv = document.createElement('div');\n                suggestionDiv.style.display = 'flex';\n                suggestionDiv.style.marginRight = '10px';\n                suggestionDiv.appendChild(checkbox);\n                suggestionDiv.appendChild(label);\n                suggestionsContainer.appendChild(suggestionDiv);\n            });\n        }\n\n        function selectQualityRating(rating, element) {\n            selectedQualityRating = rating;\n            document.querySelectorAll('#quality-rating-buttons .btn').forEach(btn => btn.classList.remove('btn-selected'));\n            element.classList.add('btn-selected');\n            const qualitySuggestionsContainer = document.getElementById('qualitySuggestions');\n            qualitySuggestionsContainer.innerHTML = \"\";\n            let suggestions = [];\n            if (rating === \"mauvaise\") {\n                suggestions = [\"Livreur impoli\", \"Colis non conforme\"];\n            } else if (rating === \"assez bien\") {\n                suggestions = [\"Livreur en retard\", \"Pas satisfait\"];\n            } else if (rating === \"bien\" || rating === \"tr\u00e8s bien\") {\n                suggestions = [\"Bonne communication\", \"Livraison dans les temps\", \"Commande re\u00e7ue en bon \u00e9tat\"];\n            }\n            suggestions.forEach((text, index) => {\n                const checkbox = document.createElement('input');\n                checkbox.type = 'checkbox';\n                checkbox.id = `qualitySuggestion${index}`;\n                checkbox.value = text;\n                checkbox.classList.add('quality-suggestion');\n                const label = document.createElement('label');\n                label.htmlFor = checkbox.id;\n                label.textContent = text;\n\n                \/\/ Regroupement dans un conteneur unique\n                const suggestionDiv = document.createElement('div');\n                suggestionDiv.style.display = 'flex';\n                suggestionDiv.style.marginRight = '10px';\n                suggestionDiv.appendChild(checkbox);\n                suggestionDiv.appendChild(label);\n                qualitySuggestionsContainer.appendChild(suggestionDiv);\n            });\n        }\n\n\n        async function submitFeedback() {\n            const name = document.getElementById('name').value.trim();\n            const userEmail = document.getElementById('userEmail').value.trim();\n            const comment = document.getElementById('comment').value.trim();\n\n            if (!name || !userEmail) {\n                alert(\"Veuillez renseigner votre nom et votre adresse email.\");\n                return;\n            }\n\n            if (selectedPapserRating === null || selectedQualityRating === null) {\n                alert(\"Veuillez s\u00e9lectionner une note pour le comportement du livreur et la qualit\u00e9 de livraison.\");\n                return;\n            }\n\n            const papserSuggestionElements = document.querySelectorAll('.papser-suggestion');\n            let papserSuggestions = [];\n            papserSuggestionElements.forEach(el => {\n                if (el.checked) papserSuggestions.push(el.value);\n            });\n\n            const qualitySuggestionElements = document.querySelectorAll('.quality-suggestion');\n            let qualitySuggestions = [];\n            qualitySuggestionElements.forEach(el => {\n                if (el.checked) qualitySuggestions.push(el.value);\n            });\n\n            const feedbackData = {\n                name: name,\n                userEmail: userEmail,\n                papserRating: selectedPapserRating,\n                papserSuggestions: papserSuggestions,\n                qualityRating: selectedQualityRating,\n                qualitySuggestions: qualitySuggestions,\n                comment: comment,\n                sendEmail: true\n            };\n\n            try {\n                await fetch(googleSheetUrl, {\n                    method: \"POST\",\n                    mode: \"no-cors\",\n                    headers: {\n                        \"Content-Type\": \"application\/json\"\n                    },\n                    body: JSON.stringify(feedbackData)\n                });\n                document.getElementById('review-form').style.display = \"none\";\n                document.getElementById('thankYouMessage').style.display = \"block\";\n            } catch (error) {\n                console.error(\"Erreur lors de l'envoi :\", error);\n                alert(\"Une erreur s'est produite. Veuillez r\u00e9essayer.\");\n            }\n        }\n\n        function resetReviewForm() {\n            document.querySelectorAll('#papser-rating-buttons .btn').forEach(btn => btn.classList.remove('btn-selected'));\n            selectedPapserRating = null;\n            document.getElementById('papserSuggestions').innerHTML = \"\";\n            document.querySelectorAll('#quality-rating-buttons .btn').forEach(btn => btn.classList.remove('btn-selected'));\n            selectedQualityRating = null;\n            document.getElementById('qualitySuggestions').innerHTML = \"\";\n            document.getElementById('name').value = \"\";\n            document.getElementById('userEmail').value = \"\";\n            document.getElementById('comment').value = \"\";\n            document.getElementById('review-form').style.display = \"block\";\n            document.getElementById('thankYouMessage').style.display = \"none\";\n        }\n    <\/script>\n<\/body>\n\n<\/html>\r\n\t\t<\/div>\r\n\t<\/div>\r\n<\/div><\/div><\/div><\/div><\/div><\/div><\/div><\/div><\/div><\/div><\/div>","protected":false},"excerpt":{"rendered":"\u00c9valuez votre Livraison Avis sur la Livraison Nom Email Comment \u00e9valuez-vous le comportement du livreur ? 0 1 2 3 4 5 Comment \u00e9valuez-vous la qualit\u00e9 de livraison ? Mauvaise Assez bien Bien Tr\u00e8s bien Envoyer Merci pour votre avis ! \ud83c\udf89 Votre retour nous aide \u00e0 am\u00e9liorer notre service. OK","protected":false},"author":1,"featured_media":0,"parent":0,"menu_order":0,"comment_status":"closed","ping_status":"closed","template":"","meta":{"footnotes":""},"class_list":["post-17540","page","type-page","status-publish","hentry","grve-entry-item"],"yoast_head":"<!-- This site is optimized with the Yoast SEO plugin v25.6 - https:\/\/yoast.com\/wordpress\/plugins\/seo\/ -->\n<title>Client Review - Paps Logistique<\/title>\n<meta name=\"robots\" content=\"index, follow, max-snippet:-1, max-image-preview:large, max-video-preview:-1\" \/>\n<link rel=\"canonical\" href=\"https:\/\/papslogistics.com\/en\/client-review\/\" \/>\n<meta property=\"og:locale\" content=\"en_GB\" \/>\n<meta property=\"og:type\" content=\"article\" \/>\n<meta property=\"og:title\" content=\"Client Review - Paps Logistique\" \/>\n<meta property=\"og:url\" content=\"https:\/\/papslogistics.com\/en\/client-review\/\" \/>\n<meta property=\"og:site_name\" content=\"Paps Logistique\" \/>\n<meta property=\"article:modified_time\" content=\"2025-12-04T11:52:45+00:00\" \/>\n<meta name=\"twitter:card\" content=\"summary_large_image\" \/>\n<meta name=\"twitter:label1\" content=\"Est. reading time\" \/>\n\t<meta name=\"twitter:data1\" content=\"1 minute\" \/>\n<script type=\"application\/ld+json\" class=\"yoast-schema-graph\">{\"@context\":\"https:\/\/schema.org\",\"@graph\":[{\"@type\":\"WebPage\",\"@id\":\"https:\/\/papslogistics.com\/client-review\/\",\"url\":\"https:\/\/papslogistics.com\/client-review\/\",\"name\":\"Client Review - Paps Logistique\",\"isPartOf\":{\"@id\":\"https:\/\/papslogistics.com\/#website\"},\"datePublished\":\"2025-02-27T01:00:00+00:00\",\"dateModified\":\"2025-12-04T11:52:45+00:00\",\"breadcrumb\":{\"@id\":\"https:\/\/papslogistics.com\/client-review\/#breadcrumb\"},\"inLanguage\":\"en-GB\",\"potentialAction\":[{\"@type\":\"ReadAction\",\"target\":[\"https:\/\/papslogistics.com\/client-review\/\"]}]},{\"@type\":\"BreadcrumbList\",\"@id\":\"https:\/\/papslogistics.com\/client-review\/#breadcrumb\",\"itemListElement\":[{\"@type\":\"ListItem\",\"position\":1,\"name\":\"Home\",\"item\":\"https:\/\/papslogistics.com\/\"},{\"@type\":\"ListItem\",\"position\":2,\"name\":\"Client Review\"}]},{\"@type\":\"WebSite\",\"@id\":\"https:\/\/papslogistics.com\/#website\",\"url\":\"https:\/\/papslogistics.com\/\",\"name\":\"Paps Logistique\",\"description\":\"Une exp\u00e9rience de logistique unique\",\"potentialAction\":[{\"@type\":\"SearchAction\",\"target\":{\"@type\":\"EntryPoint\",\"urlTemplate\":\"https:\/\/papslogistics.com\/?s={search_term_string}\"},\"query-input\":{\"@type\":\"PropertyValueSpecification\",\"valueRequired\":true,\"valueName\":\"search_term_string\"}}],\"inLanguage\":\"en-GB\"}]}<\/script>\n<!-- \/ Yoast SEO plugin. -->","yoast_head_json":{"title":"Client Review - Paps Logistique","robots":{"index":"index","follow":"follow","max-snippet":"max-snippet:-1","max-image-preview":"max-image-preview:large","max-video-preview":"max-video-preview:-1"},"canonical":"https:\/\/papslogistics.com\/en\/client-review\/","og_locale":"en_GB","og_type":"article","og_title":"Client Review - Paps Logistique","og_url":"https:\/\/papslogistics.com\/en\/client-review\/","og_site_name":"Paps Logistique","article_modified_time":"2025-12-04T11:52:45+00:00","twitter_card":"summary_large_image","twitter_misc":{"Est. reading time":"1 minute"},"schema":{"@context":"https:\/\/schema.org","@graph":[{"@type":"WebPage","@id":"https:\/\/papslogistics.com\/client-review\/","url":"https:\/\/papslogistics.com\/client-review\/","name":"Client Review - Paps Logistique","isPartOf":{"@id":"https:\/\/papslogistics.com\/#website"},"datePublished":"2025-02-27T01:00:00+00:00","dateModified":"2025-12-04T11:52:45+00:00","breadcrumb":{"@id":"https:\/\/papslogistics.com\/client-review\/#breadcrumb"},"inLanguage":"en-GB","potentialAction":[{"@type":"ReadAction","target":["https:\/\/papslogistics.com\/client-review\/"]}]},{"@type":"BreadcrumbList","@id":"https:\/\/papslogistics.com\/client-review\/#breadcrumb","itemListElement":[{"@type":"ListItem","position":1,"name":"Home","item":"https:\/\/papslogistics.com\/"},{"@type":"ListItem","position":2,"name":"Client Review"}]},{"@type":"WebSite","@id":"https:\/\/papslogistics.com\/#website","url":"https:\/\/papslogistics.com\/","name":"Paps Logistique","description":"An unparalleled logistic experience","potentialAction":[{"@type":"SearchAction","target":{"@type":"EntryPoint","urlTemplate":"https:\/\/papslogistics.com\/?s={search_term_string}"},"query-input":{"@type":"PropertyValueSpecification","valueRequired":true,"valueName":"search_term_string"}}],"inLanguage":"en-GB"}]}},"_links":{"self":[{"href":"https:\/\/papslogistics.com\/en\/wp-json\/wp\/v2\/pages\/17540","targetHints":{"allow":["GET"]}}],"collection":[{"href":"https:\/\/papslogistics.com\/en\/wp-json\/wp\/v2\/pages"}],"about":[{"href":"https:\/\/papslogistics.com\/en\/wp-json\/wp\/v2\/types\/page"}],"author":[{"embeddable":true,"href":"https:\/\/papslogistics.com\/en\/wp-json\/wp\/v2\/users\/1"}],"replies":[{"embeddable":true,"href":"https:\/\/papslogistics.com\/en\/wp-json\/wp\/v2\/comments?post=17540"}],"version-history":[{"count":0,"href":"https:\/\/papslogistics.com\/en\/wp-json\/wp\/v2\/pages\/17540\/revisions"}],"wp:attachment":[{"href":"https:\/\/papslogistics.com\/en\/wp-json\/wp\/v2\/media?parent=17540"}],"curies":[{"name":"wp","href":"https:\/\/api.w.org\/{rel}","templated":true}]}}