{"id":16486,"date":"2024-08-26T14:57:02","date_gmt":"2024-08-26T14:57:02","guid":{"rendered":"https:\/\/papslogistics.com\/?page_id=16486"},"modified":"2024-08-26T14:58:43","modified_gmt":"2024-08-26T14:58:43","slug":"demande-de-devis-fret-benin","status":"publish","type":"page","link":"https:\/\/papslogistics.com\/en\/demande-de-devis-fret-benin\/","title":{"rendered":"Demande de devis Fret B\u00e9nin"},"content":{"rendered":"<div class=\"grve-section grve-row-section grve-fullwidth-background grve-headings-white grve-with-bg-color\" data-header-color=\"light\"  style=\"background-color:#252e59;\"><div class=\"grve-container\"><div class=\"grve-row grve-bookmark grve-columns-gap-none\"><div class=\"grve-column wpb_column grve-bookmark grve-column-5-12  grve-tablet-sm-column-1 grve-vertical-position-middle grve-with-bg-transparent\"  style=\"color:#ffffff;\"><div class=\"grve-column-wrapper\"><div class=\"grve-column-content\"  style=\"max-width: 340px;\"><div class=\"grve-empty-space grve-height-4x\"><\/div><div data-animation=\"fade-in-down\" data-delay=\"1000\" data-duration=\"normal\" class=\"grve-element grve-divider grve-animated-item\" style=\"padding-bottom: 30px;\"><div class=\"grve-vertical-divider grve-align-inherit grve-height-4x grve-line-anim-top-bottom\" style=\"width: 1px;\"><span class=\"grve-bg-primary-3\"><\/span><\/div><\/div><h1 class=\"grve-element grve-title grve-align-inherit grve-h2\"><span>Request a <span style=\"color: #399ebf;\">quote<\/span>.<\/span><\/h1><div class=\"grve-empty-space grve-height-4x\"><\/div><\/div><\/div><\/div><div class=\"grve-column wpb_column grve-bookmark grve-column-7-12 grve-wpb-1702047469136 grve-column-fullheight grve-expand-bg grve-expand-bg-right grve-tablet-portrait-expand-bg-both-sides grve-mobile-expand-bg-both-sides grve-tablet-sm-column-1 grve-vertical-position-bottom grve-with-bg-color\"><div class=\"grve-column-wrapper\"  style=\"background-color:#399ebf;\"><div class=\"grve-column-content\" ><div class=\"grve-empty-space grve-height-5x\"><\/div><div class=\"grve-empty-space grve-height-1x\"><\/div>\r\n\t<div class=\"wpb_raw_code wpb_content_element wpb_raw_html vc_custom_1724684267934\" >\r\n\t\t<div class=\"wpb_wrapper\">\r\n\t\t\t<script charset=\"utf-8\" type=\"text\/javascript\" src=\"\/\/js-eu1.hsforms.net\/forms\/embed\/v2.js\"><\/script>\n<script>\n  hbspt.forms.create({\n    region: \"eu1\",\n    portalId: \"26523294\",\n    formId: \"1c1702bc-e9a2-40ce-a0a4-93d70bd56bcd\"\n  });\n<\/script>\r\n\t\t<\/div>\r\n\t<\/div>\r\n<div class=\"grve-empty-space grve-height-4x\"><\/div><\/div><\/div><\/div><\/div><\/div><\/div><div class=\"grve-section grve-row-section grve-fullwidth-background grve-padding-top-4x grve-with-bg-color\" data-header-color=\"default\"  style=\"background-color:#ffffff;\"><div class=\"grve-container\"><div class=\"grve-row grve-bookmark grve-columns-gap-default grve-mobile-vertical-gap-30\"><div class=\"grve-column wpb_column grve-bookmark grve-column-1-3  grve-tablet-sm-column-5-12 grve-horizontal-position-center grve-vertical-position-bottom grve-with-bg-transparent\"><div class=\"grve-column-wrapper\"><div class=\"grve-column-content\"  style=\"max-width: 370px;\"><div data-animation=\"fade-in-left\" data-delay=\"400\" data-duration=\"normal\" class=\"grve-element grve-image grve-align-center grve-animated-item\">\r\n\t<div class=\"grve-image-item\">\r\n\t\t\r\n\r\n<div class=\"grve-image-wrapper grve-no-effect\">\r\n\t\t<div class=\"grve-thumbnail-wrapper\"  style=\"width: 768px;\"><div class=\"grve-thumbnail\"  style=\"padding-top: 135.807%;\"><img fetchpriority=\"high\" decoding=\"async\" width=\"768\" height=\"1043\" src=\"https:\/\/papslogistics.com\/wp-content\/uploads\/about-1-768x1043.jpg\" class=\"attachment-medium_large size-medium_large\" alt=\"\" data-column-space=\"auto\" data-lazyload=\"off\" data-grve-filter=\"yes\" srcset=\"https:\/\/papslogistics.com\/wp-content\/uploads\/about-1-768x1043.jpg 768w, https:\/\/papslogistics.com\/wp-content\/uploads\/about-1-221x300.jpg 221w, https:\/\/papslogistics.com\/wp-content\/uploads\/about-1-754x1024.jpg 754w, https:\/\/papslogistics.com\/wp-content\/uploads\/about-1-600x815.jpg 600w, https:\/\/papslogistics.com\/wp-content\/uploads\/about-1.jpg 873w\" sizes=\"(max-width: 768px) 100vw, 768px\" \/><\/div><\/div>\t<\/div>\r\n\t<\/div>\r\n<\/div>\r\n<\/div><\/div><\/div><div class=\"grve-column wpb_column grve-bookmark grve-column-2-3  grve-tablet-sm-column-7-12 grve-vertical-position-bottom grve-with-bg-transparent\"><div class=\"grve-column-wrapper\"><div class=\"grve-column-content\" ><div class=\"grve-inner-section grve-with-bg-transparent\"><div class=\"grve-row-inner grve-bookmark grve-columns-gap-60 grve-tablet-sm-vertical-gap-30 grve-mobile-vertical-gap-45\"><div class=\"grve-column-inner wpb_column grve-column-7-12  grve-tablet-column-2-3 grve-tablet-sm-column-1 grve-vertical-position-middle grve-with-bg-transparent grve-mobile-align-center\"><div class=\"grve-column-wrapper-inner\"><div class=\"grve-column-inner-content\" ><h3 class=\"grve-element grve-title grve-align-inherit grve-h3 translation-block\">An end-to-end solution<\/h3><\/div><\/div><\/div><div class=\"grve-column-inner wpb_column grve-column-5-12  grve-tablet-column-1-3 grve-tablet-sm-column-1 grve-vertical-position-middle grve-with-bg-transparent grve-align-right grve-tablet-sm-align-left grve-mobile-align-center grve-empty-column\"><div class=\"grve-column-wrapper-inner\"><div class=\"grve-column-inner-content\" ><\/div><\/div><\/div><div class=\"grve-column-inner wpb_column grve-column-1  grve-tablet-sm-column-hide grve-mobile-column-hide grve-with-bg-transparent\"><div class=\"grve-column-wrapper-inner\"><div class=\"grve-column-inner-content\" ><div class=\"grve-empty-space grve-height-2x\"><\/div><\/div><\/div><\/div><div class=\"grve-column-inner wpb_column grve-column-1-3  grve-tablet-sm-column-1-2 grve-mobile-column-1 grve-horizontal-position-center grve-with-bg-transparent grve-mobile-align-center\"><div class=\"grve-column-wrapper-inner\"><div class=\"grve-column-inner-content\"  style=\"max-width: 300px;\"><h3 class=\"grve-element grve-title grve-align-inherit grve-h6\"><span><span style=\"color: #399ebf;\">01.<\/span> Courier Provision<\/span><\/h3><div class=\"grve-element grve-text\">\r\n\t\t\t<p>Prompt distribution of mail and parcels door-to-door or at designated drop points. <strong>door to door<\/strong> ou en points relais.<\/p>\n\r\n\t\t<\/div>\r\n\t<\/div><\/div><\/div><div class=\"grve-column-inner wpb_column grve-column-1-3  grve-tablet-sm-column-1-2 grve-mobile-column-1 grve-horizontal-position-center grve-with-bg-transparent grve-mobile-align-center\"><div class=\"grve-column-wrapper-inner\"><div class=\"grve-column-inner-content\"  style=\"max-width: 300px;\"><h3 class=\"grve-element grve-title grve-align-inherit grve-h6\"><span><span style=\"color: #399ebf;\">02.<\/span> Dispatch<\/span><\/h3><div class=\"grve-element grve-text\">\r\n\t\t\t<p>Assigned courier with a dedicated vehicle for an agreed period.<\/p>\n\r\n\t\t<\/div>\r\n\t<\/div><\/div><\/div><div class=\"grve-column-inner wpb_column grve-column-1-3  grve-tablet-sm-column-1-2 grve-horizontal-position-center grve-with-bg-transparent grve-mobile-align-center\"><div class=\"grve-column-wrapper-inner\"><div class=\"grve-column-inner-content\"  style=\"max-width: 300px;\"><h3 class=\"grve-element grve-title grve-align-inherit grve-h6\"><span><span style=\"color: #399ebf;\">03. <\/span>Automation<\/span><\/h3><div class=\"grve-element grve-text\">\r\n\t\t\t<p>Regular and periodic distribution of mail or parcels controlled by an on-schedule system.<\/p>\n\r\n\t\t<\/div>\r\n\t<\/div><\/div><\/div><div class=\"grve-column-inner wpb_column grve-column-1  grve-tablet-sm-column-hide grve-mobile-column-hide grve-with-bg-transparent\"><div class=\"grve-column-wrapper-inner\"><div class=\"grve-column-inner-content\" ><div class=\"grve-empty-space grve-height-2x\"><\/div><\/div><\/div><\/div><div class=\"grve-column-inner wpb_column grve-column-1-3  grve-tablet-sm-column-1-2 grve-horizontal-position-center grve-with-bg-transparent grve-mobile-align-center\"><div class=\"grve-column-wrapper-inner\"><div class=\"grve-column-inner-content\"  style=\"max-width: 300px;\"><h3 class=\"grve-element grve-title grve-align-inherit grve-h6\"><span><span style=\"color: #399ebf;\">04.<\/span> Freight<\/span><\/h3><div class=\"grve-element grve-text\">\r\n\t\t\t<p>Delivery of mail or goods anywhere in the world via our shuttles by air, sea or land.<\/p>\n\r\n\t\t<\/div>\r\n\t<\/div><\/div><\/div><div class=\"grve-column-inner wpb_column grve-column-1-3  grve-tablet-sm-column-1-2 grve-horizontal-position-center grve-with-bg-transparent grve-mobile-align-center\"><div class=\"grve-column-wrapper-inner\"><div class=\"grve-column-inner-content\"  style=\"max-width: 300px;\"><h3 class=\"grve-element grve-title grve-align-inherit grve-h6\"><span><span style=\"color: #399ebf;\">05. <\/span>Storage<\/span><\/h3><div class=\"grve-element grve-text\">\r\n\t\t\t<p>Storage, warehousing and stock management of all types of goods with more than 4000m\u00b2 available space.<\/p>\n\r\n\t\t<\/div>\r\n\t<\/div><\/div><\/div><div class=\"grve-column-inner wpb_column grve-column-1-3  grve-tablet-sm-column-1-2 grve-horizontal-position-center grve-with-bg-transparent grve-mobile-align-center\"><div class=\"grve-column-wrapper-inner\"><div class=\"grve-column-inner-content\"  style=\"max-width: 300px;\"><h3 class=\"grve-element grve-title grve-align-inherit grve-h6\"><span><span style=\"color: #399ebf;\">06.<\/span> Paps Easy Parcel<\/span><\/h3><div class=\"grve-element grve-text\">\r\n\t\t\t<p>The one-stop solution for all your import and export deals.<\/p>\n\r\n\t\t<\/div>\r\n\t<\/div><\/div><\/div><div class=\"grve-column-inner wpb_column grve-column-1  grve-with-bg-transparent\"><div class=\"grve-column-wrapper-inner\"><div class=\"grve-column-inner-content\" ><div class=\"grve-empty-space grve-height-2x\"><\/div><\/div><\/div><\/div><\/div><\/div><\/div><\/div><\/div><\/div><\/div><\/div>","protected":false},"excerpt":{"rendered":"Demander un devis. Une solution de bout en bout01. Mise \u00e0 disposition Distribution ponctuelle de courriers ou de colis en door to door ou en points relais. 02. Messagerie Affectation d\u2019un coursier avec un v\u00e9hicule d\u00e9di\u00e9 pour une dur\u00e9e d\u00e9termin\u00e9e. 03. Tourn\u00e9e Distribution r\u00e9guli\u00e8re et p\u00e9riodique de courriers ou de colis dans un circuit d\u00e9fini. [...]","protected":false},"author":1,"featured_media":0,"parent":0,"menu_order":0,"comment_status":"closed","ping_status":"closed","template":"","meta":{"footnotes":""},"class_list":["post-16486","page","type-page","status-publish","hentry","grve-entry-item"],"yoast_head":"<!-- This site is optimized with the Yoast SEO plugin v25.6 - https:\/\/yoast.com\/wordpress\/plugins\/seo\/ -->\n<title>Demande de devis Fret B\u00e9nin - Paps Logistique<\/title>\n<meta name=\"robots\" content=\"index, follow, max-snippet:-1, max-image-preview:large, max-video-preview:-1\" \/>\n<link rel=\"canonical\" href=\"https:\/\/papslogistics.com\/en\/demande-de-devis-fret-benin\/\" \/>\n<meta property=\"og:locale\" content=\"en_GB\" \/>\n<meta property=\"og:type\" content=\"article\" \/>\n<meta property=\"og:title\" content=\"Demande de devis Fret B\u00e9nin - Paps Logistique\" \/>\n<meta property=\"og:url\" content=\"https:\/\/papslogistics.com\/en\/demande-de-devis-fret-benin\/\" \/>\n<meta property=\"og:site_name\" content=\"Paps Logistique\" \/>\n<meta property=\"article:modified_time\" content=\"2024-08-26T14:58:43+00:00\" \/>\n<meta name=\"twitter:card\" content=\"summary_large_image\" \/>\n<meta name=\"twitter:label1\" content=\"Est. reading time\" \/>\n\t<meta name=\"twitter:data1\" content=\"2 minutes\" \/>\n<script type=\"application\/ld+json\" class=\"yoast-schema-graph\">{\"@context\":\"https:\/\/schema.org\",\"@graph\":[{\"@type\":\"WebPage\",\"@id\":\"https:\/\/papslogistics.com\/demande-de-devis-fret-benin\/\",\"url\":\"https:\/\/papslogistics.com\/demande-de-devis-fret-benin\/\",\"name\":\"Demande de devis Fret B\u00e9nin - Paps Logistique\",\"isPartOf\":{\"@id\":\"https:\/\/papslogistics.com\/#website\"},\"datePublished\":\"2024-08-26T14:57:02+00:00\",\"dateModified\":\"2024-08-26T14:58:43+00:00\",\"breadcrumb\":{\"@id\":\"https:\/\/papslogistics.com\/demande-de-devis-fret-benin\/#breadcrumb\"},\"inLanguage\":\"en-GB\",\"potentialAction\":[{\"@type\":\"ReadAction\",\"target\":[\"https:\/\/papslogistics.com\/demande-de-devis-fret-benin\/\"]}]},{\"@type\":\"BreadcrumbList\",\"@id\":\"https:\/\/papslogistics.com\/demande-de-devis-fret-benin\/#breadcrumb\",\"itemListElement\":[{\"@type\":\"ListItem\",\"position\":1,\"name\":\"Home\",\"item\":\"https:\/\/papslogistics.com\/\"},{\"@type\":\"ListItem\",\"position\":2,\"name\":\"Demande de devis Fret B\u00e9nin\"}]},{\"@type\":\"WebSite\",\"@id\":\"https:\/\/papslogistics.com\/#website\",\"url\":\"https:\/\/papslogistics.com\/\",\"name\":\"Paps Logistique\",\"description\":\"Une exp\u00e9rience de logistique unique\",\"potentialAction\":[{\"@type\":\"SearchAction\",\"target\":{\"@type\":\"EntryPoint\",\"urlTemplate\":\"https:\/\/papslogistics.com\/?s={search_term_string}\"},\"query-input\":{\"@type\":\"PropertyValueSpecification\",\"valueRequired\":true,\"valueName\":\"search_term_string\"}}],\"inLanguage\":\"en-GB\"}]}<\/script>\n<!-- \/ Yoast SEO plugin. -->","yoast_head_json":{"title":"Demande de devis Fret B\u00e9nin - Paps Logistique","robots":{"index":"index","follow":"follow","max-snippet":"max-snippet:-1","max-image-preview":"max-image-preview:large","max-video-preview":"max-video-preview:-1"},"canonical":"https:\/\/papslogistics.com\/en\/demande-de-devis-fret-benin\/","og_locale":"en_GB","og_type":"article","og_title":"Demande de devis Fret B\u00e9nin - Paps Logistique","og_url":"https:\/\/papslogistics.com\/en\/demande-de-devis-fret-benin\/","og_site_name":"Paps Logistique","article_modified_time":"2024-08-26T14:58:43+00:00","twitter_card":"summary_large_image","twitter_misc":{"Est. reading time":"2 minutes"},"schema":{"@context":"https:\/\/schema.org","@graph":[{"@type":"WebPage","@id":"https:\/\/papslogistics.com\/demande-de-devis-fret-benin\/","url":"https:\/\/papslogistics.com\/demande-de-devis-fret-benin\/","name":"Demande de devis Fret B\u00e9nin - Paps Logistique","isPartOf":{"@id":"https:\/\/papslogistics.com\/#website"},"datePublished":"2024-08-26T14:57:02+00:00","dateModified":"2024-08-26T14:58:43+00:00","breadcrumb":{"@id":"https:\/\/papslogistics.com\/demande-de-devis-fret-benin\/#breadcrumb"},"inLanguage":"en-GB","potentialAction":[{"@type":"ReadAction","target":["https:\/\/papslogistics.com\/demande-de-devis-fret-benin\/"]}]},{"@type":"BreadcrumbList","@id":"https:\/\/papslogistics.com\/demande-de-devis-fret-benin\/#breadcrumb","itemListElement":[{"@type":"ListItem","position":1,"name":"Home","item":"https:\/\/papslogistics.com\/"},{"@type":"ListItem","position":2,"name":"Demande de devis Fret B\u00e9nin"}]},{"@type":"WebSite","@id":"https:\/\/papslogistics.com\/#website","url":"https:\/\/papslogistics.com\/","name":"Paps Logistique","description":"An unparalleled logistic experience","potentialAction":[{"@type":"SearchAction","target":{"@type":"EntryPoint","urlTemplate":"https:\/\/papslogistics.com\/?s={search_term_string}"},"query-input":{"@type":"PropertyValueSpecification","valueRequired":true,"valueName":"search_term_string"}}],"inLanguage":"en-GB"}]}},"_links":{"self":[{"href":"https:\/\/papslogistics.com\/en\/wp-json\/wp\/v2\/pages\/16486","targetHints":{"allow":["GET"]}}],"collection":[{"href":"https:\/\/papslogistics.com\/en\/wp-json\/wp\/v2\/pages"}],"about":[{"href":"https:\/\/papslogistics.com\/en\/wp-json\/wp\/v2\/types\/page"}],"author":[{"embeddable":true,"href":"https:\/\/papslogistics.com\/en\/wp-json\/wp\/v2\/users\/1"}],"replies":[{"embeddable":true,"href":"https:\/\/papslogistics.com\/en\/wp-json\/wp\/v2\/comments?post=16486"}],"version-history":[{"count":0,"href":"https:\/\/papslogistics.com\/en\/wp-json\/wp\/v2\/pages\/16486\/revisions"}],"wp:attachment":[{"href":"https:\/\/papslogistics.com\/en\/wp-json\/wp\/v2\/media?parent=16486"}],"curies":[{"name":"wp","href":"https:\/\/api.w.org\/{rel}","templated":true}]}}