{"id":14005,"date":"2023-02-19T21:00:04","date_gmt":"2023-02-19T21:00:04","guid":{"rendered":"https:\/\/papslogistics.com\/?page_id=14005"},"modified":"2023-02-28T11:47:40","modified_gmt":"2023-02-28T11:47:40","slug":"pass-decouverte","status":"publish","type":"page","link":"https:\/\/papslogistics.com\/en\/pass-decouverte\/","title":{"rendered":"Pass D\u00e9couverte"},"content":{"rendered":"<div class=\"grve-section grve-row-section grve-fullwidth-background grve-percentage-height grve-padding-top-3x grve-padding-bottom-2x grve-headings-white grve-with-bg-image grve-mobile-row-hide\" data-header-color=\"light\" data-height-ratio=\"100\" data-tablet-sm-height-ratio=\"0\" data-mobile-height-ratio=\"0\"  style=\"background-color:#0075b6;color:#ffffff;\"><div class=\"grve-container\"><div class=\"grve-row grve-bookmark grve-columns-gap-default grve-mobile-vertical-gap-30 grve-percentage-content\"><div class=\"grve-column wpb_column grve-bookmark grve-column-1-12  grve-tablet-sm-column-hide grve-mobile-column-hide grve-with-bg-transparent grve-empty-column\"><div class=\"grve-column-wrapper\"><div class=\"grve-column-content\" ><\/div><\/div><\/div><div class=\"grve-column wpb_column grve-bookmark grve-column-7-12 grve-wpb-1676886448206 grve-tablet-sm-column-1 grve-vertical-position-middle grve-with-bg-transparent\"><div class=\"grve-column-wrapper\"><div class=\"grve-column-content\" ><div class=\"grve-inner-section grve-with-bg-transparent\"><div class=\"grve-row-inner grve-bookmark grve-columns-gap-default grve-mobile-vertical-gap-30\"><div class=\"grve-column-inner wpb_column grve-column-1  grve-with-bg-transparent\"><div class=\"grve-column-wrapper-inner\"><div class=\"grve-column-inner-content\" ><h1 class=\"grve-element grve-title grve-align-inherit grve-subtitle-text grve-text-white\"><span>PASS D\u00c9COUVERTE<\/span><\/h1><h1 class=\"grve-element grve-title grve-align-inherit grve-h1 grve-text-white\"><span>C\u2019est le moment de tester<br \/>\n<span style=\"color: #ffd241;\">GRATUITEMENT<\/span> nos services !<\/span><\/h1><div class=\"grve-empty-space grve-height-1x\"><\/div><div class=\"grve-element grve-text grve-page-description\">\r\n\t\t\t<p>Nous vous pr\u00e9sentons notre nouvelle offre de Pass d\u00e9couverte. Avec cette offre, vous avez la possibilit\u00e9 de tester GRATUITEMENT nos services de Mise \u00e0 disposition, Messagerie et Entreposage.<\/p>\n\r\n\t\t<\/div>\r\n\t<div class=\"grve-empty-space grve-height-2x\"><\/div><div class=\"grve-element grve-align-inherit\"><a href=\"#\" class=\"grve-btn-text grve-btn-line grve-line-right grve-text-white grve-text-hover-white grve-btn-medium\">\r\n\t\t<div class=\"grve-btn-inner\">\r\n\t\t<span>Get in touch<\/span>\r\n\t\t\t<span class=\"grve-line grve-bg-primary-1\"><\/span>\r\n\t\t\t\t\t\t\t<\/div>\r\n\t<\/a><\/div><div class=\"grve-empty-space grve-height-2x\"><\/div><\/div><\/div><\/div><\/div><\/div><\/div><\/div><\/div><div class=\"grve-column wpb_column grve-bookmark grve-column-1-3  grve-with-bg-transparent grve-empty-column\"><div class=\"grve-column-wrapper\"><div class=\"grve-column-content\" ><\/div><\/div><\/div><\/div><\/div><div class=\"grve-background-wrapper\">  <div class=\"grve-bg-image grve-bg-center-center grve-bg-image-id-14049 lazyload\"  data-bgset=\"https:\/\/papslogistics.com\/wp-content\/uploads\/Pass-Decouverte-Header-9.jpg 2222w, https:\/\/papslogistics.com\/wp-content\/uploads\/Pass-Decouverte-Header-9-300x181.jpg 300w, https:\/\/papslogistics.com\/wp-content\/uploads\/Pass-Decouverte-Header-9-1024x619.jpg 1024w, https:\/\/papslogistics.com\/wp-content\/uploads\/Pass-Decouverte-Header-9-768x465.jpg 768w, https:\/\/papslogistics.com\/wp-content\/uploads\/Pass-Decouverte-Header-9-1536x929.jpg 1536w, https:\/\/papslogistics.com\/wp-content\/uploads\/Pass-Decouverte-Header-9-1920x1161.jpg 1920w\" data-sizes=\"auto\"><\/div><\/div><\/div><div class=\"grve-section grve-row-section grve-fullwidth-background grve-percentage-height grve-padding-top-3x grve-padding-bottom-2x grve-headings-white grve-with-bg-image grve-desktop-row-hide grve-tablet-row-hide grve-tablet-sm-row-hide\" data-header-color=\"light\" data-height-ratio=\"100\" data-tablet-sm-height-ratio=\"0\" data-mobile-height-ratio=\"0\"  style=\"background-color:#0075b6;color:#ffffff;\"><div class=\"grve-container\"><div class=\"grve-row grve-bookmark grve-columns-gap-default grve-mobile-vertical-gap-30 grve-percentage-content\"><div class=\"grve-column wpb_column grve-bookmark grve-column-1-12  grve-tablet-sm-column-hide grve-mobile-column-hide grve-with-bg-transparent grve-empty-column\"><div class=\"grve-column-wrapper\"><div class=\"grve-column-content\" ><\/div><\/div><\/div><div class=\"grve-column wpb_column grve-bookmark grve-column-7-12 grve-wpb-1676886448206 grve-tablet-sm-column-1 grve-vertical-position-middle grve-with-bg-transparent\"><div class=\"grve-column-wrapper\"><div class=\"grve-column-content\" ><div class=\"grve-inner-section grve-with-bg-transparent\"><div class=\"grve-row-inner grve-bookmark grve-columns-gap-default grve-mobile-vertical-gap-30\"><div class=\"grve-column-inner wpb_column grve-column-1  grve-with-bg-transparent\"><div class=\"grve-column-wrapper-inner\"><div class=\"grve-column-inner-content\" ><h1 class=\"grve-element grve-title grve-align-inherit grve-small-text grve-text-white\"><span>PASS D\u00c9COUVERTE<\/span><\/h1><h1 class=\"grve-element grve-title grve-align-inherit grve-h4 grve-increase-heading grve-heading-120 grve-text-white\"><span>C\u2019est le moment de tester <span style=\"color: #ffd241;\">GRATUITEMENT<\/span> nos services !<\/span><\/h1><div class=\"grve-empty-space grve-height-1x\"><\/div><h1 class=\"grve-element grve-title grve-align-inherit grve-h6 grve-text-white\"><span>Nous vous pr\u00e9sentons notre nouvelle offre de Pass d\u00e9couverte. Avec cette offre, vous avez la possibilit\u00e9 de tester GRATUITEMENT nos services de Mise \u00e0 disposition, Messagerie et Entreposage.<\/span><\/h1><div class=\"grve-empty-space grve-height-5x\"><\/div><\/div><\/div><\/div><\/div><\/div><\/div><\/div><\/div><div class=\"grve-column wpb_column grve-bookmark grve-column-1-3  grve-with-bg-transparent grve-empty-column\"><div class=\"grve-column-wrapper\"><div class=\"grve-column-content\" ><\/div><\/div><\/div><\/div><\/div><div class=\"grve-background-wrapper\">  <div class=\"grve-bg-image grve-bg-center-center grve-bg-image-id-14049 lazyload\"  data-bgset=\"https:\/\/papslogistics.com\/wp-content\/uploads\/Pass-Decouverte-Header-9.jpg 2222w, https:\/\/papslogistics.com\/wp-content\/uploads\/Pass-Decouverte-Header-9-300x181.jpg 300w, https:\/\/papslogistics.com\/wp-content\/uploads\/Pass-Decouverte-Header-9-1024x619.jpg 1024w, https:\/\/papslogistics.com\/wp-content\/uploads\/Pass-Decouverte-Header-9-768x465.jpg 768w, https:\/\/papslogistics.com\/wp-content\/uploads\/Pass-Decouverte-Header-9-1536x929.jpg 1536w, https:\/\/papslogistics.com\/wp-content\/uploads\/Pass-Decouverte-Header-9-1920x1161.jpg 1920w\" data-sizes=\"auto\"><\/div><\/div><\/div><div class=\"grve-section grve-row-section grve-fullwidth-background grve-with-bg-transparent\" data-header-color=\"default\"><div class=\"grve-container\"><div class=\"grve-row grve-bookmark grve-columns-gap-default grve-mobile-vertical-gap-30\"><div class=\"grve-column wpb_column grve-bookmark grve-column-1 grve-wpb-1598956289795 grve-with-bg-color\"><div class=\"grve-column-wrapper\"  style=\"background-color:#131729;\"><div class=\"grve-column-content\" ><div class=\"grve-inner-section grve-headings-white grve-with-bg-color\"  style=\"background-color:#252e59;color:#ffffff;\"><div class=\"grve-row-inner grve-bookmark grve-columns-gap-none\"><div class=\"grve-column-inner wpb_column grve-column-1-3 grve-wpb-1676886019512 grve-with-bg-color grve-animated-item grve-clipping-animation grve-colored-clipping\" data-delay=\"200\" data-duration=\"normal\" data-animation=\"colored-clipping-up\"  data-clipping-color=\"white\"><div class=\"grve-column-wrapper-inner\"  style=\"background-color:#252e59;\"><div class=\"grve-column-inner-content\" ><div class=\"grve-element grve-box-icon grve-small grve-top-icon grve-align-center\"><div class=\"grve-wrapper-icon\" style=\"\"><span class=\"grve-box-icon entypo-icon entypo-icon-address grve-text-white\"><\/span><\/div><div class=\"grve-box-content\"><h3 class=\"grve-box-title grve-h6\">Courier Provision<\/h3><p class=\"\">D\u00e9couvrez notre service de mise \u00e0 disposition de motos gr\u00e2ce \u00e0 une offre exceptionnelle de 3 jours, de 8h \u00e0 16h, uniquement \u00e0 Dakar.<\/p><\/div><\/div><\/div><\/div><\/div><div class=\"grve-column-inner wpb_column grve-column-1-3 grve-wpb-1676886026205 grve-with-bg-color grve-animated-item grve-clipping-animation grve-colored-clipping\" data-delay=\"400\" data-duration=\"normal\" data-animation=\"colored-clipping-up\"  data-clipping-color=\"white\"><div class=\"grve-column-wrapper-inner\"  style=\"background-color:#252e59;\"><div class=\"grve-column-inner-content\" ><div class=\"grve-element grve-box-icon grve-small grve-top-icon grve-align-center\"><div class=\"grve-wrapper-icon\" style=\"\"><span class=\"grve-box-icon entypo-icon entypo-icon-mail grve-text-white\"><\/span><\/div><div class=\"grve-box-content\"><h3 class=\"grve-box-title grve-h6\">Dispatch<\/h3><p class=\"\">B\u00e9n\u00e9ficiez d&#8217;une livraison GRATUITE pour les 10 premiers envois pour tester notre service de messagerie.<\/p><\/div><\/div><\/div><\/div><\/div><div class=\"grve-column-inner wpb_column grve-column-1-3 grve-wpb-1676886033181 grve-with-bg-color grve-animated-item grve-clipping-animation grve-colored-clipping\" data-delay=\"600\" data-duration=\"normal\" data-animation=\"colored-clipping-up\"  data-clipping-color=\"white\"><div class=\"grve-column-wrapper-inner\"  style=\"background-color:#252e59;\"><div class=\"grve-column-inner-content\" ><div class=\"grve-element grve-box-icon grve-small grve-top-icon grve-align-center\"><div class=\"grve-wrapper-icon\" style=\"\"><span class=\"grve-box-icon typcn typcn-home grve-text-white\"><\/span><\/div><div class=\"grve-box-content\"><h3 class=\"grve-box-title grve-h6\">Storage<\/h3><p class=\"\">Essayez notre service d&#8217;entreposage en b\u00e9n\u00e9ficiant d&#8217;une offre de stockage de 2 semaines destin\u00e9e aux e-commer\u00e7ants.<\/p><\/div><\/div><\/div><\/div><\/div><\/div><\/div><\/div><\/div><\/div><div class=\"grve-column wpb_column grve-bookmark grve-column-1  grve-with-bg-transparent\"><div class=\"grve-column-wrapper\"><div class=\"grve-column-content\" ><div class=\"grve-empty-space grve-height-2x\"><\/div><\/div><\/div><\/div><\/div><\/div><\/div><div class=\"grve-section grve-row-section grve-fullwidth-background grve-with-bg-transparent\" data-header-color=\"default\"  style=\"padding-top: 13%;padding-bottom: 13%;\"><div class=\"grve-container\"><div class=\"grve-row grve-bookmark grve-columns-gap-default grve-mobile-vertical-gap-30\"><div class=\"grve-column wpb_column grve-bookmark grve-column-1-2  grve-horizontal-position-center grve-with-bg-transparent\"><div class=\"grve-column-wrapper\"><div class=\"grve-column-content\"  style=\"max-width: 370px;\"><div data-clipping-color=\"black\" data-animation=\"colored-clipping-up\" data-delay=\"300\" data-duration=\"normal\" class=\"grve-element grve-image grve-align-center grve-clipping-animation grve-advanced-animation grve-colored-clipping grve-animated-item\">\r\n\t<div class=\"grve-image-item\">\r\n\t\t\r\n\r\n<div class=\"grve-image-wrapper grve-radius-3 grve-shadow-medium grve-no-effect\">\r\n\t\t<div class=\"grve-thumbnail-wrapper\"  style=\"width: 740px;\"><div class=\"grve-thumbnail\"  style=\"padding-top: 148.649%;\"><img fetchpriority=\"high\" decoding=\"async\" width=\"740\" height=\"1100\" src=\"https:\/\/papslogistics.com\/wp-content\/uploads\/Pass-Decouverte-1.jpg\" class=\"attachment-medium_large size-medium_large grve-lazy-load lazyload\" alt=\"\" data-column-space=\"auto\" data-lazyload=\"\" data-grve-filter=\"yes\" srcset=\"https:\/\/papslogistics.com\/wp-content\/themes\/impeka\/images\/empty\/empty.png\" data-src=\"https:\/\/papslogistics.com\/wp-content\/uploads\/Pass-Decouverte-1.jpg\" data-sizes=\"auto\" data-srcset=\"https:\/\/papslogistics.com\/wp-content\/uploads\/Pass-Decouverte-1.jpg 740w, https:\/\/papslogistics.com\/wp-content\/uploads\/Pass-Decouverte-1-202x300.jpg 202w, https:\/\/papslogistics.com\/wp-content\/uploads\/Pass-Decouverte-1-689x1024.jpg 689w\" data-expand=\"1\" \/><\/div><\/div>\t<\/div>\r\n\t<\/div>\r\n<\/div>\r\n<div class=\"grve-inner-section grve-with-bg-transparent\"><div class=\"grve-row-inner grve-bookmark grve-columns-gap-default grve-mobile-vertical-gap-30\"><div class=\"grve-column-inner wpb_column grve-column-1 grve-wpb-1598351068805 grve-with-bg-transparent\"><div class=\"grve-column-wrapper-inner\"><div class=\"grve-column-inner-content\" ><div data-animation=\"fade-in-left\" data-delay=\"600\" data-duration=\"normal\" class=\"grve-element grve-divider grve-animated-item\"><span class=\"grve-custom-divider grve-bg-primary-3 grve-align-inherit\" style=\"width: 100px;height: 10px;\"><\/span><\/div><\/div><\/div><\/div><\/div><\/div><\/div><\/div><\/div><div class=\"grve-column wpb_column grve-bookmark grve-column-1-2  grve-parallax-effect grve-vertical-position-middle grve-with-bg-transparent\" data-parallax-effect=\"mouse-move\" data-mouse-move=\"x-y\" data-sensitive=\"2\" data-invert=\"false\"><div class=\"grve-column-wrapper\"><div class=\"grve-column-content\" ><h1 data-animation=\"fade-in-up\" data-delay=\"400\" data-duration=\"normal\" class=\"grve-element grve-title grve-align-inherit grve-animated-item grve-page-title\" style=\"margin-bottom: 30px;\"><span>Pass D\u00e9couverte.<\/span><\/h1><div class=\"grve-inner-section grve-with-bg-transparent\"><div class=\"grve-row-inner grve-bookmark grve-columns-gap-60 grve-tablet-sm-vertical-gap-30 grve-mobile-vertical-gap-30\"><div class=\"grve-column-inner wpb_column grve-column-1  grve-tablet-sm-column-1 grve-with-bg-transparent grve-animated-item\" data-delay=\"500\" data-duration=\"normal\" data-animation=\"fade-in-left\"><div class=\"grve-column-wrapper-inner\"><div class=\"grve-column-inner-content\" ><div class=\"grve-element grve-text grve-page-description\">\r\n\t\t\t<p>Ne manquez pas cette opportunit\u00e9 unique de d\u00e9couvrir nos services et de les tester GRATUITEMENT. Pour en profiter, inscrivez-vous d\u00e8s maintenant via le lien suivant<\/p>\n\r\n\t\t<\/div>\r\n\t<div class=\"grve-empty-space grve-height-1x\"><\/div><div class=\"grve-element grve-align-inherit\"><a href=\"https:\/\/form.typeform.com\/to\/WqT6hrL3?typeform-source=mail.google.com\" class=\"grve-btn grve-round grve-bg-primary-5 grve-border-primary-5 grve-bg-hover-white grve-border-hover-white grve-pulse grve-text-white grve-text-hover-dark-grey grve-btn-medium grve-with-svg-icon-arrow-2\">\r\n\t\t<div class=\"grve-btn-inner\">\r\n\t\t<span>Je veux tester<\/span>\r\n\t\t\t\t\t\t\t<div class=\"grve-btn-svg-icon\">\r\n\t\t\t\t\t\t\t<svg width=\"40px\" height=\"16px\" viewbox=\"0 0 40 16\">\r\n\t\t\t\t\t<polygon class=\"grve-arrow-line\" points=\"0 7 38 7 38 9 0 9\"><\/polygon>\r\n\t\t\t\t\t<polygon class=\"grve-arrow-point\" points=\"31.3481912 0 40 8 31.3481912 16 30 14.5816219 37.1 8 30 1.41837809\"><\/polygon>\r\n\t\t\t\t<\/svg>\r\n\t\t\t\t\t\t\t\t<\/div>\r\n\t\t\t\t\t<\/div>\r\n\t<\/a><\/div><\/div><\/div><\/div><\/div><\/div><\/div><\/div><\/div><\/div><\/div><\/div>","protected":false},"excerpt":{"rendered":"PASS D\u00c9COUVERTEC\u2019est le moment de tester GRATUITEMENT nos services ! Nous vous pr\u00e9sentons notre nouvelle offre de Pass d\u00e9couverte. Avec cette offre, vous avez la possibilit\u00e9 de tester GRATUITEMENT nos services de Mise \u00e0 disposition, Messagerie et Entreposage. Get in touch PASS D\u00c9COUVERTEC\u2019est le moment de tester GRATUITEMENT nos services !Nous vous pr\u00e9sentons notre nouvelle [...]","protected":false},"author":1,"featured_media":0,"parent":0,"menu_order":0,"comment_status":"closed","ping_status":"closed","template":"","meta":{"footnotes":""},"class_list":["post-14005","page","type-page","status-publish","hentry","grve-entry-item"],"yoast_head":"<!-- This site is optimized with the Yoast SEO plugin v25.6 - https:\/\/yoast.com\/wordpress\/plugins\/seo\/ -->\n<title>Pass D\u00e9couverte - Paps Logistique<\/title>\n<meta name=\"robots\" content=\"index, follow, max-snippet:-1, max-image-preview:large, max-video-preview:-1\" \/>\n<link rel=\"canonical\" href=\"https:\/\/papslogistics.com\/en\/pass-decouverte\/\" \/>\n<meta property=\"og:locale\" content=\"en_GB\" \/>\n<meta property=\"og:type\" content=\"article\" \/>\n<meta property=\"og:title\" content=\"Pass D\u00e9couverte - Paps Logistique\" \/>\n<meta property=\"og:url\" content=\"https:\/\/papslogistics.com\/en\/pass-decouverte\/\" \/>\n<meta property=\"og:site_name\" content=\"Paps Logistique\" \/>\n<meta property=\"article:modified_time\" content=\"2023-02-28T11:47:40+00:00\" \/>\n<meta name=\"twitter:card\" content=\"summary_large_image\" \/>\n<meta name=\"twitter:label1\" content=\"Est. reading time\" \/>\n\t<meta name=\"twitter:data1\" content=\"5 minutes\" \/>\n<script type=\"application\/ld+json\" class=\"yoast-schema-graph\">{\"@context\":\"https:\/\/schema.org\",\"@graph\":[{\"@type\":\"WebPage\",\"@id\":\"https:\/\/papslogistics.com\/en\/pass-decouverte\/\",\"url\":\"https:\/\/papslogistics.com\/en\/pass-decouverte\/\",\"name\":\"Pass D\u00e9couverte - Paps Logistique\",\"isPartOf\":{\"@id\":\"https:\/\/papslogistics.com\/#website\"},\"datePublished\":\"2023-02-19T21:00:04+00:00\",\"dateModified\":\"2023-02-28T11:47:40+00:00\",\"breadcrumb\":{\"@id\":\"https:\/\/papslogistics.com\/en\/pass-decouverte\/#breadcrumb\"},\"inLanguage\":\"en-GB\",\"potentialAction\":[{\"@type\":\"ReadAction\",\"target\":[\"https:\/\/papslogistics.com\/en\/pass-decouverte\/\"]}]},{\"@type\":\"BreadcrumbList\",\"@id\":\"https:\/\/papslogistics.com\/en\/pass-decouverte\/#breadcrumb\",\"itemListElement\":[{\"@type\":\"ListItem\",\"position\":1,\"name\":\"Home\",\"item\":\"https:\/\/papslogistics.com\/\"},{\"@type\":\"ListItem\",\"position\":2,\"name\":\"Pass D\u00e9couverte\"}]},{\"@type\":\"WebSite\",\"@id\":\"https:\/\/papslogistics.com\/#website\",\"url\":\"https:\/\/papslogistics.com\/\",\"name\":\"Paps Logistique\",\"description\":\"Une exp\u00e9rience de logistique unique\",\"potentialAction\":[{\"@type\":\"SearchAction\",\"target\":{\"@type\":\"EntryPoint\",\"urlTemplate\":\"https:\/\/papslogistics.com\/?s={search_term_string}\"},\"query-input\":{\"@type\":\"PropertyValueSpecification\",\"valueRequired\":true,\"valueName\":\"search_term_string\"}}],\"inLanguage\":\"en-GB\"}]}<\/script>\n<!-- \/ Yoast SEO plugin. -->","yoast_head_json":{"title":"Pass D\u00e9couverte - Paps Logistique","robots":{"index":"index","follow":"follow","max-snippet":"max-snippet:-1","max-image-preview":"max-image-preview:large","max-video-preview":"max-video-preview:-1"},"canonical":"https:\/\/papslogistics.com\/en\/pass-decouverte\/","og_locale":"en_GB","og_type":"article","og_title":"Pass D\u00e9couverte - Paps Logistique","og_url":"https:\/\/papslogistics.com\/en\/pass-decouverte\/","og_site_name":"Paps Logistique","article_modified_time":"2023-02-28T11:47:40+00:00","twitter_card":"summary_large_image","twitter_misc":{"Est. reading time":"5 minutes"},"schema":{"@context":"https:\/\/schema.org","@graph":[{"@type":"WebPage","@id":"https:\/\/papslogistics.com\/en\/pass-decouverte\/","url":"https:\/\/papslogistics.com\/en\/pass-decouverte\/","name":"Pass D\u00e9couverte - Paps Logistique","isPartOf":{"@id":"https:\/\/papslogistics.com\/#website"},"datePublished":"2023-02-19T21:00:04+00:00","dateModified":"2023-02-28T11:47:40+00:00","breadcrumb":{"@id":"https:\/\/papslogistics.com\/en\/pass-decouverte\/#breadcrumb"},"inLanguage":"en-GB","potentialAction":[{"@type":"ReadAction","target":["https:\/\/papslogistics.com\/en\/pass-decouverte\/"]}]},{"@type":"BreadcrumbList","@id":"https:\/\/papslogistics.com\/en\/pass-decouverte\/#breadcrumb","itemListElement":[{"@type":"ListItem","position":1,"name":"Home","item":"https:\/\/papslogistics.com\/"},{"@type":"ListItem","position":2,"name":"Pass D\u00e9couverte"}]},{"@type":"WebSite","@id":"https:\/\/papslogistics.com\/#website","url":"https:\/\/papslogistics.com\/","name":"Paps Logistique","description":"An unparalleled logistic experience","potentialAction":[{"@type":"SearchAction","target":{"@type":"EntryPoint","urlTemplate":"https:\/\/papslogistics.com\/?s={search_term_string}"},"query-input":{"@type":"PropertyValueSpecification","valueRequired":true,"valueName":"search_term_string"}}],"inLanguage":"en-GB"}]}},"_links":{"self":[{"href":"https:\/\/papslogistics.com\/en\/wp-json\/wp\/v2\/pages\/14005","targetHints":{"allow":["GET"]}}],"collection":[{"href":"https:\/\/papslogistics.com\/en\/wp-json\/wp\/v2\/pages"}],"about":[{"href":"https:\/\/papslogistics.com\/en\/wp-json\/wp\/v2\/types\/page"}],"author":[{"embeddable":true,"href":"https:\/\/papslogistics.com\/en\/wp-json\/wp\/v2\/users\/1"}],"replies":[{"embeddable":true,"href":"https:\/\/papslogistics.com\/en\/wp-json\/wp\/v2\/comments?post=14005"}],"version-history":[{"count":0,"href":"https:\/\/papslogistics.com\/en\/wp-json\/wp\/v2\/pages\/14005\/revisions"}],"wp:attachment":[{"href":"https:\/\/papslogistics.com\/en\/wp-json\/wp\/v2\/media?parent=14005"}],"curies":[{"name":"wp","href":"https:\/\/api.w.org\/{rel}","templated":true}]}}