{"id":13488,"date":"2023-01-16T14:17:50","date_gmt":"2023-01-16T14:17:50","guid":{"rendered":"https:\/\/papslogistics.com\/?page_id=13488"},"modified":"2023-01-17T10:59:23","modified_gmt":"2023-01-17T10:59:23","slug":"le-transport-du-cacao-en-cote-divoire","status":"publish","type":"page","link":"https:\/\/papslogistics.com\/en\/le-transport-du-cacao-en-cote-divoire\/","title":{"rendered":"Le transport du cacao en C\u00f4te d&#8217;Ivoire"},"content":{"rendered":"<div class=\"grve-section grve-row-section grve-fullwidth-background grve-percentage-height grve-padding-bottom-2x grve-headings-white grve-with-bg-image grve-mobile-row-hide\" data-header-color=\"light\" data-height-ratio=\"100\" data-tablet-sm-height-ratio=\"0\" data-mobile-height-ratio=\"0\"  style=\"color:#ffffff;\"><div class=\"grve-container\"><div class=\"grve-row grve-bookmark grve-columns-gap-default grve-mobile-vertical-gap-30 grve-percentage-content\"><div class=\"grve-column wpb_column grve-bookmark grve-column-1-4  grve-tablet-sm-column-hide grve-mobile-column-hide grve-with-bg-transparent grve-empty-column\"><div class=\"grve-column-wrapper\"><div class=\"grve-column-content\" ><\/div><\/div><\/div><div class=\"grve-column wpb_column grve-bookmark grve-column-2-3 grve-wpb-1673881770348 grve-tablet-sm-column-1 grve-vertical-position-middle grve-with-bg-transparent\"><div class=\"grve-column-wrapper\"><div class=\"grve-column-content\" ><div class=\"grve-inner-section grve-with-bg-transparent\"><div class=\"grve-row-inner grve-bookmark grve-columns-gap-default grve-mobile-vertical-gap-30\"><div class=\"grve-column-inner wpb_column grve-column-1  grve-with-bg-transparent\"><div class=\"grve-column-wrapper-inner\"><div class=\"grve-column-inner-content\" ><h2 class=\"grve-element grve-title grve-align-inherit grve-h4\" style=\" color: #a07b57;\"><span>Le meilleur Cacao, cultiv\u00e9 en C\u00f4te d\u2019Ivoire<\/span><\/h2><h3 class=\"grve-element grve-title grve-align-inherit grve-page-title grve-text-white\"><span>Exp\u00e9di\u00e9 partout par Paps<\/span><\/h3><\/div><\/div><\/div><div class=\"grve-column-inner wpb_column grve-column-1  grve-mobile-column-hide grve-with-bg-transparent\"><div class=\"grve-column-wrapper-inner\"><div class=\"grve-column-inner-content\" ><div class=\"grve-empty-space grve-height-1x\"><\/div><\/div><\/div><\/div><div class=\"grve-column-inner wpb_column grve-column-5-6  grve-with-bg-transparent\"><div class=\"grve-column-wrapper-inner\"><div class=\"grve-column-inner-content\" ><div class=\"grve-element grve-text grve-leader-text cacao-txt\">\r\n\t\t\t<p>Le transport du cacao en C\u00f4te d&#8217;Ivoire est particuli\u00e8rement complexe en raison de la g\u00e9ographie du pays et de sa large diversit\u00e9 climatique. Sans parler de la grande vari\u00e9t\u00e9 des f\u00e8ves de cacao, chacune ayant ses propres caract\u00e9ristiques. Par cons\u00e9quent, la cha\u00eene d&#8217;approvisionnement du cacao en C\u00f4te d&#8217;Ivoire est tr\u00e8s fragment\u00e9e et souvent \u00e0 risque.<\/p>\n\r\n\t\t<\/div>\r\n\t<div class=\"grve-empty-space grve-height-2x\"><\/div><div class=\"grve-element grve-align-inherit\"><a href=\"https:\/\/papslogistics.com\/en\/demande-de-devis\/\" class=\"grve-btn grve-round grve-bg-white grve-border-white grve-bg-hover-white grve-border-hover-white grve-pulse grve-text-dark-grey grve-text-hover-dark-grey grve-btn-medium grve-with-svg-icon-arrow-2\">\r\n\t\t<div class=\"grve-btn-inner\">\r\n\t\t<span>Request a quote<\/span>\r\n\t\t\t\t\t\t\t<div class=\"grve-btn-svg-icon\">\r\n\t\t\t\t\t\t\t<svg width=\"40px\" height=\"16px\" viewbox=\"0 0 40 16\">\r\n\t\t\t\t\t<polygon class=\"grve-arrow-line\" points=\"0 7 38 7 38 9 0 9\"><\/polygon>\r\n\t\t\t\t\t<polygon class=\"grve-arrow-point\" points=\"31.3481912 0 40 8 31.3481912 16 30 14.5816219 37.1 8 30 1.41837809\"><\/polygon>\r\n\t\t\t\t<\/svg>\r\n\t\t\t\t\t\t\t\t<\/div>\r\n\t\t\t\t\t<\/div>\r\n\t<\/a><\/div><\/div><\/div><\/div><div class=\"grve-column-inner wpb_column grve-column-1-6  grve-with-bg-transparent grve-empty-column\"><div class=\"grve-column-wrapper-inner\"><div class=\"grve-column-inner-content\" ><\/div><\/div><\/div><div class=\"grve-column-inner wpb_column grve-column-1  grve-with-bg-transparent\"><div class=\"grve-column-wrapper-inner\"><div class=\"grve-column-inner-content\" ><div class=\"grve-empty-space grve-height-2x\"><\/div><\/div><\/div><\/div><div class=\"grve-column-inner wpb_column grve-column-1-3  grve-with-bg-transparent grve-empty-column\"><div class=\"grve-column-wrapper-inner\"><div class=\"grve-column-inner-content\" ><\/div><\/div><\/div><div class=\"grve-column-inner wpb_column grve-column-1-3  grve-with-bg-transparent grve-empty-column\"><div class=\"grve-column-wrapper-inner\"><div class=\"grve-column-inner-content\" ><\/div><\/div><\/div><div class=\"grve-column-inner wpb_column grve-column-1-3  grve-vertical-position-middle grve-with-bg-transparent grve-align-right grve-mobile-align-left grve-empty-column\"><div class=\"grve-column-wrapper-inner\"><div class=\"grve-column-inner-content\" ><\/div><\/div><\/div><\/div><\/div><div class=\"grve-inner-section grve-padding-top-2x grve-padding-bottom-2x grve-with-bg-transparent\"><div class=\"grve-row-inner grve-bookmark grve-columns-gap-default grve-mobile-vertical-gap-30\"><div class=\"grve-column-inner wpb_column grve-column-5-6  grve-with-bg-transparent grve-empty-column\"><div class=\"grve-column-wrapper-inner\"><div class=\"grve-column-inner-content\" ><\/div><\/div><\/div><div class=\"grve-column-inner wpb_column grve-column-1-6  grve-with-bg-transparent grve-empty-column\"><div class=\"grve-column-wrapper-inner\"><div class=\"grve-column-inner-content\" ><\/div><\/div><\/div><\/div><\/div><\/div><\/div><\/div><div class=\"grve-column wpb_column grve-bookmark grve-column-1-12  grve-with-bg-transparent grve-empty-column\"><div class=\"grve-column-wrapper\"><div class=\"grve-column-content\" ><\/div><\/div><\/div><div class=\"grve-column wpb_column grve-bookmark grve-column-1  grve-with-bg-transparent\"><div class=\"grve-column-wrapper\"><div class=\"grve-column-content\" ><div class=\"grve-inner-section grve-padding-top-2x grve-padding-bottom-1x grve-with-bg-transparent\"><div class=\"grve-row-inner grve-bookmark grve-columns-gap-default grve-mobile-vertical-gap-30\"><div class=\"grve-column-inner wpb_column grve-column-1-6  grve-with-bg-transparent grve-empty-column\"><div class=\"grve-column-wrapper-inner\"><div class=\"grve-column-inner-content\" ><\/div><\/div><\/div><div class=\"grve-column-inner wpb_column grve-column-1-2  grve-with-bg-transparent\"><div class=\"grve-column-wrapper-inner\"><div class=\"grve-column-inner-content\" ><div class=\"grve-element grve-text grve-leader-text cacao-txt\">\r\n\t\t\t<p>Paps offre une gamme de services et d&#8217;outils pour am\u00e9liorer l&#8217;efficacit\u00e9 du transport du cacao, notamment des solutions de tra\u00e7abilit\u00e9, des mat\u00e9riaux \u00e0 la pointe, m\u00e9thodes de conservation du cacao adapt\u00e9es aux normes de la logistique. Quelle que soit votre zone de production dans le pays, nous exp\u00e9dions vos marchandises vers la destination finale, en respectant les d\u00e9lais de livraison.<\/p>\n\r\n\t\t<\/div>\r\n\t<\/div><\/div><\/div><div class=\"grve-column-inner wpb_column grve-column-1-3  grve-with-bg-transparent grve-empty-column\"><div class=\"grve-column-wrapper-inner\"><div class=\"grve-column-inner-content\" ><\/div><\/div><\/div><\/div><\/div><\/div><\/div><\/div><div class=\"grve-column wpb_column grve-bookmark grve-column-1  grve-with-bg-transparent\"><div class=\"grve-column-wrapper\"><div class=\"grve-column-content\" ><div class=\"grve-inner-section grve-with-bg-transparent\"><div class=\"grve-row-inner grve-bookmark grve-columns-gap-default grve-mobile-vertical-gap-30\"><div class=\"grve-column-inner wpb_column grve-column-1  grve-with-bg-transparent grve-empty-column\"><div class=\"grve-column-wrapper-inner\"><div class=\"grve-column-inner-content\" ><\/div><\/div><\/div><\/div><\/div><\/div><\/div><\/div><\/div><\/div><div class=\"grve-background-wrapper\">  <div class=\"grve-bg-image grve-bg-center-center grve-bg-image-id-13545 lazyload\"  data-bgset=\"https:\/\/papslogistics.com\/wp-content\/uploads\/Header-Background-9.jpg 1500w, https:\/\/papslogistics.com\/wp-content\/uploads\/Header-Background-9-272x300.jpg 272w, https:\/\/papslogistics.com\/wp-content\/uploads\/Header-Background-9-928x1024.jpg 928w, https:\/\/papslogistics.com\/wp-content\/uploads\/Header-Background-9-768x847.jpg 768w, https:\/\/papslogistics.com\/wp-content\/uploads\/Header-Background-9-1392x1536.jpg 1392w, https:\/\/papslogistics.com\/wp-content\/uploads\/Header-Background-9-600x662.jpg 600w\" data-sizes=\"auto\"><\/div>  <div class=\"grve-bg-overlay\" style=\"background-color:rgba(29,27,27,0.35)\"><\/div><\/div><\/div><div class=\"grve-section grve-row-section grve-fullwidth-background grve-percentage-height grve-headings-white grve-with-bg-image grve-desktop-row-hide grve-tablet-row-hide grve-tablet-sm-row-hide\" data-header-color=\"light\" data-height-ratio=\"100\" data-tablet-sm-height-ratio=\"0\" data-mobile-height-ratio=\"0\"  style=\"color:#ffffff;padding-bottom: 25%;\"><div class=\"grve-container\"><div class=\"grve-row grve-bookmark grve-columns-gap-default grve-mobile-vertical-gap-30 grve-percentage-content\"><div class=\"grve-column wpb_column grve-bookmark grve-column-1-4  grve-tablet-sm-column-hide grve-mobile-column-hide grve-with-bg-transparent grve-empty-column\"><div class=\"grve-column-wrapper\"><div class=\"grve-column-content\" ><\/div><\/div><\/div><div class=\"grve-column wpb_column grve-bookmark grve-column-2-3 grve-wpb-1673881770348 grve-tablet-sm-column-1 grve-vertical-position-middle grve-with-bg-transparent\"><div class=\"grve-column-wrapper\"><div class=\"grve-column-content\" ><div class=\"grve-inner-section grve-with-bg-transparent\"><div class=\"grve-row-inner grve-bookmark grve-columns-gap-default grve-mobile-vertical-gap-30\"><div class=\"grve-column-inner wpb_column grve-column-1  grve-with-bg-transparent\"><div class=\"grve-column-wrapper-inner\"><div class=\"grve-column-inner-content\" ><h2 class=\"grve-element grve-title grve-align-inherit grve-h4\" style=\" color: #a07b57;\"><span>Le meilleur Cacao, cultiv\u00e9 en C\u00f4te d\u2019Ivoire<\/span><\/h2><h3 class=\"grve-element grve-title grve-align-inherit grve-page-title grve-text-white\"><span>Exp\u00e9di\u00e9 partout par Paps<\/span><\/h3><\/div><\/div><\/div><div class=\"grve-column-inner wpb_column grve-column-1  grve-mobile-column-hide grve-with-bg-transparent\"><div class=\"grve-column-wrapper-inner\"><div class=\"grve-column-inner-content\" ><div class=\"grve-empty-space grve-height-1x\"><\/div><\/div><\/div><\/div><div class=\"grve-column-inner wpb_column grve-column-5-6  grve-with-bg-transparent\"><div class=\"grve-column-wrapper-inner\"><div class=\"grve-column-inner-content\" ><div class=\"grve-element grve-text grve-leader-text cacao-txt\">\r\n\t\t\t<p>Le transport du cacao en C\u00f4te d&#8217;Ivoire est particuli\u00e8rement complexe en raison de la g\u00e9ographie du pays et de sa large diversit\u00e9 climatique. Sans parler de la grande vari\u00e9t\u00e9 des f\u00e8ves de cacao, chacune ayant ses propres caract\u00e9ristiques. Par cons\u00e9quent, la cha\u00eene d&#8217;approvisionnement du cacao en C\u00f4te d&#8217;Ivoire est tr\u00e8s fragment\u00e9e et souvent \u00e0 risque.<\/p>\n\r\n\t\t<\/div>\r\n\t<div class=\"grve-empty-space grve-height-2x\"><\/div><div class=\"grve-element grve-align-inherit\"><a href=\"https:\/\/papslogistics.com\/en\/demande-de-devis\/\" class=\"grve-btn grve-round grve-bg-white grve-border-white grve-bg-hover-white grve-border-hover-white grve-pulse grve-text-dark-grey grve-text-hover-dark-grey grve-btn-medium grve-with-svg-icon-arrow-2\">\r\n\t\t<div class=\"grve-btn-inner\">\r\n\t\t<span>Request a quote<\/span>\r\n\t\t\t\t\t\t\t<div class=\"grve-btn-svg-icon\">\r\n\t\t\t\t\t\t\t<svg width=\"40px\" height=\"16px\" viewbox=\"0 0 40 16\">\r\n\t\t\t\t\t<polygon class=\"grve-arrow-line\" points=\"0 7 38 7 38 9 0 9\"><\/polygon>\r\n\t\t\t\t\t<polygon class=\"grve-arrow-point\" points=\"31.3481912 0 40 8 31.3481912 16 30 14.5816219 37.1 8 30 1.41837809\"><\/polygon>\r\n\t\t\t\t<\/svg>\r\n\t\t\t\t\t\t\t\t<\/div>\r\n\t\t\t\t\t<\/div>\r\n\t<\/a><\/div><\/div><\/div><\/div><div class=\"grve-column-inner wpb_column grve-column-1-6  grve-with-bg-transparent grve-empty-column\"><div class=\"grve-column-wrapper-inner\"><div class=\"grve-column-inner-content\" ><\/div><\/div><\/div><div class=\"grve-column-inner wpb_column grve-column-1  grve-with-bg-transparent\"><div class=\"grve-column-wrapper-inner\"><div class=\"grve-column-inner-content\" ><div class=\"grve-empty-space grve-height-4x\"><\/div><\/div><\/div><\/div><div class=\"grve-column-inner wpb_column grve-column-1-3  grve-with-bg-transparent grve-empty-column\"><div class=\"grve-column-wrapper-inner\"><div class=\"grve-column-inner-content\" ><\/div><\/div><\/div><div class=\"grve-column-inner wpb_column grve-column-1-3  grve-with-bg-transparent grve-empty-column\"><div class=\"grve-column-wrapper-inner\"><div class=\"grve-column-inner-content\" ><\/div><\/div><\/div><div class=\"grve-column-inner wpb_column grve-column-1-3  grve-vertical-position-middle grve-with-bg-transparent grve-align-right grve-mobile-align-left grve-empty-column\"><div class=\"grve-column-wrapper-inner\"><div class=\"grve-column-inner-content\" ><\/div><\/div><\/div><\/div><\/div><div class=\"grve-inner-section grve-padding-top-2x grve-padding-bottom-2x grve-with-bg-transparent\"><div class=\"grve-row-inner grve-bookmark grve-columns-gap-default grve-mobile-vertical-gap-30\"><div class=\"grve-column-inner wpb_column grve-column-5-6  grve-with-bg-transparent grve-empty-column\"><div class=\"grve-column-wrapper-inner\"><div class=\"grve-column-inner-content\" ><\/div><\/div><\/div><div class=\"grve-column-inner wpb_column grve-column-1-6  grve-with-bg-transparent grve-empty-column\"><div class=\"grve-column-wrapper-inner\"><div class=\"grve-column-inner-content\" ><\/div><\/div><\/div><\/div><\/div><\/div><\/div><\/div><div class=\"grve-column wpb_column grve-bookmark grve-column-1-12  grve-with-bg-transparent grve-empty-column\"><div class=\"grve-column-wrapper\"><div class=\"grve-column-content\" ><\/div><\/div><\/div><div class=\"grve-column wpb_column grve-bookmark grve-column-1  grve-with-bg-transparent\"><div class=\"grve-column-wrapper\"><div class=\"grve-column-content\" ><div class=\"grve-inner-section grve-padding-top-2x grve-padding-bottom-1x grve-with-bg-transparent\"><div class=\"grve-row-inner grve-bookmark grve-columns-gap-default grve-mobile-vertical-gap-30\"><div class=\"grve-column-inner wpb_column grve-column-1-6  grve-with-bg-transparent grve-empty-column\"><div class=\"grve-column-wrapper-inner\"><div class=\"grve-column-inner-content\" ><\/div><\/div><\/div><div class=\"grve-column-inner wpb_column grve-column-1-2  grve-with-bg-transparent\"><div class=\"grve-column-wrapper-inner\"><div class=\"grve-column-inner-content\" ><div class=\"grve-element grve-text grve-leader-text cacao-txt\">\r\n\t\t\t<p>Paps offre une gamme de services et d&#8217;outils pour am\u00e9liorer l&#8217;efficacit\u00e9 du transport du cacao, notamment des solutions de tra\u00e7abilit\u00e9, des mat\u00e9riaux \u00e0 la pointe, m\u00e9thodes de conservation du cacao adapt\u00e9es aux normes de la logistique. Quelle que soit votre zone de production dans le pays, nous exp\u00e9dions vos marchandises vers la destination finale, en respectant les d\u00e9lais de livraison.<\/p>\n\r\n\t\t<\/div>\r\n\t<\/div><\/div><\/div><div class=\"grve-column-inner wpb_column grve-column-1-3  grve-with-bg-transparent grve-empty-column\"><div class=\"grve-column-wrapper-inner\"><div class=\"grve-column-inner-content\" ><\/div><\/div><\/div><\/div><\/div><\/div><\/div><\/div><div class=\"grve-column wpb_column grve-bookmark grve-column-1  grve-with-bg-transparent\"><div class=\"grve-column-wrapper\"><div class=\"grve-column-content\" ><div class=\"grve-inner-section grve-with-bg-transparent\"><div class=\"grve-row-inner grve-bookmark grve-columns-gap-default grve-mobile-vertical-gap-30\"><div class=\"grve-column-inner wpb_column grve-column-1  grve-with-bg-transparent grve-empty-column\"><div class=\"grve-column-wrapper-inner\"><div class=\"grve-column-inner-content\" ><\/div><\/div><\/div><\/div><\/div><\/div><\/div><\/div><\/div><\/div><div class=\"grve-background-wrapper\">  <div class=\"grve-bg-image grve-bg-center-center grve-bg-image-id-13547 lazyload\"  data-bgset=\"https:\/\/papslogistics.com\/wp-content\/uploads\/Header-Background-Mobile-3.jpg 480w, https:\/\/papslogistics.com\/wp-content\/uploads\/Header-Background-Mobile-3-59x300.jpg 59w, https:\/\/papslogistics.com\/wp-content\/uploads\/Header-Background-Mobile-3-401x2048.jpg 401w, https:\/\/papslogistics.com\/wp-content\/uploads\/Header-Background-Mobile-3-376x1920.jpg 376w\" data-sizes=\"auto\"><\/div>  <div class=\"grve-bg-overlay\" style=\"background-color:rgba(29,27,27,0.63)\"><\/div><\/div><\/div>","protected":false},"excerpt":{"rendered":"Le meilleur Cacao, cultiv\u00e9 en C\u00f4te d\u2019IvoireExp\u00e9di\u00e9 partout par Paps Le transport du cacao en C\u00f4te d'Ivoire est particuli\u00e8rement complexe en raison de la g\u00e9ographie du pays et de sa large diversit\u00e9 climatique. Sans parler de la grande vari\u00e9t\u00e9 des f\u00e8ves de cacao, chacune ayant ses propres caract\u00e9ristiques. Par cons\u00e9quent, la cha\u00eene d'approvisionnement du cacao [...]","protected":false},"author":1,"featured_media":0,"parent":0,"menu_order":0,"comment_status":"closed","ping_status":"closed","template":"","meta":{"footnotes":""},"class_list":["post-13488","page","type-page","status-publish","hentry","grve-entry-item"],"yoast_head":"<!-- This site is optimized with the Yoast SEO plugin v25.6 - https:\/\/yoast.com\/wordpress\/plugins\/seo\/ -->\n<title>Le transport du cacao en C\u00f4te d&#039;Ivoire - Paps Logistique<\/title>\n<meta name=\"robots\" content=\"index, follow, max-snippet:-1, max-image-preview:large, max-video-preview:-1\" \/>\n<link rel=\"canonical\" href=\"https:\/\/papslogistics.com\/en\/le-transport-du-cacao-en-cote-divoire\/\" \/>\n<meta property=\"og:locale\" content=\"en_GB\" \/>\n<meta property=\"og:type\" content=\"article\" \/>\n<meta property=\"og:title\" content=\"Le transport du cacao en C\u00f4te d&#039;Ivoire - Paps Logistique\" \/>\n<meta property=\"og:url\" content=\"https:\/\/papslogistics.com\/en\/le-transport-du-cacao-en-cote-divoire\/\" \/>\n<meta property=\"og:site_name\" content=\"Paps Logistique\" \/>\n<meta property=\"article:modified_time\" content=\"2023-01-17T10:59:23+00:00\" \/>\n<meta name=\"twitter:card\" content=\"summary_large_image\" \/>\n<meta name=\"twitter:label1\" content=\"Est. reading time\" \/>\n\t<meta name=\"twitter:data1\" content=\"5 minutes\" \/>\n<script type=\"application\/ld+json\" class=\"yoast-schema-graph\">{\"@context\":\"https:\/\/schema.org\",\"@graph\":[{\"@type\":\"WebPage\",\"@id\":\"https:\/\/papslogistics.com\/le-transport-du-cacao-en-cote-divoire\/\",\"url\":\"https:\/\/papslogistics.com\/le-transport-du-cacao-en-cote-divoire\/\",\"name\":\"Le transport du cacao en C\u00f4te d'Ivoire - Paps Logistique\",\"isPartOf\":{\"@id\":\"https:\/\/papslogistics.com\/#website\"},\"datePublished\":\"2023-01-16T14:17:50+00:00\",\"dateModified\":\"2023-01-17T10:59:23+00:00\",\"breadcrumb\":{\"@id\":\"https:\/\/papslogistics.com\/le-transport-du-cacao-en-cote-divoire\/#breadcrumb\"},\"inLanguage\":\"en-GB\",\"potentialAction\":[{\"@type\":\"ReadAction\",\"target\":[\"https:\/\/papslogistics.com\/le-transport-du-cacao-en-cote-divoire\/\"]}]},{\"@type\":\"BreadcrumbList\",\"@id\":\"https:\/\/papslogistics.com\/le-transport-du-cacao-en-cote-divoire\/#breadcrumb\",\"itemListElement\":[{\"@type\":\"ListItem\",\"position\":1,\"name\":\"Home\",\"item\":\"https:\/\/papslogistics.com\/\"},{\"@type\":\"ListItem\",\"position\":2,\"name\":\"Le transport du cacao en C\u00f4te d&#8217;Ivoire\"}]},{\"@type\":\"WebSite\",\"@id\":\"https:\/\/papslogistics.com\/#website\",\"url\":\"https:\/\/papslogistics.com\/\",\"name\":\"Paps Logistique\",\"description\":\"Une exp\u00e9rience de logistique unique\",\"potentialAction\":[{\"@type\":\"SearchAction\",\"target\":{\"@type\":\"EntryPoint\",\"urlTemplate\":\"https:\/\/papslogistics.com\/?s={search_term_string}\"},\"query-input\":{\"@type\":\"PropertyValueSpecification\",\"valueRequired\":true,\"valueName\":\"search_term_string\"}}],\"inLanguage\":\"en-GB\"}]}<\/script>\n<!-- \/ Yoast SEO plugin. -->","yoast_head_json":{"title":"Le transport du cacao en C\u00f4te d'Ivoire - Paps Logistique","robots":{"index":"index","follow":"follow","max-snippet":"max-snippet:-1","max-image-preview":"max-image-preview:large","max-video-preview":"max-video-preview:-1"},"canonical":"https:\/\/papslogistics.com\/en\/le-transport-du-cacao-en-cote-divoire\/","og_locale":"en_GB","og_type":"article","og_title":"Le transport du cacao en C\u00f4te d'Ivoire - Paps Logistique","og_url":"https:\/\/papslogistics.com\/en\/le-transport-du-cacao-en-cote-divoire\/","og_site_name":"Paps Logistique","article_modified_time":"2023-01-17T10:59:23+00:00","twitter_card":"summary_large_image","twitter_misc":{"Est. reading time":"5 minutes"},"schema":{"@context":"https:\/\/schema.org","@graph":[{"@type":"WebPage","@id":"https:\/\/papslogistics.com\/le-transport-du-cacao-en-cote-divoire\/","url":"https:\/\/papslogistics.com\/le-transport-du-cacao-en-cote-divoire\/","name":"Le transport du cacao en C\u00f4te d'Ivoire - Paps Logistique","isPartOf":{"@id":"https:\/\/papslogistics.com\/#website"},"datePublished":"2023-01-16T14:17:50+00:00","dateModified":"2023-01-17T10:59:23+00:00","breadcrumb":{"@id":"https:\/\/papslogistics.com\/le-transport-du-cacao-en-cote-divoire\/#breadcrumb"},"inLanguage":"en-GB","potentialAction":[{"@type":"ReadAction","target":["https:\/\/papslogistics.com\/le-transport-du-cacao-en-cote-divoire\/"]}]},{"@type":"BreadcrumbList","@id":"https:\/\/papslogistics.com\/le-transport-du-cacao-en-cote-divoire\/#breadcrumb","itemListElement":[{"@type":"ListItem","position":1,"name":"Home","item":"https:\/\/papslogistics.com\/"},{"@type":"ListItem","position":2,"name":"Le transport du cacao en C\u00f4te d&#8217;Ivoire"}]},{"@type":"WebSite","@id":"https:\/\/papslogistics.com\/#website","url":"https:\/\/papslogistics.com\/","name":"Paps Logistique","description":"An unparalleled logistic experience","potentialAction":[{"@type":"SearchAction","target":{"@type":"EntryPoint","urlTemplate":"https:\/\/papslogistics.com\/?s={search_term_string}"},"query-input":{"@type":"PropertyValueSpecification","valueRequired":true,"valueName":"search_term_string"}}],"inLanguage":"en-GB"}]}},"_links":{"self":[{"href":"https:\/\/papslogistics.com\/en\/wp-json\/wp\/v2\/pages\/13488","targetHints":{"allow":["GET"]}}],"collection":[{"href":"https:\/\/papslogistics.com\/en\/wp-json\/wp\/v2\/pages"}],"about":[{"href":"https:\/\/papslogistics.com\/en\/wp-json\/wp\/v2\/types\/page"}],"author":[{"embeddable":true,"href":"https:\/\/papslogistics.com\/en\/wp-json\/wp\/v2\/users\/1"}],"replies":[{"embeddable":true,"href":"https:\/\/papslogistics.com\/en\/wp-json\/wp\/v2\/comments?post=13488"}],"version-history":[{"count":0,"href":"https:\/\/papslogistics.com\/en\/wp-json\/wp\/v2\/pages\/13488\/revisions"}],"wp:attachment":[{"href":"https:\/\/papslogistics.com\/en\/wp-json\/wp\/v2\/media?parent=13488"}],"curies":[{"name":"wp","href":"https:\/\/api.w.org\/{rel}","templated":true}]}}