{"id":12373,"date":"2022-10-31T09:21:36","date_gmt":"2022-10-31T09:21:36","guid":{"rendered":"https:\/\/papslogistics.com\/?page_id=12373"},"modified":"2022-10-31T09:29:24","modified_gmt":"2022-10-31T09:29:24","slug":"ci-entreposage","status":"publish","type":"page","link":"https:\/\/papslogistics.com\/en\/cote-divoire\/ci-entreposage\/","title":{"rendered":"L&#8217;entreposage en C\u00f4te d&#8217;Ivoire"},"content":{"rendered":"<div class=\"grve-section grve-row-section grve-fullwidth-background grve-padding-bottom-2x grve-with-bg-image\" data-header-color=\"default\"  style=\"background-color:#399ebf;\"><div class=\"grve-container\"><div class=\"grve-row grve-bookmark grve-columns-gap-default grve-mobile-vertical-gap-30\"><div class=\"grve-column wpb_column grve-bookmark grve-column-1 grve-wpb-1666556909585 grve-tablet-sm-column-1 grve-with-bg-transparent\"><div class=\"grve-column-wrapper\"><div class=\"grve-column-content\" ><h1 class=\"grve-element grve-title grve-align-center grve-feature-title grve-text-white\" style=\"margin-bottom: 30px;\"><span>Storage<\/span><\/h1><\/div><\/div><\/div><\/div><\/div><div class=\"grve-background-wrapper\">  <div class=\"grve-bg-image grve-bg-center-center grve-bg-image-id-10086 lazyload\"  data-bgset=\"https:\/\/papslogistics.com\/wp-content\/uploads\/home-background.jpg 2048w, https:\/\/papslogistics.com\/wp-content\/uploads\/home-background-300x204.jpg 300w, https:\/\/papslogistics.com\/wp-content\/uploads\/home-background-1024x696.jpg 1024w, https:\/\/papslogistics.com\/wp-content\/uploads\/home-background-768x522.jpg 768w, https:\/\/papslogistics.com\/wp-content\/uploads\/home-background-1536x1043.jpg 1536w, https:\/\/papslogistics.com\/wp-content\/uploads\/home-background-1920x1304.jpg 1920w, https:\/\/papslogistics.com\/wp-content\/uploads\/home-background-600x408.jpg 600w\" data-sizes=\"auto\"><\/div><\/div><\/div><div class=\"grve-section grve-row-section grve-fullwidth-background grve-with-bg-transparent\" data-header-color=\"default\"><div class=\"grve-container\"><div class=\"grve-row grve-bookmark grve-columns-gap-default grve-mobile-vertical-gap-30\"><div class=\"grve-column wpb_column grve-bookmark grve-column-1 grve-wpb-1599199444770 grve-with-bg-transparent\"><div class=\"grve-column-wrapper\"><div class=\"grve-column-content\" ><div class=\"grve-inner-section grve-with-bg-transparent\"><div class=\"grve-row-inner grve-bookmark grve-columns-gap-default grve-mobile-vertical-gap-30\"><div class=\"grve-column-inner wpb_column grve-column-1  grve-with-bg-transparent\"><div class=\"grve-column-wrapper-inner\"><div class=\"grve-column-inner-content\" ><div data-clipping-color=\"white\" data-animation=\"colored-clipping-up\" data-delay=\"200\" data-duration=\"normal\" class=\"grve-element grve-image grve-align-center grve-clipping-animation grve-advanced-animation grve-colored-clipping grve-animated-item grve-image-space-100 grve-image-expand-width\">\r\n\t<div class=\"grve-image-item\">\r\n\t\t\r\n\r\n<div class=\"grve-image-wrapper grve-radius-5 grve-no-effect\">\r\n\t\t<div class=\"grve-thumbnail-wrapper\"><div class=\"grve-thumbnail\"  style=\"padding-top: 55.573%;\"><img fetchpriority=\"high\" decoding=\"async\" width=\"1920\" height=\"1067\" src=\"https:\/\/papslogistics.com\/wp-content\/uploads\/Paps-Entreposage.jpg\" class=\"attachment-impeka-grve-fullscreen size-impeka-grve-fullscreen\" alt=\"\" data-column-space=\"100\" data-lazyload=\"off\" data-grve-filter=\"yes\" srcset=\"https:\/\/papslogistics.com\/wp-content\/uploads\/Paps-Entreposage.jpg 1920w, https:\/\/papslogistics.com\/wp-content\/uploads\/Paps-Entreposage-300x167.jpg 300w, https:\/\/papslogistics.com\/wp-content\/uploads\/Paps-Entreposage-1024x569.jpg 1024w, https:\/\/papslogistics.com\/wp-content\/uploads\/Paps-Entreposage-768x427.jpg 768w, https:\/\/papslogistics.com\/wp-content\/uploads\/Paps-Entreposage-1536x854.jpg 1536w, https:\/\/papslogistics.com\/wp-content\/uploads\/Paps-Entreposage-600x333.jpg 600w\" sizes=\"(max-width: 1920px) 100vw, 1920px\" \/><\/div><\/div>\t<\/div>\r\n\t<\/div>\r\n<\/div>\r\n<\/div><\/div><\/div><\/div><\/div><\/div><\/div><\/div><\/div><\/div><\/div><div class=\"grve-section grve-row-section grve-fullwidth-background grve-padding-top-4x grve-padding-bottom-4x grve-with-bg-transparent\" data-header-color=\"default\"><div class=\"grve-container\"><div class=\"grve-row grve-bookmark grve-columns-gap-default grve-mobile-vertical-gap-30\"><div class=\"grve-column wpb_column grve-bookmark grve-column-1-6  grve-tablet-column-1-6 grve-tablet-sm-column-1-12 grve-with-bg-transparent grve-empty-column\"><div class=\"grve-column-wrapper\"><div class=\"grve-column-content\" ><\/div><\/div><\/div><div class=\"grve-column wpb_column grve-bookmark grve-column-2-3  grve-tablet-column-2-3 grve-tablet-sm-column-3-4 grve-with-bg-transparent entreposage\"><div class=\"grve-column-wrapper\"><div class=\"grve-column-content\" ><h3 data-clipping-color=\"black\" data-animation=\"colored-clipping-left\" data-delay=\"200\" data-duration=\"normal\" class=\"grve-element grve-title grve-align-inherit grve-clipping-animation grve-advanced-animation grve-colored-clipping grve-animated-item grve-subtitle-text\" style=\"margin-bottom: 30px;\"><span>Storage<\/span><\/h3><h3 class=\"grve-element grve-animated-text grve-animated-item grve-align-inherit grve-h4 grve-style-2\" data-style=\"style-2\" data-delay=\"0\" data-duration=\"fast\"><span class=\"grve-animated-entry\"><span class=\"grve-line\">Warehousing refers to the storage of goods and materials for subsequent distribution or marketing. Inspection, identification, receiving, verification, shelving, and product flow management are some of the responsibilities. The storage period varies between short and long, depending on the nature of the products as well as the customer's needs.<\/span><\/span><\/h3><div class=\"grve-empty-space grve-height-2x\"><\/div><div class=\"grve-inner-section grve-with-bg-transparent\"><div class=\"grve-row-inner grve-bookmark grve-columns-gap-60 grve-mobile-vertical-gap-30\"><div class=\"grve-column-inner wpb_column grve-column-1  grve-with-bg-transparent\"><div class=\"grve-column-wrapper-inner\"><div class=\"grve-column-inner-content\" ><div class=\"grve-element grve-text grve-page-description grve-animated-item\" data-animation=\"fade-in-up\" data-delay=\"200\" data-duration=\"normal\">\r\n\t\t\t<p>We have a storage space of more than 4000m2. Our warehouses are conveniently located in proximity to marketplaces, roads, and transit hubs, to promote your accessibility. To safeguard your items during the handling period and to prevent any intrusion of unauthorized parties outside the operational team, they are equipped with remote monitoring, alarms, and security personnel.<\/p>\n\r\n\t\t<\/div>\r\n\t<div class=\"grve-empty-space grve-height-1x\"><\/div><div class=\"grve-element grve-text grve-page-description grve-animated-item\" data-animation=\"fade-in-up\" data-delay=\"300\" data-duration=\"normal\">\r\n\t\t\t<p>We offer personalized warehousing and storage spaces for products in bulk, pallets, or boxes for smaller volumes. We carry out storage on the ground and storage at height on racks.<\/p>\n\r\n\t\t<\/div>\r\n\t<div class=\"grve-empty-space grve-height-1x\"><\/div><div class=\"grve-element grve-text grve-page-description grve-animated-item\" data-animation=\"fade-in-up\" data-delay=\"400\" data-duration=\"normal\">\r\n\t\t\t<p>We do not impose a minimum storage period on our customers and leave them the flexibility to choose the duration and space that suits their needs.<\/p>\n\r\n\t\t<\/div>\r\n\t<div class=\"grve-empty-space grve-height-2x\"><\/div><div class=\"grve-element grve-align-inherit grve-fullwidth-button\"><a href=\"#entreposage\" class=\"grve-btn grve-square grve-bg-primary-3 grve-border-primary-3 grve-bg-hover-primary-2 grve-border-hover-primary-2 grve-pulse grve-text-white grve-text-hover-white grve-btn-medium grve-fullwidth-btn grve-fluid-btn-short\">\r\n\t\t<span>Learn more<\/span>\r\n\t\t\t\t\t\t\t<\/a><\/div><\/div><\/div><\/div><\/div><\/div><\/div><\/div><\/div><div class=\"grve-column wpb_column grve-bookmark grve-column-1-6  grve-with-bg-transparent grve-empty-column\"><div class=\"grve-column-wrapper\"><div class=\"grve-column-content\" ><\/div><\/div><\/div><\/div><\/div><\/div><div class=\"grve-section grve-row-section grve-fullwidth-background grve-percentage-height grve-padding-top-1x grve-padding-bottom-1x grve-with-bg-image grve-bg-parallax\" data-header-color=\"light\" data-parallax-threshold=\"0.3\" data-height-ratio=\"70\"  style=\"background-color:#399ebf;\"><div class=\"grve-container\"><div class=\"grve-row grve-bookmark grve-columns-gap-default grve-mobile-vertical-gap-30 grve-percentage-content\"><div class=\"grve-column wpb_column grve-bookmark grve-column-1  grve-with-bg-transparent grve-empty-column\"><div class=\"grve-column-wrapper\"><div class=\"grve-column-content\" ><\/div><\/div><\/div><\/div><\/div><div class=\"grve-background-wrapper\">  <div class=\"grve-bg-image grve-bg-image-id-11917 lazyload\"  data-bgset=\"https:\/\/papslogistics.com\/wp-content\/uploads\/Paps-Entreposage-.jpg 1920w, https:\/\/papslogistics.com\/wp-content\/uploads\/Paps-Entreposage--300x167.jpg 300w, https:\/\/papslogistics.com\/wp-content\/uploads\/Paps-Entreposage--1024x569.jpg 1024w, https:\/\/papslogistics.com\/wp-content\/uploads\/Paps-Entreposage--768x427.jpg 768w, https:\/\/papslogistics.com\/wp-content\/uploads\/Paps-Entreposage--1536x854.jpg 1536w, https:\/\/papslogistics.com\/wp-content\/uploads\/Paps-Entreposage--600x333.jpg 600w\" data-sizes=\"auto\"><\/div><\/div><\/div><div class=\"grve-section grve-row-section grve-fullwidth-background grve-padding-top-4x grve-padding-bottom-4x grve-headings-white grve-with-bg-transparent\" id=\"entreposage\" data-header-color=\"light\"  style=\"color:#ffffff;\"><div class=\"grve-container\"><div class=\"grve-row grve-bookmark grve-columns-gap-default grve-mobile-vertical-gap-30\"><div class=\"grve-column wpb_column grve-bookmark grve-column-5-6  grve-with-bg-transparent\"  style=\"color:#000000;\"><div class=\"grve-column-wrapper\"><div class=\"grve-column-content\" ><h3 class=\"grve-element grve-title grve-align-inherit grve-subtitle-text grve-text-black\"><span>Storage<\/span><\/h3><h3 class=\"grve-element grve-title grve-align-inherit grve-h3 grve-text-black\"><span>How it works<\/span><\/h3><div class=\"grve-empty-space grve-height-1x\"><\/div><\/div><\/div><\/div><div class=\"grve-column wpb_column grve-bookmark grve-column-1-6  grve-with-bg-transparent grve-empty-column\"><div class=\"grve-column-wrapper\"><div class=\"grve-column-content\" ><\/div><\/div><\/div><div class=\"grve-column wpb_column grve-bookmark grve-column-1  grve-with-bg-transparent\"><div class=\"grve-column-wrapper\"><div class=\"grve-column-content\" ><div class=\"grve-inner-section grve-headings-white grve-with-bg-transparent grve-mobile-row-hide\"  style=\"color:#ffffff;\"><div class=\"grve-row-inner grve-bookmark grve-columns-gap-none\"><div class=\"grve-column-inner wpb_column grve-column-1-4 grve-wpb-1662068678935 grve-with-bg-color grve-animated-item grve-clipping-animation\" data-delay=\"200\" data-duration=\"normal\" data-animation=\"clipping-up\"><div class=\"grve-column-wrapper-inner\"  style=\"background-color:#ffffff;\"><div class=\"grve-column-inner-content\" ><div class=\"grve-element grve-box-icon grve-small grve-top-icon grve-align-center\"><div class=\"grve-wrapper-icon\" style=\"\"><div id=\"grve-svg-69dbb36094102\" data-file=\"https:\/\/papslogistics.com\/wp-content\/uploads\/Fichier-4.svg\" class=\"grve-box-icon grve-custom-svg-icon grve-text-primary-2\"><\/div><\/div><div class=\"grve-box-content\"><h3 class=\"grve-box-title grve-body-text grve-text-primary-2\">Your goods are carefully removed from your location and delivered to our warehouses by our Papsers.<\/h3><\/div><\/div><\/div><\/div><\/div><div class=\"grve-column-inner wpb_column grve-column-1-4 grve-wpb-1666108800470 grve-with-bg-color grve-animated-item grve-clipping-animation\" data-delay=\"400\" data-duration=\"normal\" data-animation=\"clipping-down\"><div class=\"grve-column-wrapper-inner\"  style=\"background-color:#ffffff;\"><div class=\"grve-column-inner-content\" ><div class=\"grve-element grve-box-icon grve-small grve-top-icon grve-align-center\"><div class=\"grve-wrapper-icon\" style=\"\"><div id=\"grve-svg-69dbb360952e9\" data-file=\"https:\/\/papslogistics.com\/wp-content\/uploads\/Fichier-10.svg\" class=\"grve-box-icon grve-custom-svg-icon grve-text-primary-2\"><\/div><\/div><div class=\"grve-box-content\"><h3 class=\"grve-box-title grve-body-text grve-text-primary-2\">Our team of handlers packs the goods as needed for optimal storage.<\/h3><\/div><\/div><\/div><\/div><\/div><div class=\"grve-column-inner wpb_column grve-column-1-4 grve-wpb-1666108775872 grve-with-bg-color grve-animated-item grve-clipping-animation\" data-delay=\"600\" data-duration=\"normal\" data-animation=\"clipping-down\"><div class=\"grve-column-wrapper-inner\"  style=\"background-color:#ffffff;\"><div class=\"grve-column-inner-content\" ><div class=\"grve-element grve-box-icon grve-small grve-top-icon grve-align-center\"><div class=\"grve-wrapper-icon\" style=\"\"><div id=\"grve-svg-69dbb36096b99\" data-file=\"https:\/\/papslogistics.com\/wp-content\/uploads\/Fichier-1.svg\" class=\"grve-box-icon grve-custom-svg-icon grve-text-primary-2\"><\/div><\/div><div class=\"grve-box-content\"><h3 class=\"grve-box-title grve-body-text grve-text-primary-2\">Our operational team is in charge of dispatching when your products need to be delivered.<\/h3><\/div><\/div><\/div><\/div><\/div><div class=\"grve-column-inner wpb_column grve-column-1-4 grve-wpb-1662064714071 grve-with-bg-color grve-animated-item grve-clipping-animation\" data-delay=\"400\" data-duration=\"normal\" data-animation=\"clipping-up\"><div class=\"grve-column-wrapper-inner\"  style=\"background-color:#ffffff;\"><div class=\"grve-column-inner-content\" ><div class=\"grve-element grve-box-icon grve-small grve-top-icon grve-align-center\"><div class=\"grve-wrapper-icon\" style=\"\"><div id=\"grve-svg-69dbb3609726a\" data-file=\"https:\/\/papslogistics.com\/wp-content\/uploads\/Fichier-4.svg\" class=\"grve-box-icon grve-custom-svg-icon grve-text-primary-2\"><\/div><\/div><div class=\"grve-box-content\"><h3 class=\"grve-box-title grve-body-text grve-text-primary-2\">Chartered Papsers are responsible for delivering the products to the recipients.<\/h3><\/div><\/div><\/div><\/div><\/div><\/div><\/div><div class=\"grve-inner-section grve-headings-white grve-with-bg-transparent grve-desktop-row-hide grve-tablet-row-hide grve-tablet-sm-row-hide\"  style=\"color:#ffffff;\"><div class=\"grve-row-inner grve-bookmark grve-columns-gap-none\"><div class=\"grve-column-inner wpb_column grve-column-1-4 grve-wpb-1662068678935 grve-with-bg-color grve-animated-item grve-clipping-animation\" data-delay=\"200\" data-duration=\"normal\" data-animation=\"clipping-up\"><div class=\"grve-column-wrapper-inner\"  style=\"background-color:#ffffff;\"><div class=\"grve-column-inner-content\" ><div class=\"grve-element grve-box-icon grve-small grve-top-icon grve-align-center\"><div class=\"grve-wrapper-icon\" style=\"\"><div id=\"grve-svg-69dbb36097989\" data-file=\"https:\/\/papslogistics.com\/wp-content\/uploads\/Fichier-4.svg\" class=\"grve-box-icon grve-custom-svg-icon grve-text-primary-2\"><\/div><\/div><div class=\"grve-box-content\"><h3 class=\"grve-box-title grve-body-text grve-text-primary-2\">Your goods are carefully removed from your location and delivered to our warehouses by our Papsers.<\/h3><\/div><\/div><\/div><\/div><\/div><div class=\"grve-column-inner wpb_column grve-column-1-4 grve-wpb-1666108800470 grve-with-bg-color grve-animated-item grve-clipping-animation\" data-delay=\"400\" data-duration=\"normal\" data-animation=\"clipping-down\"><div class=\"grve-column-wrapper-inner\"  style=\"background-color:#ffffff;\"><div class=\"grve-column-inner-content\" ><div class=\"grve-element grve-box-icon grve-small grve-top-icon grve-align-center\"><div class=\"grve-wrapper-icon\" style=\"\"><div id=\"grve-svg-69dbb36097e1c\" data-file=\"https:\/\/papslogistics.com\/wp-content\/uploads\/Fichier-10.svg\" class=\"grve-box-icon grve-custom-svg-icon grve-text-primary-2\"><\/div><\/div><div class=\"grve-box-content\"><h3 class=\"grve-box-title grve-body-text grve-text-primary-2\">Our team of handlers packs the goods as needed for optimal storage.<\/h3><\/div><\/div><\/div><\/div><\/div><div class=\"grve-column-inner wpb_column grve-column-1-4 grve-wpb-1666867657779 grve-with-bg-color grve-animated-item grve-clipping-animation\" data-delay=\"600\" data-duration=\"normal\" data-animation=\"clipping-down\"><div class=\"grve-column-wrapper-inner\"  style=\"background-color:#ffffff;\"><div class=\"grve-column-inner-content\" ><div class=\"grve-element grve-box-icon grve-small grve-top-icon grve-align-center\"><div class=\"grve-wrapper-icon\" style=\"\"><div id=\"grve-svg-69dbb360982a8\" data-file=\"https:\/\/papslogistics.com\/wp-content\/uploads\/Fichier-1.svg\" class=\"grve-box-icon grve-custom-svg-icon grve-text-primary-2\"><\/div><\/div><div class=\"grve-box-content\"><h3 class=\"grve-box-title grve-body-text grve-text-primary-2\">Our operational team is in charge of dispatching when your products need to be delivered.<\/h3><\/div><\/div><\/div><\/div><\/div><div class=\"grve-column-inner wpb_column grve-column-1-4 grve-wpb-1666867681388 grve-with-bg-color grve-animated-item grve-clipping-animation\" data-delay=\"400\" data-duration=\"normal\" data-animation=\"clipping-up\"><div class=\"grve-column-wrapper-inner\"  style=\"background-color:#ffffff;\"><div class=\"grve-column-inner-content\" ><div class=\"grve-element grve-box-icon grve-small grve-top-icon grve-align-center\"><div class=\"grve-wrapper-icon\" style=\"\"><div id=\"grve-svg-69dbb36098833\" data-file=\"https:\/\/papslogistics.com\/wp-content\/uploads\/Fichier-4.svg\" class=\"grve-box-icon grve-custom-svg-icon grve-text-primary-2\"><\/div><\/div><div class=\"grve-box-content\"><h3 class=\"grve-box-title grve-body-text grve-text-primary-2\">Chartered Papsers are responsible for delivering the products to the recipients.<\/h3><\/div><\/div><\/div><\/div><\/div><\/div><\/div><\/div><\/div><\/div><\/div><\/div><\/div>","protected":false},"excerpt":{"rendered":"L'entreposage EntreposageL'entreposage se rapporte au stockage de biens et de mat\u00e9riaux qui seront distribu\u00e9s ou commercialis\u00e9s ult\u00e9rieurement. Les fonctions comprennent l'inspection, l'identification, la r\u00e9ception, la v\u00e9rification, la mise en rayon et la gestion des flux des produits. La dur\u00e9e d'entreposage peut \u00eatre courte ou longue en fonction de la nature des produits ainsi que les [...]","protected":false},"author":1,"featured_media":0,"parent":4929,"menu_order":0,"comment_status":"closed","ping_status":"closed","template":"","meta":{"footnotes":""},"class_list":["post-12373","page","type-page","status-publish","hentry","grve-entry-item"],"yoast_head":"<!-- This site is optimized with the Yoast SEO plugin v25.6 - https:\/\/yoast.com\/wordpress\/plugins\/seo\/ -->\n<title>L&#039;entreposage en C\u00f4te d&#039;Ivoire - Paps Logistique<\/title>\n<meta name=\"robots\" content=\"index, follow, max-snippet:-1, max-image-preview:large, max-video-preview:-1\" \/>\n<link rel=\"canonical\" href=\"https:\/\/papslogistics.com\/en\/cote-divoire\/ci-entreposage\/\" \/>\n<meta property=\"og:locale\" content=\"en_GB\" \/>\n<meta property=\"og:type\" content=\"article\" \/>\n<meta property=\"og:title\" content=\"L&#039;entreposage en C\u00f4te d&#039;Ivoire - Paps Logistique\" \/>\n<meta property=\"og:url\" content=\"https:\/\/papslogistics.com\/en\/cote-divoire\/ci-entreposage\/\" \/>\n<meta property=\"og:site_name\" content=\"Paps Logistique\" \/>\n<meta property=\"article:modified_time\" content=\"2022-10-31T09:29:24+00:00\" \/>\n<meta name=\"twitter:card\" content=\"summary_large_image\" \/>\n<meta name=\"twitter:label1\" content=\"Est. reading time\" \/>\n\t<meta name=\"twitter:data1\" content=\"7 minutes\" \/>\n<script type=\"application\/ld+json\" class=\"yoast-schema-graph\">{\"@context\":\"https:\/\/schema.org\",\"@graph\":[{\"@type\":\"WebPage\",\"@id\":\"https:\/\/papslogistics.com\/cote-divoire\/ci-entreposage\/\",\"url\":\"https:\/\/papslogistics.com\/cote-divoire\/ci-entreposage\/\",\"name\":\"L'entreposage en C\u00f4te d'Ivoire - Paps Logistique\",\"isPartOf\":{\"@id\":\"https:\/\/papslogistics.com\/#website\"},\"datePublished\":\"2022-10-31T09:21:36+00:00\",\"dateModified\":\"2022-10-31T09:29:24+00:00\",\"breadcrumb\":{\"@id\":\"https:\/\/papslogistics.com\/cote-divoire\/ci-entreposage\/#breadcrumb\"},\"inLanguage\":\"en-GB\",\"potentialAction\":[{\"@type\":\"ReadAction\",\"target\":[\"https:\/\/papslogistics.com\/cote-divoire\/ci-entreposage\/\"]}]},{\"@type\":\"BreadcrumbList\",\"@id\":\"https:\/\/papslogistics.com\/cote-divoire\/ci-entreposage\/#breadcrumb\",\"itemListElement\":[{\"@type\":\"ListItem\",\"position\":1,\"name\":\"Home\",\"item\":\"https:\/\/papslogistics.com\/\"},{\"@type\":\"ListItem\",\"position\":2,\"name\":\"C\u00f4te d&#8217;Ivoire\",\"item\":\"https:\/\/papslogistics.com\/cote-divoire\/\"},{\"@type\":\"ListItem\",\"position\":3,\"name\":\"L&#8217;entreposage en C\u00f4te d&#8217;Ivoire\"}]},{\"@type\":\"WebSite\",\"@id\":\"https:\/\/papslogistics.com\/#website\",\"url\":\"https:\/\/papslogistics.com\/\",\"name\":\"Paps Logistique\",\"description\":\"Une exp\u00e9rience de logistique unique\",\"potentialAction\":[{\"@type\":\"SearchAction\",\"target\":{\"@type\":\"EntryPoint\",\"urlTemplate\":\"https:\/\/papslogistics.com\/?s={search_term_string}\"},\"query-input\":{\"@type\":\"PropertyValueSpecification\",\"valueRequired\":true,\"valueName\":\"search_term_string\"}}],\"inLanguage\":\"en-GB\"}]}<\/script>\n<!-- \/ Yoast SEO plugin. -->","yoast_head_json":{"title":"L'entreposage en C\u00f4te d'Ivoire - Paps Logistique","robots":{"index":"index","follow":"follow","max-snippet":"max-snippet:-1","max-image-preview":"max-image-preview:large","max-video-preview":"max-video-preview:-1"},"canonical":"https:\/\/papslogistics.com\/en\/cote-divoire\/ci-entreposage\/","og_locale":"en_GB","og_type":"article","og_title":"L'entreposage en C\u00f4te d'Ivoire - Paps Logistique","og_url":"https:\/\/papslogistics.com\/en\/cote-divoire\/ci-entreposage\/","og_site_name":"Paps Logistique","article_modified_time":"2022-10-31T09:29:24+00:00","twitter_card":"summary_large_image","twitter_misc":{"Est. reading time":"7 minutes"},"schema":{"@context":"https:\/\/schema.org","@graph":[{"@type":"WebPage","@id":"https:\/\/papslogistics.com\/cote-divoire\/ci-entreposage\/","url":"https:\/\/papslogistics.com\/cote-divoire\/ci-entreposage\/","name":"L'entreposage en C\u00f4te d'Ivoire - Paps Logistique","isPartOf":{"@id":"https:\/\/papslogistics.com\/#website"},"datePublished":"2022-10-31T09:21:36+00:00","dateModified":"2022-10-31T09:29:24+00:00","breadcrumb":{"@id":"https:\/\/papslogistics.com\/cote-divoire\/ci-entreposage\/#breadcrumb"},"inLanguage":"en-GB","potentialAction":[{"@type":"ReadAction","target":["https:\/\/papslogistics.com\/cote-divoire\/ci-entreposage\/"]}]},{"@type":"BreadcrumbList","@id":"https:\/\/papslogistics.com\/cote-divoire\/ci-entreposage\/#breadcrumb","itemListElement":[{"@type":"ListItem","position":1,"name":"Home","item":"https:\/\/papslogistics.com\/"},{"@type":"ListItem","position":2,"name":"C\u00f4te d&#8217;Ivoire","item":"https:\/\/papslogistics.com\/cote-divoire\/"},{"@type":"ListItem","position":3,"name":"L&#8217;entreposage en C\u00f4te d&#8217;Ivoire"}]},{"@type":"WebSite","@id":"https:\/\/papslogistics.com\/#website","url":"https:\/\/papslogistics.com\/","name":"Paps Logistique","description":"An unparalleled logistic experience","potentialAction":[{"@type":"SearchAction","target":{"@type":"EntryPoint","urlTemplate":"https:\/\/papslogistics.com\/?s={search_term_string}"},"query-input":{"@type":"PropertyValueSpecification","valueRequired":true,"valueName":"search_term_string"}}],"inLanguage":"en-GB"}]}},"_links":{"self":[{"href":"https:\/\/papslogistics.com\/en\/wp-json\/wp\/v2\/pages\/12373","targetHints":{"allow":["GET"]}}],"collection":[{"href":"https:\/\/papslogistics.com\/en\/wp-json\/wp\/v2\/pages"}],"about":[{"href":"https:\/\/papslogistics.com\/en\/wp-json\/wp\/v2\/types\/page"}],"author":[{"embeddable":true,"href":"https:\/\/papslogistics.com\/en\/wp-json\/wp\/v2\/users\/1"}],"replies":[{"embeddable":true,"href":"https:\/\/papslogistics.com\/en\/wp-json\/wp\/v2\/comments?post=12373"}],"version-history":[{"count":0,"href":"https:\/\/papslogistics.com\/en\/wp-json\/wp\/v2\/pages\/12373\/revisions"}],"up":[{"embeddable":true,"href":"https:\/\/papslogistics.com\/en\/wp-json\/wp\/v2\/pages\/4929"}],"wp:attachment":[{"href":"https:\/\/papslogistics.com\/en\/wp-json\/wp\/v2\/media?parent=12373"}],"curies":[{"name":"wp","href":"https:\/\/api.w.org\/{rel}","templated":true}]}}