{"id":12350,"date":"2022-10-28T12:46:05","date_gmt":"2022-10-28T12:46:05","guid":{"rendered":"https:\/\/papslogistics.com\/?page_id=12350"},"modified":"2022-10-28T12:47:52","modified_gmt":"2022-10-28T12:47:52","slug":"sn-tournee-reguliere","status":"publish","type":"page","link":"https:\/\/papslogistics.com\/en\/senegal\/sn-tournee-reguliere\/","title":{"rendered":"La tourn\u00e9e r\u00e9guli\u00e8re au S\u00e9n\u00e9gal"},"content":{"rendered":"<div class=\"grve-section grve-row-section grve-fullwidth-background grve-padding-bottom-2x grve-with-bg-image\" data-header-color=\"default\"  style=\"background-color:#399ebf;\"><div class=\"grve-container\"><div class=\"grve-row grve-bookmark grve-columns-gap-default grve-mobile-vertical-gap-30\"><div class=\"grve-column wpb_column grve-bookmark grve-column-1 grve-wpb-1666556921400 grve-tablet-sm-column-1 grve-with-bg-transparent\"><div class=\"grve-column-wrapper\"><div class=\"grve-column-content\" ><h1 class=\"grve-element grve-title grve-align-center grve-feature-title grve-text-white\" style=\"margin-bottom: 30px;\"><span>Automation<\/span><\/h1><\/div><\/div><\/div><\/div><\/div><div class=\"grve-background-wrapper\">  <div class=\"grve-bg-image grve-bg-center-center grve-bg-image-id-10086 lazyload\"  data-bgset=\"https:\/\/papslogistics.com\/wp-content\/uploads\/home-background.jpg 2048w, https:\/\/papslogistics.com\/wp-content\/uploads\/home-background-300x204.jpg 300w, https:\/\/papslogistics.com\/wp-content\/uploads\/home-background-1024x696.jpg 1024w, https:\/\/papslogistics.com\/wp-content\/uploads\/home-background-768x522.jpg 768w, https:\/\/papslogistics.com\/wp-content\/uploads\/home-background-1536x1043.jpg 1536w, https:\/\/papslogistics.com\/wp-content\/uploads\/home-background-1920x1304.jpg 1920w, https:\/\/papslogistics.com\/wp-content\/uploads\/home-background-600x408.jpg 600w\" data-sizes=\"auto\"><\/div><\/div><\/div><div class=\"grve-section grve-row-section grve-fullwidth-background grve-with-bg-transparent\" data-header-color=\"default\"><div class=\"grve-container\"><div class=\"grve-row grve-bookmark grve-columns-gap-default grve-mobile-vertical-gap-30\"><div class=\"grve-column wpb_column grve-bookmark grve-column-1 grve-wpb-1599199444770 grve-with-bg-transparent\"><div class=\"grve-column-wrapper\"><div class=\"grve-column-content\" ><div class=\"grve-inner-section grve-with-bg-transparent\"><div class=\"grve-row-inner grve-bookmark grve-columns-gap-default grve-mobile-vertical-gap-30\"><div class=\"grve-column-inner wpb_column grve-column-1  grve-with-bg-transparent\"><div class=\"grve-column-wrapper-inner\"><div class=\"grve-column-inner-content\" ><div data-clipping-color=\"white\" data-animation=\"colored-clipping-up\" data-delay=\"200\" data-duration=\"normal\" class=\"grve-element grve-image grve-align-center grve-clipping-animation grve-advanced-animation grve-colored-clipping grve-animated-item grve-image-space-100 grve-image-expand-width\">\r\n\t<div class=\"grve-image-item\">\r\n\t\t\r\n\r\n<div class=\"grve-image-wrapper grve-radius-5 grve-no-effect\">\r\n\t\t<div class=\"grve-thumbnail-wrapper\"><div class=\"grve-thumbnail\"  style=\"padding-top: 55.573%;\"><img fetchpriority=\"high\" decoding=\"async\" width=\"1920\" height=\"1067\" src=\"https:\/\/papslogistics.com\/wp-content\/uploads\/Paps-Tournee-Reguliere.jpg\" class=\"attachment-impeka-grve-fullscreen size-impeka-grve-fullscreen\" alt=\"\" data-column-space=\"100\" data-lazyload=\"off\" data-grve-filter=\"yes\" srcset=\"https:\/\/papslogistics.com\/wp-content\/uploads\/Paps-Tournee-Reguliere.jpg 1920w, https:\/\/papslogistics.com\/wp-content\/uploads\/Paps-Tournee-Reguliere-300x167.jpg 300w, https:\/\/papslogistics.com\/wp-content\/uploads\/Paps-Tournee-Reguliere-1024x569.jpg 1024w, https:\/\/papslogistics.com\/wp-content\/uploads\/Paps-Tournee-Reguliere-768x427.jpg 768w, https:\/\/papslogistics.com\/wp-content\/uploads\/Paps-Tournee-Reguliere-1536x854.jpg 1536w, https:\/\/papslogistics.com\/wp-content\/uploads\/Paps-Tournee-Reguliere-600x333.jpg 600w\" sizes=\"(max-width: 1920px) 100vw, 1920px\" \/><\/div><\/div>\t<\/div>\r\n\t<\/div>\r\n<\/div>\r\n<\/div><\/div><\/div><\/div><\/div><\/div><\/div><\/div><\/div><\/div><\/div><div class=\"grve-section grve-row-section grve-fullwidth-background grve-padding-top-4x grve-padding-bottom-4x grve-with-bg-transparent\" data-header-color=\"default\"><div class=\"grve-container\"><div class=\"grve-row grve-bookmark grve-columns-gap-default grve-mobile-vertical-gap-30\"><div class=\"grve-column wpb_column grve-bookmark grve-column-1-6  grve-tablet-column-1-6 grve-tablet-sm-column-1-12 grve-with-bg-transparent grve-empty-column\"><div class=\"grve-column-wrapper\"><div class=\"grve-column-content\" ><\/div><\/div><\/div><div class=\"grve-column wpb_column grve-bookmark grve-column-2-3  grve-tablet-column-2-3 grve-tablet-sm-column-3-4 grve-with-bg-transparent tournee-reguliere\"><div class=\"grve-column-wrapper\"><div class=\"grve-column-content\" ><h3 data-clipping-color=\"black\" data-animation=\"colored-clipping-left\" data-delay=\"200\" data-duration=\"normal\" class=\"grve-element grve-title grve-align-inherit grve-clipping-animation grve-advanced-animation grve-colored-clipping grve-animated-item grve-subtitle-text\" style=\"margin-bottom: 30px;\"><span><br>\nAutomation<br>\n<\/span><\/h3><h3 class=\"grve-element grve-animated-text grve-animated-item grve-align-inherit grve-h4 grve-style-2\" data-style=\"style-2\" data-delay=\"200\" data-duration=\"fast\"><span class=\"grve-animated-entry\"><span class=\"grve-line\">Our regular route service handles the daily delivery or pickup routes, inter-site shuttles, and routine errands for our customers that have been prearranged. With the help of this service, we can easily, effectively, and affordably optimize the regular delivery of documents, parcels and products.<\/span><\/span><\/h3><div class=\"grve-empty-space grve-height-2x\"><\/div><div class=\"grve-inner-section grve-with-bg-transparent\"><div class=\"grve-row-inner grve-bookmark grve-columns-gap-60 grve-mobile-vertical-gap-30\"><div class=\"grve-column-inner wpb_column grve-column-1  grve-with-bg-transparent\"><div class=\"grve-column-wrapper-inner\"><div class=\"grve-column-inner-content\" ><div class=\"grve-element grve-text grve-page-description grve-animated-item\" data-animation=\"fade-in-up\" data-delay=\"200\" data-duration=\"normal\">\r\n\t\t\t<p>The routine enables time management for you because you schedule regular passages, avoid repetitive trips, and phone calls and limit the unnecessary and non-productive loss of time. It gives you the flexibility to choose the flow of regular trips through the number of our regular trips per day, per week, and per month and in relation to the various identified destination points.<\/p>\n\r\n\t\t<\/div>\r\n\t<div class=\"grve-empty-space grve-height-1x\"><\/div><div class=\"grve-element grve-text grve-page-description grve-animated-item\" data-animation=\"fade-in-up\" data-delay=\"300\" data-duration=\"normal\">\r\n\t\t\t<p>This service also allows you to hire a dedicated expert courier that can adjust to any circumstance. The final big benefit of this offer is cost-effectiveness. It enables you to save money by allowing us to maximise delivery costs through the pooling of shipments.<\/p>\n\r\n\t\t<\/div>\r\n\t<div class=\"grve-empty-space grve-height-1x\"><\/div><div class=\"grve-element grve-text grve-page-description grve-animated-item\" data-animation=\"fade-in-up\" data-delay=\"400\" data-duration=\"normal\">\r\n\t\t\t<p>We offer the tour at the urban and national levels thanks to our weekly shuttles.<\/p>\n\r\n\t\t<\/div>\r\n\t<div class=\"grve-empty-space grve-height-2x\"><\/div><div class=\"grve-element grve-align-inherit grve-fullwidth-button\"><a href=\"#tournee-reguliere\" class=\"grve-btn grve-square grve-bg-primary-3 grve-border-primary-3 grve-bg-hover-primary-2 grve-border-hover-primary-2 grve-pulse grve-text-white grve-text-hover-white grve-btn-medium grve-fullwidth-btn grve-fluid-btn-short\">\r\n\t\t<span>Learn more<\/span>\r\n\t\t\t\t\t\t\t<\/a><\/div><\/div><\/div><\/div><\/div><\/div><\/div><\/div><\/div><div class=\"grve-column wpb_column grve-bookmark grve-column-1-6  grve-with-bg-transparent grve-empty-column\"><div class=\"grve-column-wrapper\"><div class=\"grve-column-content\" ><\/div><\/div><\/div><\/div><\/div><\/div><div class=\"grve-section grve-row-section grve-fullwidth-background grve-percentage-height grve-padding-top-1x grve-padding-bottom-1x grve-with-bg-image grve-bg-parallax grve-mobile-row-hide\" data-header-color=\"light\" data-parallax-threshold=\"0.3\" data-height-ratio=\"70\"  style=\"background-color:#399ebf;\"><div class=\"grve-container\"><div class=\"grve-row grve-bookmark grve-columns-gap-default grve-mobile-vertical-gap-30 grve-percentage-content\"><div class=\"grve-column wpb_column grve-bookmark grve-column-1  grve-with-bg-transparent grve-empty-column\"><div class=\"grve-column-wrapper\"><div class=\"grve-column-content\" ><\/div><\/div><\/div><\/div><\/div><div class=\"grve-background-wrapper\">  <div class=\"grve-bg-image grve-bg-image-id-9892 lazyload\"  data-bgset=\"https:\/\/papslogistics.com\/wp-content\/uploads\/Mise-a-disposition-1-1.jpg 2560w, https:\/\/papslogistics.com\/wp-content\/uploads\/Mise-a-disposition-1-1-300x194.jpg 300w, https:\/\/papslogistics.com\/wp-content\/uploads\/Mise-a-disposition-1-1-1024x662.jpg 1024w, https:\/\/papslogistics.com\/wp-content\/uploads\/Mise-a-disposition-1-1-768x497.jpg 768w, https:\/\/papslogistics.com\/wp-content\/uploads\/Mise-a-disposition-1-1-1536x993.jpg 1536w, https:\/\/papslogistics.com\/wp-content\/uploads\/Mise-a-disposition-1-1-1920x1241.jpg 1920w, https:\/\/papslogistics.com\/wp-content\/uploads\/Mise-a-disposition-1-1-600x388.jpg 600w\" data-sizes=\"auto\"><\/div><\/div><\/div><div class=\"grve-section grve-row-section grve-container-width grve-percentage-height grve-padding-top-1x grve-padding-bottom-1x grve-with-bg-image grve-desktop-row-hide grve-tablet-row-hide grve-tablet-sm-row-hide\" data-header-color=\"light\" data-height-ratio=\"70\"  style=\"background-color:#399ebf;\"><div class=\"grve-container\"><div class=\"grve-row grve-bookmark grve-columns-gap-default grve-mobile-vertical-gap-30 grve-percentage-content\"><div class=\"grve-column wpb_column grve-bookmark grve-column-1  grve-with-bg-transparent grve-empty-column\"><div class=\"grve-column-wrapper\"><div class=\"grve-column-content\" ><\/div><\/div><\/div><\/div><\/div><div class=\"grve-background-wrapper\">  <div class=\"grve-bg-image grve-bg-center-center grve-bg-image-id-9892 lazyload\"  data-bgset=\"https:\/\/papslogistics.com\/wp-content\/uploads\/Mise-a-disposition-1-1.jpg 2560w, https:\/\/papslogistics.com\/wp-content\/uploads\/Mise-a-disposition-1-1-300x194.jpg 300w, https:\/\/papslogistics.com\/wp-content\/uploads\/Mise-a-disposition-1-1-1024x662.jpg 1024w, https:\/\/papslogistics.com\/wp-content\/uploads\/Mise-a-disposition-1-1-768x497.jpg 768w, https:\/\/papslogistics.com\/wp-content\/uploads\/Mise-a-disposition-1-1-1536x993.jpg 1536w, https:\/\/papslogistics.com\/wp-content\/uploads\/Mise-a-disposition-1-1-1920x1241.jpg 1920w, https:\/\/papslogistics.com\/wp-content\/uploads\/Mise-a-disposition-1-1-600x388.jpg 600w\" data-sizes=\"auto\"><\/div><\/div><\/div><div class=\"grve-section grve-row-section grve-fullwidth-background grve-padding-top-4x grve-padding-bottom-4x grve-headings-white grve-with-bg-transparent\" id=\"tournee-reguliere\" data-header-color=\"light\"  style=\"color:#ffffff;\"><div class=\"grve-container\"><div class=\"grve-row grve-bookmark grve-columns-gap-default grve-mobile-vertical-gap-30\"><div class=\"grve-column wpb_column grve-bookmark grve-column-5-6  grve-with-bg-transparent\"  style=\"color:#000000;\"><div class=\"grve-column-wrapper\"><div class=\"grve-column-content\" ><h3 class=\"grve-element grve-title grve-align-inherit grve-subtitle-text grve-text-black\"><span>Automation<\/span><\/h3><h3 class=\"grve-element grve-title grve-align-inherit grve-h3 grve-text-black\"><span>How it works<\/span><\/h3><div class=\"grve-empty-space grve-height-1x\"><\/div><\/div><\/div><\/div><div class=\"grve-column wpb_column grve-bookmark grve-column-1-6  grve-with-bg-transparent grve-empty-column\"><div class=\"grve-column-wrapper\"><div class=\"grve-column-content\" ><\/div><\/div><\/div><div class=\"grve-column wpb_column grve-bookmark grve-column-1  grve-with-bg-transparent\"><div class=\"grve-column-wrapper\"><div class=\"grve-column-content\" ><div class=\"grve-inner-section grve-headings-white grve-with-bg-transparent grve-mobile-row-hide\"  style=\"color:#ffffff;\"><div class=\"grve-row-inner grve-bookmark grve-columns-gap-none\"><div class=\"grve-column-inner wpb_column grve-column-1-3 grve-wpb-1662064676689 grve-with-bg-color grve-animated-item grve-clipping-animation\" data-delay=\"200\" data-duration=\"normal\" data-animation=\"clipping-up\"><div class=\"grve-column-wrapper-inner\"  style=\"background-color:#ffffff;\"><div class=\"grve-column-inner-content\" ><div class=\"grve-element grve-box-icon grve-small grve-top-icon grve-align-center\"><div class=\"grve-wrapper-icon\" style=\"\"><div id=\"grve-svg-69df365771377\" data-file=\"https:\/\/papslogistics.com\/wp-content\/uploads\/Fichier-14.svg\" class=\"grve-box-icon grve-custom-svg-icon grve-text-primary-2\"><\/div><\/div><div class=\"grve-box-content\"><h3 class=\"grve-box-title grve-body-text grve-text-primary-2\">Our client makes his request by providing us with information on the various delivery points, the days and times of collection and the nature of the products to be transported.<\/h3><\/div><\/div><\/div><\/div><\/div><div class=\"grve-column-inner wpb_column grve-column-1-3 grve-wpb-1666110765606 grve-with-bg-color grve-animated-item grve-clipping-animation\" data-delay=\"400\" data-duration=\"normal\" data-animation=\"clipping-down\"><div class=\"grve-column-wrapper-inner\"  style=\"background-color:#ffffff;\"><div class=\"grve-column-inner-content\" ><div class=\"grve-element grve-box-icon grve-small grve-top-icon grve-align-center\"><div class=\"grve-wrapper-icon\" style=\"\"><div id=\"grve-svg-69df365771cb6\" data-file=\"https:\/\/papslogistics.com\/wp-content\/uploads\/Fichier-10.svg\" class=\"grve-box-icon grve-custom-svg-icon grve-text-primary-2\"><\/div><\/div><div class=\"grve-box-content\"><h3 class=\"grve-box-title grve-body-text grve-text-primary-2\">Our operational team selects the appropriate papser(s) according to the type of vehicle required and their availability<\/h3><\/div><\/div><\/div><\/div><\/div><div class=\"grve-column-inner wpb_column grve-column-1-3 grve-wpb-1666110781485 grve-with-bg-color grve-animated-item grve-clipping-animation\" data-delay=\"600\" data-duration=\"normal\" data-animation=\"clipping-down\"><div class=\"grve-column-wrapper-inner\"  style=\"background-color:#ffffff;\"><div class=\"grve-column-inner-content\" ><div class=\"grve-element grve-box-icon grve-small grve-top-icon grve-align-center\"><div class=\"grve-wrapper-icon\" style=\"\"><div id=\"grve-svg-69df365772624\" data-file=\"https:\/\/papslogistics.com\/wp-content\/uploads\/Fichier-4.svg\" class=\"grve-box-icon grve-custom-svg-icon grve-text-primary-2\"><\/div><\/div><div class=\"grve-box-content\"><h3 class=\"grve-box-title grve-body-text grve-text-primary-2\">Our papser starts the mission and carries it out on a regular basis.<\/h3><\/div><\/div><\/div><\/div><\/div><\/div><\/div><div class=\"grve-inner-section grve-headings-white grve-with-bg-transparent grve-desktop-row-hide grve-tablet-row-hide grve-tablet-sm-row-hide\"  style=\"color:#ffffff;\"><div class=\"grve-row-inner grve-bookmark grve-columns-gap-none\"><div class=\"grve-column-inner wpb_column grve-column-1-3 grve-wpb-1662064676689 grve-with-bg-color grve-animated-item grve-clipping-animation\" data-delay=\"200\" data-duration=\"normal\" data-animation=\"clipping-up\"><div class=\"grve-column-wrapper-inner\"  style=\"background-color:#ffffff;\"><div class=\"grve-column-inner-content\" ><div class=\"grve-element grve-box-icon grve-small grve-top-icon grve-align-center\"><div class=\"grve-wrapper-icon\" style=\"\"><div id=\"grve-svg-69df365772cd2\" data-file=\"https:\/\/papslogistics.com\/wp-content\/uploads\/Fichier-14.svg\" class=\"grve-box-icon grve-custom-svg-icon grve-text-primary-2\"><\/div><\/div><div class=\"grve-box-content\"><h3 class=\"grve-box-title grve-body-text grve-text-primary-2\">Our client makes his request by providing us with information on the various delivery points, the days and times of collection and the nature of the products to be transported.<\/h3><\/div><\/div><\/div><\/div><\/div><div class=\"grve-column-inner wpb_column grve-column-1-3 grve-wpb-1666110765606 grve-with-bg-color grve-animated-item grve-clipping-animation\" data-delay=\"400\" data-duration=\"normal\" data-animation=\"clipping-down\"><div class=\"grve-column-wrapper-inner\"  style=\"background-color:#ffffff;\"><div class=\"grve-column-inner-content\" ><div class=\"grve-element grve-box-icon grve-small grve-top-icon grve-align-center\"><div class=\"grve-wrapper-icon\" style=\"\"><div id=\"grve-svg-69df3657730c5\" data-file=\"https:\/\/papslogistics.com\/wp-content\/uploads\/Fichier-10.svg\" class=\"grve-box-icon grve-custom-svg-icon grve-text-primary-2\"><\/div><\/div><div class=\"grve-box-content\"><h3 class=\"grve-box-title grve-body-text grve-text-primary-2\">Our operational team selects the appropriate papser(s) according to the type of vehicle required and their availability<\/h3><\/div><\/div><\/div><\/div><\/div><div class=\"grve-column-inner wpb_column grve-column-1-3 grve-wpb-1666867820277 grve-with-bg-color grve-animated-item grve-clipping-animation\" data-delay=\"600\" data-duration=\"normal\" data-animation=\"clipping-down\"><div class=\"grve-column-wrapper-inner\"  style=\"background-color:#ffffff;\"><div class=\"grve-column-inner-content\" ><div class=\"grve-element grve-box-icon grve-small grve-top-icon grve-align-center\"><div class=\"grve-wrapper-icon\" style=\"\"><div id=\"grve-svg-69df3657734a3\" data-file=\"https:\/\/papslogistics.com\/wp-content\/uploads\/Fichier-4.svg\" class=\"grve-box-icon grve-custom-svg-icon grve-text-primary-2\"><\/div><\/div><div class=\"grve-box-content\"><h3 class=\"grve-box-title grve-body-text grve-text-primary-2\">Our papser starts the mission and carries it out on a regular basis.<\/h3><\/div><\/div><\/div><\/div><\/div><\/div><\/div><\/div><\/div><\/div><\/div><\/div><\/div>","protected":false},"excerpt":{"rendered":"La tourn\u00e9e r\u00e9guli\u00e8re Tourn\u00e9e r\u00e9guli\u00e8re Notre service de tourn\u00e9e r\u00e9guli\u00e8re g\u00e8re les courses habituelles, les navettes inter-sites, les tourn\u00e9es de livraisons ou de collectes quotidiennes de nos clients programm\u00e9es \u00e0 l\u2019avance. Gr\u00e2ce \u00e0 ce service, nous optimisons le transport r\u00e9gulier des documents, colis et produits de mani\u00e8re simple, efficace et surtout \u00e9conomique. La tourn\u00e9e permet [...]","protected":false},"author":1,"featured_media":0,"parent":5997,"menu_order":0,"comment_status":"closed","ping_status":"closed","template":"","meta":{"footnotes":""},"class_list":["post-12350","page","type-page","status-publish","hentry","grve-entry-item"],"yoast_head":"<!-- This site is optimized with the Yoast SEO plugin v25.6 - https:\/\/yoast.com\/wordpress\/plugins\/seo\/ -->\n<title>La tourn\u00e9e r\u00e9guli\u00e8re au S\u00e9n\u00e9gal - Paps Logistique<\/title>\n<meta name=\"robots\" content=\"index, follow, max-snippet:-1, max-image-preview:large, max-video-preview:-1\" \/>\n<link rel=\"canonical\" href=\"https:\/\/papslogistics.com\/en\/senegal\/sn-tournee-reguliere\/\" \/>\n<meta property=\"og:locale\" content=\"en_GB\" \/>\n<meta property=\"og:type\" content=\"article\" \/>\n<meta property=\"og:title\" content=\"La tourn\u00e9e r\u00e9guli\u00e8re au S\u00e9n\u00e9gal - Paps Logistique\" \/>\n<meta property=\"og:url\" content=\"https:\/\/papslogistics.com\/en\/senegal\/sn-tournee-reguliere\/\" \/>\n<meta property=\"og:site_name\" content=\"Paps Logistique\" \/>\n<meta property=\"article:modified_time\" content=\"2022-10-28T12:47:52+00:00\" \/>\n<meta name=\"twitter:card\" content=\"summary_large_image\" \/>\n<meta name=\"twitter:label1\" content=\"Est. reading time\" \/>\n\t<meta name=\"twitter:data1\" content=\"6 minutes\" \/>\n<script type=\"application\/ld+json\" class=\"yoast-schema-graph\">{\"@context\":\"https:\/\/schema.org\",\"@graph\":[{\"@type\":\"WebPage\",\"@id\":\"https:\/\/papslogistics.com\/senegal\/sn-tournee-reguliere\/\",\"url\":\"https:\/\/papslogistics.com\/senegal\/sn-tournee-reguliere\/\",\"name\":\"La tourn\u00e9e r\u00e9guli\u00e8re au S\u00e9n\u00e9gal - Paps Logistique\",\"isPartOf\":{\"@id\":\"https:\/\/papslogistics.com\/#website\"},\"datePublished\":\"2022-10-28T12:46:05+00:00\",\"dateModified\":\"2022-10-28T12:47:52+00:00\",\"breadcrumb\":{\"@id\":\"https:\/\/papslogistics.com\/senegal\/sn-tournee-reguliere\/#breadcrumb\"},\"inLanguage\":\"en-GB\",\"potentialAction\":[{\"@type\":\"ReadAction\",\"target\":[\"https:\/\/papslogistics.com\/senegal\/sn-tournee-reguliere\/\"]}]},{\"@type\":\"BreadcrumbList\",\"@id\":\"https:\/\/papslogistics.com\/senegal\/sn-tournee-reguliere\/#breadcrumb\",\"itemListElement\":[{\"@type\":\"ListItem\",\"position\":1,\"name\":\"Home\",\"item\":\"https:\/\/papslogistics.com\/\"},{\"@type\":\"ListItem\",\"position\":2,\"name\":\"S\u00e9n\u00e9gal\",\"item\":\"https:\/\/papslogistics.com\/senegal\/\"},{\"@type\":\"ListItem\",\"position\":3,\"name\":\"La tourn\u00e9e r\u00e9guli\u00e8re au S\u00e9n\u00e9gal\"}]},{\"@type\":\"WebSite\",\"@id\":\"https:\/\/papslogistics.com\/#website\",\"url\":\"https:\/\/papslogistics.com\/\",\"name\":\"Paps Logistique\",\"description\":\"Une exp\u00e9rience de logistique unique\",\"potentialAction\":[{\"@type\":\"SearchAction\",\"target\":{\"@type\":\"EntryPoint\",\"urlTemplate\":\"https:\/\/papslogistics.com\/?s={search_term_string}\"},\"query-input\":{\"@type\":\"PropertyValueSpecification\",\"valueRequired\":true,\"valueName\":\"search_term_string\"}}],\"inLanguage\":\"en-GB\"}]}<\/script>\n<!-- \/ Yoast SEO plugin. -->","yoast_head_json":{"title":"La tourn\u00e9e r\u00e9guli\u00e8re au S\u00e9n\u00e9gal - Paps Logistique","robots":{"index":"index","follow":"follow","max-snippet":"max-snippet:-1","max-image-preview":"max-image-preview:large","max-video-preview":"max-video-preview:-1"},"canonical":"https:\/\/papslogistics.com\/en\/senegal\/sn-tournee-reguliere\/","og_locale":"en_GB","og_type":"article","og_title":"La tourn\u00e9e r\u00e9guli\u00e8re au S\u00e9n\u00e9gal - Paps Logistique","og_url":"https:\/\/papslogistics.com\/en\/senegal\/sn-tournee-reguliere\/","og_site_name":"Paps Logistique","article_modified_time":"2022-10-28T12:47:52+00:00","twitter_card":"summary_large_image","twitter_misc":{"Est. reading time":"6 minutes"},"schema":{"@context":"https:\/\/schema.org","@graph":[{"@type":"WebPage","@id":"https:\/\/papslogistics.com\/senegal\/sn-tournee-reguliere\/","url":"https:\/\/papslogistics.com\/senegal\/sn-tournee-reguliere\/","name":"La tourn\u00e9e r\u00e9guli\u00e8re au S\u00e9n\u00e9gal - Paps Logistique","isPartOf":{"@id":"https:\/\/papslogistics.com\/#website"},"datePublished":"2022-10-28T12:46:05+00:00","dateModified":"2022-10-28T12:47:52+00:00","breadcrumb":{"@id":"https:\/\/papslogistics.com\/senegal\/sn-tournee-reguliere\/#breadcrumb"},"inLanguage":"en-GB","potentialAction":[{"@type":"ReadAction","target":["https:\/\/papslogistics.com\/senegal\/sn-tournee-reguliere\/"]}]},{"@type":"BreadcrumbList","@id":"https:\/\/papslogistics.com\/senegal\/sn-tournee-reguliere\/#breadcrumb","itemListElement":[{"@type":"ListItem","position":1,"name":"Home","item":"https:\/\/papslogistics.com\/"},{"@type":"ListItem","position":2,"name":"S\u00e9n\u00e9gal","item":"https:\/\/papslogistics.com\/senegal\/"},{"@type":"ListItem","position":3,"name":"La tourn\u00e9e r\u00e9guli\u00e8re au S\u00e9n\u00e9gal"}]},{"@type":"WebSite","@id":"https:\/\/papslogistics.com\/#website","url":"https:\/\/papslogistics.com\/","name":"Paps Logistique","description":"An unparalleled logistic experience","potentialAction":[{"@type":"SearchAction","target":{"@type":"EntryPoint","urlTemplate":"https:\/\/papslogistics.com\/?s={search_term_string}"},"query-input":{"@type":"PropertyValueSpecification","valueRequired":true,"valueName":"search_term_string"}}],"inLanguage":"en-GB"}]}},"_links":{"self":[{"href":"https:\/\/papslogistics.com\/en\/wp-json\/wp\/v2\/pages\/12350","targetHints":{"allow":["GET"]}}],"collection":[{"href":"https:\/\/papslogistics.com\/en\/wp-json\/wp\/v2\/pages"}],"about":[{"href":"https:\/\/papslogistics.com\/en\/wp-json\/wp\/v2\/types\/page"}],"author":[{"embeddable":true,"href":"https:\/\/papslogistics.com\/en\/wp-json\/wp\/v2\/users\/1"}],"replies":[{"embeddable":true,"href":"https:\/\/papslogistics.com\/en\/wp-json\/wp\/v2\/comments?post=12350"}],"version-history":[{"count":0,"href":"https:\/\/papslogistics.com\/en\/wp-json\/wp\/v2\/pages\/12350\/revisions"}],"up":[{"embeddable":true,"href":"https:\/\/papslogistics.com\/en\/wp-json\/wp\/v2\/pages\/5997"}],"wp:attachment":[{"href":"https:\/\/papslogistics.com\/en\/wp-json\/wp\/v2\/media?parent=12350"}],"curies":[{"name":"wp","href":"https:\/\/api.w.org\/{rel}","templated":true}]}}