{"id":12339,"date":"2022-10-28T12:09:20","date_gmt":"2022-10-28T12:09:20","guid":{"rendered":"https:\/\/papslogistics.com\/?page_id=12339"},"modified":"2022-10-28T12:13:41","modified_gmt":"2022-10-28T12:13:41","slug":"sn-messagerie","status":"publish","type":"page","link":"https:\/\/papslogistics.com\/en\/senegal\/sn-messagerie\/","title":{"rendered":"La Messagerie au S\u00e9n\u00e9gal"},"content":{"rendered":"<div class=\"grve-section grve-row-section grve-fullwidth-background grve-padding-bottom-2x grve-with-bg-image grve-mobile-row-hide\" data-header-color=\"default\"  style=\"background-color:#399ebf;\"><div class=\"grve-container\"><div class=\"grve-row grve-bookmark grve-columns-gap-default grve-mobile-vertical-gap-30\"><div class=\"grve-column wpb_column grve-bookmark grve-column-1 grve-wpb-1666556892972 grve-tablet-sm-column-1 grve-with-bg-transparent\"><div class=\"grve-column-wrapper\"><div class=\"grve-column-content\" ><h1 class=\"grve-element grve-title grve-align-center grve-feature-title grve-text-white\" style=\"margin-bottom: 30px;\"><span>Dispatch<\/span><\/h1><\/div><\/div><\/div><\/div><\/div><div class=\"grve-background-wrapper\">  <div class=\"grve-bg-image grve-bg-center-center grve-bg-image-id-10086 lazyload\"  data-bgset=\"https:\/\/papslogistics.com\/wp-content\/uploads\/home-background.jpg 2048w, https:\/\/papslogistics.com\/wp-content\/uploads\/home-background-300x204.jpg 300w, https:\/\/papslogistics.com\/wp-content\/uploads\/home-background-1024x696.jpg 1024w, https:\/\/papslogistics.com\/wp-content\/uploads\/home-background-768x522.jpg 768w, https:\/\/papslogistics.com\/wp-content\/uploads\/home-background-1536x1043.jpg 1536w, https:\/\/papslogistics.com\/wp-content\/uploads\/home-background-1920x1304.jpg 1920w, https:\/\/papslogistics.com\/wp-content\/uploads\/home-background-600x408.jpg 600w\" data-sizes=\"auto\"><\/div><\/div><\/div><div class=\"grve-section grve-row-section grve-fullwidth-background grve-padding-bottom-2x grve-with-bg-image grve-desktop-row-hide grve-tablet-row-hide grve-tablet-sm-row-hide\" data-header-color=\"default\"  style=\"background-color:#399ebf;\"><div class=\"grve-container\"><div class=\"grve-row grve-bookmark grve-columns-gap-default grve-mobile-vertical-gap-30\"><div class=\"grve-column wpb_column grve-bookmark grve-column-1 grve-wpb-1666556892972 grve-tablet-sm-column-1 grve-with-bg-transparent\"><div class=\"grve-column-wrapper\"><div class=\"grve-column-content\" ><h1 class=\"grve-element grve-title grve-align-center grve-h3 grve-text-white\" style=\"margin-bottom: 30px;\"><span>Dispatch<\/span><\/h1><\/div><\/div><\/div><\/div><\/div><div class=\"grve-background-wrapper\">  <div class=\"grve-bg-image grve-bg-center-center grve-bg-image-id-10086 lazyload\"  data-bgset=\"https:\/\/papslogistics.com\/wp-content\/uploads\/home-background.jpg 2048w, https:\/\/papslogistics.com\/wp-content\/uploads\/home-background-300x204.jpg 300w, https:\/\/papslogistics.com\/wp-content\/uploads\/home-background-1024x696.jpg 1024w, https:\/\/papslogistics.com\/wp-content\/uploads\/home-background-768x522.jpg 768w, https:\/\/papslogistics.com\/wp-content\/uploads\/home-background-1536x1043.jpg 1536w, https:\/\/papslogistics.com\/wp-content\/uploads\/home-background-1920x1304.jpg 1920w, https:\/\/papslogistics.com\/wp-content\/uploads\/home-background-600x408.jpg 600w\" data-sizes=\"auto\"><\/div><\/div><\/div><div class=\"grve-section grve-row-section grve-fullwidth-background grve-with-bg-transparent\" data-header-color=\"default\"><div class=\"grve-container\"><div class=\"grve-row grve-bookmark grve-columns-gap-default grve-mobile-vertical-gap-30\"><div class=\"grve-column wpb_column grve-bookmark grve-column-1 grve-wpb-1599199444770 grve-with-bg-transparent\"><div class=\"grve-column-wrapper\"><div class=\"grve-column-content\" ><div class=\"grve-inner-section grve-with-bg-transparent\"><div class=\"grve-row-inner grve-bookmark grve-columns-gap-default grve-mobile-vertical-gap-30\"><div class=\"grve-column-inner wpb_column grve-column-1  grve-with-bg-transparent\"><div class=\"grve-column-wrapper-inner\"><div class=\"grve-column-inner-content\" ><div data-clipping-color=\"white\" data-animation=\"colored-clipping-up\" data-delay=\"200\" data-duration=\"normal\" class=\"grve-element grve-image grve-align-center grve-clipping-animation grve-advanced-animation grve-colored-clipping grve-animated-item grve-image-space-100 grve-image-expand-width\">\r\n\t<div class=\"grve-image-item\">\r\n\t\t\r\n\r\n<div class=\"grve-image-wrapper grve-radius-5 grve-no-effect\">\r\n\t\t<div class=\"grve-thumbnail-wrapper\"><div class=\"grve-thumbnail\"  style=\"padding-top: 55.573%;\"><img fetchpriority=\"high\" decoding=\"async\" width=\"1920\" height=\"1067\" src=\"https:\/\/papslogistics.com\/wp-content\/uploads\/Paps-Messagerie-5.jpg\" class=\"attachment-impeka-grve-fullscreen size-impeka-grve-fullscreen\" alt=\"\" data-column-space=\"100\" data-lazyload=\"off\" data-grve-filter=\"yes\" srcset=\"https:\/\/papslogistics.com\/wp-content\/uploads\/Paps-Messagerie-5.jpg 1920w, https:\/\/papslogistics.com\/wp-content\/uploads\/Paps-Messagerie-5-300x167.jpg 300w, https:\/\/papslogistics.com\/wp-content\/uploads\/Paps-Messagerie-5-1024x569.jpg 1024w, https:\/\/papslogistics.com\/wp-content\/uploads\/Paps-Messagerie-5-768x427.jpg 768w, https:\/\/papslogistics.com\/wp-content\/uploads\/Paps-Messagerie-5-1536x854.jpg 1536w, https:\/\/papslogistics.com\/wp-content\/uploads\/Paps-Messagerie-5-600x333.jpg 600w\" sizes=\"(max-width: 1920px) 100vw, 1920px\" \/><\/div><\/div>\t<\/div>\r\n\t<\/div>\r\n<\/div>\r\n<\/div><\/div><\/div><\/div><\/div><\/div><\/div><\/div><\/div><\/div><\/div><div class=\"grve-section grve-row-section grve-fullwidth-background grve-padding-top-4x grve-padding-bottom-4x grve-with-bg-transparent\" data-header-color=\"default\"><div class=\"grve-container\"><div class=\"grve-row grve-bookmark grve-columns-gap-default grve-mobile-vertical-gap-30\"><div class=\"grve-column wpb_column grve-bookmark grve-column-1-6  grve-tablet-column-1-6 grve-tablet-sm-column-1-12 grve-with-bg-transparent grve-empty-column\"><div class=\"grve-column-wrapper\"><div class=\"grve-column-content\" ><\/div><\/div><\/div><div class=\"grve-column wpb_column grve-bookmark grve-column-2-3  grve-tablet-column-2-3 grve-tablet-sm-column-3-4 grve-with-bg-transparent messagerie\"><div class=\"grve-column-wrapper\"><div class=\"grve-column-content\" ><h3 data-clipping-color=\"black\" data-animation=\"colored-clipping-left\" data-delay=\"200\" data-duration=\"normal\" class=\"grve-element grve-title grve-align-inherit grve-clipping-animation grve-advanced-animation grve-colored-clipping grve-animated-item grve-subtitle-text\" style=\"margin-bottom: 30px;\"><span>Dispatch<\/span><\/h3><h3 class=\"grve-element grve-animated-text grve-animated-item grve-align-inherit grve-h4 grve-style-2\" data-style=\"style-2\" data-delay=\"200\" data-duration=\"fast\"><span class=\"grve-animated-entry\"><span class=\"grve-line\">Dispatch is our solution that facilitates transporting or chartering a parcel, mail or goods expressly at the urban or national level.<\/span><\/span><\/h3><div class=\"grve-inner-section grve-with-bg-transparent\"><div class=\"grve-row-inner grve-bookmark grve-columns-gap-60 grve-mobile-vertical-gap-30\"><div class=\"grve-column-inner wpb_column grve-column-1  grve-with-bg-transparent\"><div class=\"grve-column-wrapper-inner\"><div class=\"grve-column-inner-content\" ><div class=\"grve-element grve-text grve-page-description grve-animated-item\" data-animation=\"fade-in-up\" data-delay=\"200\" data-duration=\"normal\">\r\n\t\t\t<p>We have a large network of trained PAPSERS to ensure the flawless execution of our courier missions and satisfy the demands of our clients. We also maintain a multimodal fleet of scooters, mini-vans, vans and trucks, which enables us to scale the particularities and expectations relating to each mission and of each Paps client.<\/p>\n\r\n\t\t<\/div>\r\n\t<div class=\"grve-empty-space grve-height-1x\"><\/div><div class=\"grve-element grve-text grve-page-description grve-animated-item\" data-animation=\"fade-in-up\" data-delay=\"300\" data-duration=\"normal\">\r\n\t\t\t<p>Through pooled and scheduled shipments, we also offer you the possibility of sending your parcels, letters or goods at unbeatable prices.<\/p>\n\r\n\t\t<\/div>\r\n\t<div class=\"grve-empty-space grve-height-2x\"><\/div><div class=\"grve-element grve-align-inherit grve-fullwidth-button\"><a href=\"#messagerie\" class=\"grve-btn grve-square grve-bg-primary-3 grve-border-primary-3 grve-bg-hover-primary-2 grve-border-hover-primary-2 grve-pulse grve-text-white grve-text-hover-white grve-btn-large grve-fullwidth-btn grve-fluid-btn-medium\">\r\n\t\t<span>Learn more<\/span>\r\n\t\t\t\t\t\t\t<\/a><\/div><\/div><\/div><\/div><\/div><\/div><\/div><\/div><\/div><div class=\"grve-column wpb_column grve-bookmark grve-column-1-6  grve-with-bg-transparent grve-empty-column\"><div class=\"grve-column-wrapper\"><div class=\"grve-column-content\" ><\/div><\/div><\/div><\/div><\/div><\/div><div class=\"grve-section grve-row-section grve-fullwidth-background grve-percentage-height grve-padding-top-1x grve-padding-bottom-1x grve-with-bg-image grve-bg-parallax grve-mobile-row-hide\" data-header-color=\"light\" data-parallax-threshold=\"0.3\" data-height-ratio=\"70\"  style=\"background-color:#399ebf;\"><div class=\"grve-container\"><div class=\"grve-row grve-bookmark grve-columns-gap-default grve-mobile-vertical-gap-30 grve-percentage-content\"><div class=\"grve-column wpb_column grve-bookmark grve-column-1  grve-with-bg-transparent grve-empty-column\"><div class=\"grve-column-wrapper\"><div class=\"grve-column-content\" ><\/div><\/div><\/div><\/div><\/div><div class=\"grve-background-wrapper\">  <div class=\"grve-bg-image grve-bg-image-id-11996 lazyload\"  data-bgset=\"https:\/\/papslogistics.com\/wp-content\/uploads\/Paps-Messagerie-.jpg 1920w, https:\/\/papslogistics.com\/wp-content\/uploads\/Paps-Messagerie--300x167.jpg 300w, https:\/\/papslogistics.com\/wp-content\/uploads\/Paps-Messagerie--1024x569.jpg 1024w, https:\/\/papslogistics.com\/wp-content\/uploads\/Paps-Messagerie--768x427.jpg 768w, https:\/\/papslogistics.com\/wp-content\/uploads\/Paps-Messagerie--1536x854.jpg 1536w, https:\/\/papslogistics.com\/wp-content\/uploads\/Paps-Messagerie--600x333.jpg 600w\" data-sizes=\"auto\"><\/div><\/div><\/div><div class=\"grve-section grve-row-section grve-container-width grve-percentage-height grve-padding-top-1x grve-padding-bottom-1x grve-with-bg-image grve-desktop-row-hide grve-tablet-row-hide grve-tablet-sm-row-hide\" data-header-color=\"light\" data-height-ratio=\"100\"  style=\"background-color:#399ebf;\"><div class=\"grve-container\"><div class=\"grve-row grve-bookmark grve-columns-gap-default grve-mobile-vertical-gap-30 grve-percentage-content\"><div class=\"grve-column wpb_column grve-bookmark grve-column-1  grve-with-bg-transparent grve-empty-column\"><div class=\"grve-column-wrapper\"><div class=\"grve-column-content\" ><\/div><\/div><\/div><\/div><\/div><div class=\"grve-background-wrapper\">  <div class=\"grve-bg-image grve-bg-center-center grve-bg-image-id-11996 lazyload\"  data-bgset=\"https:\/\/papslogistics.com\/wp-content\/uploads\/Paps-Messagerie-.jpg 1920w, https:\/\/papslogistics.com\/wp-content\/uploads\/Paps-Messagerie--300x167.jpg 300w, https:\/\/papslogistics.com\/wp-content\/uploads\/Paps-Messagerie--1024x569.jpg 1024w, https:\/\/papslogistics.com\/wp-content\/uploads\/Paps-Messagerie--768x427.jpg 768w, https:\/\/papslogistics.com\/wp-content\/uploads\/Paps-Messagerie--1536x854.jpg 1536w, https:\/\/papslogistics.com\/wp-content\/uploads\/Paps-Messagerie--600x333.jpg 600w\" data-sizes=\"auto\"><\/div><\/div><\/div><div class=\"grve-section grve-row-section grve-fullwidth-background grve-padding-top-4x grve-padding-bottom-4x grve-headings-white grve-with-bg-transparent\" id=\"messagerie\" data-header-color=\"light\"  style=\"color:#ffffff;\"><div class=\"grve-container\"><div class=\"grve-row grve-bookmark grve-columns-gap-default grve-mobile-vertical-gap-30\"><div class=\"grve-column wpb_column grve-bookmark grve-column-5-6  grve-with-bg-transparent\"><div class=\"grve-column-wrapper\"><div class=\"grve-column-content\" ><h3 class=\"grve-element grve-title grve-align-inherit grve-subtitle-text grve-text-black\"><span>Dispatch<\/span><\/h3><h3 class=\"grve-element grve-title grve-align-inherit grve-h3 grve-text-black\"><span>How it works<\/span><\/h3><div class=\"grve-element grve-text grve-leader-text\">\r\n\t\t\t<p>User experience is our top priority. The clean and contemporary interface of Impeka is the premium in ensuring your seamless user navigation and journey from start to finish.<\/p>\n\r\n\t\t<\/div>\r\n\t<div class=\"grve-empty-space grve-height-1x\"><\/div><\/div><\/div><\/div><div class=\"grve-column wpb_column grve-bookmark grve-column-1-6  grve-with-bg-transparent grve-empty-column\"><div class=\"grve-column-wrapper\"><div class=\"grve-column-content\" ><\/div><\/div><\/div><div class=\"grve-column wpb_column grve-bookmark grve-column-1  grve-with-bg-transparent\"><div class=\"grve-column-wrapper\"><div class=\"grve-column-content\" ><div class=\"grve-inner-section grve-headings-white grve-with-bg-transparent\"  style=\"color:#ffffff;\"><div class=\"grve-row-inner grve-bookmark grve-columns-gap-none\"><div class=\"grve-column-inner wpb_column grve-column-1-4 grve-wpb-1662068008677 grve-with-bg-color grve-animated-item grve-clipping-animation\" data-delay=\"200\" data-duration=\"normal\" data-animation=\"clipping-up\"><div class=\"grve-column-wrapper-inner\"  style=\"background-color:#ffffff;\"><div class=\"grve-column-inner-content\" ><div class=\"grve-element grve-box-icon grve-small grve-top-icon grve-align-center\"><div class=\"grve-wrapper-icon\" style=\"\"><div id=\"grve-svg-69d6987bc5914\" data-file=\"https:\/\/papslogistics.com\/wp-content\/uploads\/Fichier-14.svg\" class=\"grve-box-icon grve-custom-svg-icon grve-text-primary-2\"><\/div><\/div><div class=\"grve-box-content\"><h3 class=\"grve-box-title grve-body-text grve-text-primary-2\">You make a detailed request via our MyPaps platform or a quote.<\/h3><\/div><\/div><\/div><\/div><\/div><div class=\"grve-column-inner wpb_column grve-column-1-4 grve-wpb-1666111081621 grve-with-bg-color grve-animated-item grve-clipping-animation\" data-delay=\"400\" data-duration=\"normal\" data-animation=\"clipping-down\"><div class=\"grve-column-wrapper-inner\"  style=\"background-color:#ffffff;\"><div class=\"grve-column-inner-content\" ><div class=\"grve-element grve-box-icon grve-small grve-top-icon grve-align-center\"><div class=\"grve-wrapper-icon\" style=\"\"><div id=\"grve-svg-69d6987bc63cd\" data-file=\"https:\/\/papslogistics.com\/wp-content\/uploads\/Fichier-10.svg\" class=\"grve-box-icon grve-custom-svg-icon grve-text-primary-2\"><\/div><\/div><div class=\"grve-box-content\"><h3 class=\"grve-box-title grve-body-text grve-text-primary-2\">Our operations team schedules the collection of the package, mail or merchandise from you<\/h3><\/div><\/div><\/div><\/div><\/div><div class=\"grve-column-inner wpb_column grve-column-1-4 grve-wpb-1666111093233 grve-with-bg-color grve-animated-item grve-clipping-animation\" data-delay=\"600\" data-duration=\"normal\" data-animation=\"clipping-down\"><div class=\"grve-column-wrapper-inner\"  style=\"background-color:#ffffff;\"><div class=\"grve-column-inner-content\" ><div class=\"grve-element grve-box-icon grve-small grve-top-icon grve-align-center\"><div class=\"grve-wrapper-icon\" style=\"\"><div id=\"grve-svg-69d6987bc6f43\" data-file=\"https:\/\/papslogistics.com\/wp-content\/uploads\/Fichier-4.svg\" class=\"grve-box-icon grve-custom-svg-icon grve-text-primary-2\"><\/div><\/div><div class=\"grve-box-content\"><h3 class=\"grve-box-title grve-body-text grve-text-primary-2\">Our Papser will pick up the package, mail or merchandise<\/h3><\/div><\/div><\/div><\/div><\/div><div class=\"grve-column-inner wpb_column grve-column-1-4 grve-wpb-1662064714071 grve-with-bg-color grve-animated-item grve-clipping-animation\" data-delay=\"400\" data-duration=\"normal\" data-animation=\"clipping-up\"><div class=\"grve-column-wrapper-inner\"  style=\"background-color:#ffffff;\"><div class=\"grve-column-inner-content\" ><div class=\"grve-element grve-box-icon grve-small grve-top-icon grve-align-center\"><div class=\"grve-wrapper-icon\" style=\"\"><div id=\"grve-svg-69d6987bc79a7\" data-file=\"https:\/\/papslogistics.com\/wp-content\/uploads\/Fichier-1.svg\" class=\"grve-box-icon grve-custom-svg-icon grve-text-primary-2\"><\/div><\/div><div class=\"grve-box-content\"><h3 class=\"grve-box-title grve-body-text grve-text-primary-2\">Your shipment dispatch is scheduled by our operations team<\/h3><\/div><\/div><\/div><\/div><\/div><\/div><\/div><div class=\"grve-inner-section grve-with-bg-transparent\"><div class=\"grve-row-inner grve-bookmark grve-columns-gap-default grve-mobile-vertical-gap-30\"><div class=\"grve-column-inner wpb_column grve-column-1-12  grve-with-bg-color grve-empty-column\"><div class=\"grve-column-wrapper-inner\"><div class=\"grve-column-inner-content\" ><\/div><\/div><\/div><div class=\"grve-column-inner wpb_column grve-column-5-6 grve-wpb-1666111104964 grve-with-bg-transparent\"  style=\"color:#000000;\"><div class=\"grve-column-wrapper-inner\"><div class=\"grve-column-inner-content\" ><div class=\"grve-element grve-text grve-page-description\">\r\n\t\t\t<p>When a delivery request is made before 11:00 am, the package is dispatched the same day. However, when the request is made after 11:00 am, the package is dispatched the morning of the next day.<\/p>\n<p>The different stages of this procedure are visible to you the sender, on our MY PAPS platform. The recipient of the parcel also receives an update by SMS at each stage of the delivery.\nYou, the sender, can view each step of this process on our MY PAPS platform. Additionally, each step of the delivery process includes an SMS update for the parcel's recipient as well.<\/p>\n\r\n\t\t<\/div>\r\n\t<\/div><\/div><\/div><div class=\"grve-column-inner wpb_column grve-column-1-12  grve-with-bg-transparent grve-empty-column\"><div class=\"grve-column-wrapper-inner\"><div class=\"grve-column-inner-content\" ><\/div><\/div><\/div><\/div><\/div><\/div><\/div><\/div><\/div><\/div><\/div>","protected":false},"excerpt":{"rendered":"La messagerie La messagerie MessagerieLa messagerie est une solution qui consiste \u00e0 acheminer ou affr\u00e9ter un colis, un courrier ou une marchandise de mani\u00e8re expresse au niveau urbain ou national. Pour une parfaite ex\u00e9cution de nos missions de messagerie, nous disposons d\u2019un large r\u00e9seau de PAPSERS form\u00e9s pour r\u00e9pondre aux exigences de nos clients. Nous [...]","protected":false},"author":1,"featured_media":0,"parent":5997,"menu_order":0,"comment_status":"closed","ping_status":"closed","template":"","meta":{"footnotes":""},"class_list":["post-12339","page","type-page","status-publish","hentry","grve-entry-item"],"yoast_head":"<!-- This site is optimized with the Yoast SEO plugin v25.6 - https:\/\/yoast.com\/wordpress\/plugins\/seo\/ -->\n<title>La Messagerie au S\u00e9n\u00e9gal - Paps Logistique<\/title>\n<meta name=\"robots\" content=\"index, follow, max-snippet:-1, max-image-preview:large, max-video-preview:-1\" \/>\n<link rel=\"canonical\" href=\"https:\/\/papslogistics.com\/en\/senegal\/sn-messagerie\/\" \/>\n<meta property=\"og:locale\" content=\"en_GB\" \/>\n<meta property=\"og:type\" content=\"article\" \/>\n<meta property=\"og:title\" content=\"La Messagerie au S\u00e9n\u00e9gal - Paps Logistique\" \/>\n<meta property=\"og:url\" content=\"https:\/\/papslogistics.com\/en\/senegal\/sn-messagerie\/\" \/>\n<meta property=\"og:site_name\" content=\"Paps Logistique\" \/>\n<meta property=\"article:modified_time\" content=\"2022-10-28T12:13:41+00:00\" \/>\n<meta name=\"twitter:card\" content=\"summary_large_image\" \/>\n<meta name=\"twitter:label1\" content=\"Est. reading time\" \/>\n\t<meta name=\"twitter:data1\" content=\"5 minutes\" \/>\n<script type=\"application\/ld+json\" class=\"yoast-schema-graph\">{\"@context\":\"https:\/\/schema.org\",\"@graph\":[{\"@type\":\"WebPage\",\"@id\":\"https:\/\/papslogistics.com\/senegal\/sn-messagerie\/\",\"url\":\"https:\/\/papslogistics.com\/senegal\/sn-messagerie\/\",\"name\":\"La Messagerie au S\u00e9n\u00e9gal - Paps Logistique\",\"isPartOf\":{\"@id\":\"https:\/\/papslogistics.com\/#website\"},\"datePublished\":\"2022-10-28T12:09:20+00:00\",\"dateModified\":\"2022-10-28T12:13:41+00:00\",\"breadcrumb\":{\"@id\":\"https:\/\/papslogistics.com\/senegal\/sn-messagerie\/#breadcrumb\"},\"inLanguage\":\"en-GB\",\"potentialAction\":[{\"@type\":\"ReadAction\",\"target\":[\"https:\/\/papslogistics.com\/senegal\/sn-messagerie\/\"]}]},{\"@type\":\"BreadcrumbList\",\"@id\":\"https:\/\/papslogistics.com\/senegal\/sn-messagerie\/#breadcrumb\",\"itemListElement\":[{\"@type\":\"ListItem\",\"position\":1,\"name\":\"Home\",\"item\":\"https:\/\/papslogistics.com\/\"},{\"@type\":\"ListItem\",\"position\":2,\"name\":\"S\u00e9n\u00e9gal\",\"item\":\"https:\/\/papslogistics.com\/senegal\/\"},{\"@type\":\"ListItem\",\"position\":3,\"name\":\"La Messagerie au S\u00e9n\u00e9gal\"}]},{\"@type\":\"WebSite\",\"@id\":\"https:\/\/papslogistics.com\/#website\",\"url\":\"https:\/\/papslogistics.com\/\",\"name\":\"Paps Logistique\",\"description\":\"Une exp\u00e9rience de logistique unique\",\"potentialAction\":[{\"@type\":\"SearchAction\",\"target\":{\"@type\":\"EntryPoint\",\"urlTemplate\":\"https:\/\/papslogistics.com\/?s={search_term_string}\"},\"query-input\":{\"@type\":\"PropertyValueSpecification\",\"valueRequired\":true,\"valueName\":\"search_term_string\"}}],\"inLanguage\":\"en-GB\"}]}<\/script>\n<!-- \/ Yoast SEO plugin. -->","yoast_head_json":{"title":"La Messagerie au S\u00e9n\u00e9gal - Paps Logistique","robots":{"index":"index","follow":"follow","max-snippet":"max-snippet:-1","max-image-preview":"max-image-preview:large","max-video-preview":"max-video-preview:-1"},"canonical":"https:\/\/papslogistics.com\/en\/senegal\/sn-messagerie\/","og_locale":"en_GB","og_type":"article","og_title":"La Messagerie au S\u00e9n\u00e9gal - Paps Logistique","og_url":"https:\/\/papslogistics.com\/en\/senegal\/sn-messagerie\/","og_site_name":"Paps Logistique","article_modified_time":"2022-10-28T12:13:41+00:00","twitter_card":"summary_large_image","twitter_misc":{"Est. reading time":"5 minutes"},"schema":{"@context":"https:\/\/schema.org","@graph":[{"@type":"WebPage","@id":"https:\/\/papslogistics.com\/senegal\/sn-messagerie\/","url":"https:\/\/papslogistics.com\/senegal\/sn-messagerie\/","name":"La Messagerie au S\u00e9n\u00e9gal - Paps Logistique","isPartOf":{"@id":"https:\/\/papslogistics.com\/#website"},"datePublished":"2022-10-28T12:09:20+00:00","dateModified":"2022-10-28T12:13:41+00:00","breadcrumb":{"@id":"https:\/\/papslogistics.com\/senegal\/sn-messagerie\/#breadcrumb"},"inLanguage":"en-GB","potentialAction":[{"@type":"ReadAction","target":["https:\/\/papslogistics.com\/senegal\/sn-messagerie\/"]}]},{"@type":"BreadcrumbList","@id":"https:\/\/papslogistics.com\/senegal\/sn-messagerie\/#breadcrumb","itemListElement":[{"@type":"ListItem","position":1,"name":"Home","item":"https:\/\/papslogistics.com\/"},{"@type":"ListItem","position":2,"name":"S\u00e9n\u00e9gal","item":"https:\/\/papslogistics.com\/senegal\/"},{"@type":"ListItem","position":3,"name":"La Messagerie au S\u00e9n\u00e9gal"}]},{"@type":"WebSite","@id":"https:\/\/papslogistics.com\/#website","url":"https:\/\/papslogistics.com\/","name":"Paps Logistique","description":"An unparalleled logistic experience","potentialAction":[{"@type":"SearchAction","target":{"@type":"EntryPoint","urlTemplate":"https:\/\/papslogistics.com\/?s={search_term_string}"},"query-input":{"@type":"PropertyValueSpecification","valueRequired":true,"valueName":"search_term_string"}}],"inLanguage":"en-GB"}]}},"_links":{"self":[{"href":"https:\/\/papslogistics.com\/en\/wp-json\/wp\/v2\/pages\/12339","targetHints":{"allow":["GET"]}}],"collection":[{"href":"https:\/\/papslogistics.com\/en\/wp-json\/wp\/v2\/pages"}],"about":[{"href":"https:\/\/papslogistics.com\/en\/wp-json\/wp\/v2\/types\/page"}],"author":[{"embeddable":true,"href":"https:\/\/papslogistics.com\/en\/wp-json\/wp\/v2\/users\/1"}],"replies":[{"embeddable":true,"href":"https:\/\/papslogistics.com\/en\/wp-json\/wp\/v2\/comments?post=12339"}],"version-history":[{"count":0,"href":"https:\/\/papslogistics.com\/en\/wp-json\/wp\/v2\/pages\/12339\/revisions"}],"up":[{"embeddable":true,"href":"https:\/\/papslogistics.com\/en\/wp-json\/wp\/v2\/pages\/5997"}],"wp:attachment":[{"href":"https:\/\/papslogistics.com\/en\/wp-json\/wp\/v2\/media?parent=12339"}],"curies":[{"name":"wp","href":"https:\/\/api.w.org\/{rel}","templated":true}]}}